{"id":5590,"date":"2025-12-22T13:17:49","date_gmt":"2025-12-22T11:17:49","guid":{"rendered":"https:\/\/www.rocamar.es\/?post_type=product&#038;p=5590"},"modified":"2025-12-22T13:29:47","modified_gmt":"2025-12-22T11:29:47","slug":"ava","status":"publish","type":"product","link":"https:\/\/www.rocamar.es\/ca\/producte\/ava\/","title":{"rendered":"Ava"},"content":{"rendered":"<p id=\"tw-target-text\" class=\"tw-data-text tw-text-large tw-ta\" dir=\"ltr\" tabindex=\"-1\" role=\"text\" data-placeholder=\"Traducci\u00f3n\" data-ved=\"2ahUKEwiNmKOoidGRAxWvfqQEHSbXGHQQ3ewLegQIDBAW\" aria-label=\"Texto traducido: Partim de la caracter\u00edstica estructura multiforme de la pedra italiana Ceppo di Gr\u00e9 per crear un nou acabat en tons crema inexistent a la natura. Un disseny m\u00e9s c\u00e0lid especialment indicat per a grans superf\u00edcies de soleria o revestiment, tant en dissenys interiors com a exteriors.\"><span class=\"Y2IQFc\" lang=\"ca\">Partim de la caracter\u00edstica estructura multiforme de la pedra italiana Ceppo di Gr\u00e9 per crear un nou acabat en tons crema inexistent a la natura. Un disseny m\u00e9s c\u00e0lid especialment indicat per a grans superf\u00edcies de soleria o revestiment, tant en dissenys interiors com a exteriors.<\/span><\/p>\n","protected":false},"excerpt":{"rendered":"<p>Partim de la caracter\u00edstica estructura multiforme de la pedra italiana Ceppo di Gr\u00e9 per crear un nou acabat en tons crema inexistent a la natura. Un disseny m\u00e9s c\u00e0lid especialment indicat per a grans superf\u00edcies de soleria o revestiment, tant en dissenys interiors com a exteriors.<\/p>\n","protected":false},"featured_media":5596,"comment_status":"closed","ping_status":"closed","template":"","meta":{"_acf_changed":false},"brand":[93],"material":[111],"color":[82],"product_brand":[],"product_cat":[84],"product_tag":[],"class_list":{"2":"type-product","10":"product","11":"first","12":"instock","13":"purchasable","14":"product-type-simple"},"acf":[],"yoast_head":"<!-- This site is optimized with the Yoast SEO plugin v26.7 - https:\/\/yoast.com\/wordpress\/plugins\/seo\/ -->\n<title>Dekton Ava | Rocamar<\/title>\n<meta name=\"description\" content=\"Partim de la caracter\u00edstica estructura multiforme de la pedra italiana Ceppo di Gr\u00e9 per crear un nou acabat en tons crema inexistent a la natura. Un disseny m\u00e9s c\u00e0lid especialment indicat per a grans superf\u00edcies de soleria o revestiment, tant en dissenys interiors com a exteriors.\" \/>\n<meta name=\"robots\" content=\"index, follow, max-snippet:-1, max-image-preview:large, max-video-preview:-1\" \/>\n<link rel=\"canonical\" href=\"https:\/\/www.rocamar.es\/ca\/producte\/ava\/\" \/>\n<meta property=\"og:locale\" content=\"ca_ES\" \/>\n<meta property=\"og:type\" content=\"article\" \/>\n<meta property=\"og:title\" content=\"Dekton Kairos | Rocamar\" \/>\n<meta property=\"og:description\" content=\"Paleta crom\u00e0tica molt clara amb vetes grises molt p\u00e0l\u00b7lides. Lluminositat per a qualsevol aplicaci\u00f3.\" \/>\n<meta property=\"og:url\" content=\"https:\/\/www.rocamar.es\/ca\/producte\/ava\/\" \/>\n<meta property=\"og:site_name\" content=\"Rocamar\" \/>\n<meta property=\"article:modified_time\" content=\"2025-12-22T11:29:47+00:00\" \/>\n<meta property=\"og:image\" content=\"https:\/\/www.rocamar.es\/wp-content\/uploads\/2025\/12\/AVA-1024x640.jpg\" \/>\n\t<meta property=\"og:image:width\" content=\"1024\" \/>\n\t<meta property=\"og:image:height\" content=\"640\" \/>\n\t<meta property=\"og:image:type\" content=\"image\/jpeg\" \/>\n<meta name=\"twitter:card\" content=\"summary_large_image\" \/>\n<meta name=\"twitter:title\" content=\"Dekton Kairos | Rocamar\" \/>\n<meta name=\"twitter:description\" content=\"Paleta crom\u00e0tica molt clara amb vetes grises molt p\u00e0l\u00b7lides. Lluminositat per a qualsevol aplicaci\u00f3.\" \/>\n<meta name=\"twitter:label1\" content=\"Temps estimat de lectura\" \/>\n\t<meta name=\"twitter:data1\" content=\"1 minut\" \/>\n<script type=\"application\/ld+json\" class=\"yoast-schema-graph\">{\"@context\":\"https:\/\/schema.org\",\"@graph\":[{\"@type\":\"WebPage\",\"@id\":\"https:\/\/www.rocamar.es\/ca\/producte\/ava\/\",\"url\":\"https:\/\/www.rocamar.es\/ca\/producte\/ava\/\",\"name\":\"Dekton Ava | Rocamar\",\"isPartOf\":{\"@id\":\"https:\/\/www.rocamar.es\/#website\"},\"primaryImageOfPage\":{\"@id\":\"https:\/\/www.rocamar.es\/ca\/producte\/ava\/#primaryimage\"},\"image\":{\"@id\":\"https:\/\/www.rocamar.es\/ca\/producte\/ava\/#primaryimage\"},\"thumbnailUrl\":\"https:\/\/www.rocamar.es\/wp-content\/uploads\/2025\/12\/AVA.jpg\",\"datePublished\":\"2025-12-22T11:17:49+00:00\",\"dateModified\":\"2025-12-22T11:29:47+00:00\",\"description\":\"Partim de la caracter\u00edstica estructura multiforme de la pedra italiana Ceppo di Gr\u00e9 per crear un nou acabat en tons crema inexistent a la natura. Un disseny m\u00e9s c\u00e0lid especialment indicat per a grans superf\u00edcies de soleria o revestiment, tant en dissenys interiors com a exteriors.\",\"breadcrumb\":{\"@id\":\"https:\/\/www.rocamar.es\/ca\/producte\/ava\/#breadcrumb\"},\"inLanguage\":\"ca\",\"potentialAction\":[{\"@type\":\"ReadAction\",\"target\":[\"https:\/\/www.rocamar.es\/ca\/producte\/ava\/\"]}]},{\"@type\":\"ImageObject\",\"inLanguage\":\"ca\",\"@id\":\"https:\/\/www.rocamar.es\/ca\/producte\/ava\/#primaryimage\",\"url\":\"https:\/\/www.rocamar.es\/wp-content\/uploads\/2025\/12\/AVA.jpg\",\"contentUrl\":\"https:\/\/www.rocamar.es\/wp-content\/uploads\/2025\/12\/AVA.jpg\",\"width\":2800,\"height\":1750,\"caption\":\"Pietra Edition\"},{\"@type\":\"BreadcrumbList\",\"@id\":\"https:\/\/www.rocamar.es\/ca\/producte\/ava\/#breadcrumb\",\"itemListElement\":[{\"@type\":\"ListItem\",\"position\":1,\"name\":\"Home\",\"item\":\"https:\/\/www.rocamar.es\/ca\/\"},{\"@type\":\"ListItem\",\"position\":2,\"name\":\"Shop\",\"item\":\"https:\/\/www.rocamar.es\/ca\/shop\/\"},{\"@type\":\"ListItem\",\"position\":3,\"name\":\"Ava\"}]},{\"@type\":\"WebSite\",\"@id\":\"https:\/\/www.rocamar.es\/#website\",\"url\":\"https:\/\/www.rocamar.es\/\",\"name\":\"Rocamar\",\"description\":\"Rocas &amp; m\u00e1rmoles\",\"potentialAction\":[{\"@type\":\"SearchAction\",\"target\":{\"@type\":\"EntryPoint\",\"urlTemplate\":\"https:\/\/www.rocamar.es\/?s={search_term_string}\"},\"query-input\":{\"@type\":\"PropertyValueSpecification\",\"valueRequired\":true,\"valueName\":\"search_term_string\"}}],\"inLanguage\":\"ca\"}]}<\/script>\n<!-- \/ Yoast SEO plugin. -->","yoast_head_json":{"title":"Dekton Ava | Rocamar","description":"Partim de la caracter\u00edstica estructura multiforme de la pedra italiana Ceppo di Gr\u00e9 per crear un nou acabat en tons crema inexistent a la natura. Un disseny m\u00e9s c\u00e0lid especialment indicat per a grans superf\u00edcies de soleria o revestiment, tant en dissenys interiors com a exteriors.","robots":{"index":"index","follow":"follow","max-snippet":"max-snippet:-1","max-image-preview":"max-image-preview:large","max-video-preview":"max-video-preview:-1"},"canonical":"https:\/\/www.rocamar.es\/ca\/producte\/ava\/","og_locale":"ca_ES","og_type":"article","og_title":"Dekton Kairos | Rocamar","og_description":"Paleta crom\u00e0tica molt clara amb vetes grises molt p\u00e0l\u00b7lides. Lluminositat per a qualsevol aplicaci\u00f3.","og_url":"https:\/\/www.rocamar.es\/ca\/producte\/ava\/","og_site_name":"Rocamar","article_modified_time":"2025-12-22T11:29:47+00:00","og_image":[{"width":1024,"height":640,"url":"https:\/\/www.rocamar.es\/wp-content\/uploads\/2025\/12\/AVA-1024x640.jpg","type":"image\/jpeg"}],"twitter_card":"summary_large_image","twitter_title":"Dekton Kairos | Rocamar","twitter_description":"Paleta crom\u00e0tica molt clara amb vetes grises molt p\u00e0l\u00b7lides. Lluminositat per a qualsevol aplicaci\u00f3.","twitter_misc":{"Temps estimat de lectura":"1 minut"},"schema":{"@context":"https:\/\/schema.org","@graph":[{"@type":"WebPage","@id":"https:\/\/www.rocamar.es\/ca\/producte\/ava\/","url":"https:\/\/www.rocamar.es\/ca\/producte\/ava\/","name":"Dekton Ava | Rocamar","isPartOf":{"@id":"https:\/\/www.rocamar.es\/#website"},"primaryImageOfPage":{"@id":"https:\/\/www.rocamar.es\/ca\/producte\/ava\/#primaryimage"},"image":{"@id":"https:\/\/www.rocamar.es\/ca\/producte\/ava\/#primaryimage"},"thumbnailUrl":"https:\/\/www.rocamar.es\/wp-content\/uploads\/2025\/12\/AVA.jpg","datePublished":"2025-12-22T11:17:49+00:00","dateModified":"2025-12-22T11:29:47+00:00","description":"Partim de la caracter\u00edstica estructura multiforme de la pedra italiana Ceppo di Gr\u00e9 per crear un nou acabat en tons crema inexistent a la natura. Un disseny m\u00e9s c\u00e0lid especialment indicat per a grans superf\u00edcies de soleria o revestiment, tant en dissenys interiors com a exteriors.","breadcrumb":{"@id":"https:\/\/www.rocamar.es\/ca\/producte\/ava\/#breadcrumb"},"inLanguage":"ca","potentialAction":[{"@type":"ReadAction","target":["https:\/\/www.rocamar.es\/ca\/producte\/ava\/"]}]},{"@type":"ImageObject","inLanguage":"ca","@id":"https:\/\/www.rocamar.es\/ca\/producte\/ava\/#primaryimage","url":"https:\/\/www.rocamar.es\/wp-content\/uploads\/2025\/12\/AVA.jpg","contentUrl":"https:\/\/www.rocamar.es\/wp-content\/uploads\/2025\/12\/AVA.jpg","width":2800,"height":1750,"caption":"Pietra Edition"},{"@type":"BreadcrumbList","@id":"https:\/\/www.rocamar.es\/ca\/producte\/ava\/#breadcrumb","itemListElement":[{"@type":"ListItem","position":1,"name":"Home","item":"https:\/\/www.rocamar.es\/ca\/"},{"@type":"ListItem","position":2,"name":"Shop","item":"https:\/\/www.rocamar.es\/ca\/shop\/"},{"@type":"ListItem","position":3,"name":"Ava"}]},{"@type":"WebSite","@id":"https:\/\/www.rocamar.es\/#website","url":"https:\/\/www.rocamar.es\/","name":"Rocamar","description":"Rocas &amp; m\u00e1rmoles","potentialAction":[{"@type":"SearchAction","target":{"@type":"EntryPoint","urlTemplate":"https:\/\/www.rocamar.es\/?s={search_term_string}"},"query-input":{"@type":"PropertyValueSpecification","valueRequired":true,"valueName":"search_term_string"}}],"inLanguage":"ca"}]}},"_links":{"self":[{"href":"https:\/\/www.rocamar.es\/ca\/wp-json\/wp\/v2\/product\/5590","targetHints":{"allow":["GET"]}}],"collection":[{"href":"https:\/\/www.rocamar.es\/ca\/wp-json\/wp\/v2\/product"}],"about":[{"href":"https:\/\/www.rocamar.es\/ca\/wp-json\/wp\/v2\/types\/product"}],"replies":[{"embeddable":true,"href":"https:\/\/www.rocamar.es\/ca\/wp-json\/wp\/v2\/comments?post=5590"}],"wp:featuredmedia":[{"embeddable":true,"href":"https:\/\/www.rocamar.es\/ca\/wp-json\/wp\/v2\/media\/5596"}],"wp:attachment":[{"href":"https:\/\/www.rocamar.es\/ca\/wp-json\/wp\/v2\/media?parent=5590"}],"wp:term":[{"taxonomy":"brand","embeddable":true,"href":"https:\/\/www.rocamar.es\/ca\/wp-json\/wp\/v2\/brand?post=5590"},{"taxonomy":"material","embeddable":true,"href":"https:\/\/www.rocamar.es\/ca\/wp-json\/wp\/v2\/material?post=5590"},{"taxonomy":"color","embeddable":true,"href":"https:\/\/www.rocamar.es\/ca\/wp-json\/wp\/v2\/color?post=5590"},{"taxonomy":"product_brand","embeddable":true,"href":"https:\/\/www.rocamar.es\/ca\/wp-json\/wp\/v2\/product_brand?post=5590"},{"taxonomy":"product_cat","embeddable":true,"href":"https:\/\/www.rocamar.es\/ca\/wp-json\/wp\/v2\/product_cat?post=5590"},{"taxonomy":"product_tag","embeddable":true,"href":"https:\/\/www.rocamar.es\/ca\/wp-json\/wp\/v2\/product_tag?post=5590"}],"curies":[{"name":"wp","href":"https:\/\/api.w.org\/{rel}","templated":true}]}}