{"id":5518,"date":"2025-02-13T13:30:27","date_gmt":"2025-02-13T11:30:27","guid":{"rendered":"https:\/\/www.rocamar.es\/?post_type=product&#038;p=5518"},"modified":"2025-02-13T13:35:46","modified_gmt":"2025-02-13T11:35:46","slug":"motion-grey","status":"publish","type":"product","link":"https:\/\/www.rocamar.es\/ca\/producte\/motion-grey\/","title":{"rendered":"Motion Grey"},"content":{"rendered":"<p id=\"tw-target-text\" class=\"tw-data-text tw-text-large tw-ta\" dir=\"ltr\" data-placeholder=\"Traducci\u00f3n\" data-ved=\"2ahUKEwiw7dfHwsCLAxUb7LsIHZKnFgkQ3ewLegQIBxAW\" aria-label=\"Texto traducido: Aquest color reinterpreta una calc\u00e0ria grisa d'acabat c\u00e0lid \u00fanica a la paleta de Silestone. El subtil bicolor del fons t\u00e9 una estructura gran\u00edtica que aporta textura a un disseny marcat per les vetes de tons c\u00e0lids distribu\u00efdes a tota la superf\u00edcie.\"><span class=\"Y2IQFc\" lang=\"ca\">Aquest color reinterpreta una calc\u00e0ria grisa d&#8217;acabat c\u00e0lid \u00fanica a la paleta de Silestone. El subtil bicolor del fons t\u00e9 una estructura gran\u00edtica que aporta textura a un disseny marcat per les vetes de tons c\u00e0lids distribu\u00efdes a tota la superf\u00edcie.<\/span><\/p>\n","protected":false},"excerpt":{"rendered":"<p>Aquest color reinterpreta una calc\u00e0ria grisa d&#8217;acabat c\u00e0lid \u00fanica a la paleta de Silestone. El subtil bicolor del fons t\u00e9 una estructura gran\u00edtica que aporta textura a un disseny marcat per les vetes de tons c\u00e0lids distribu\u00efdes a tota la superf\u00edcie.<\/p>\n","protected":false},"featured_media":5522,"comment_status":"closed","ping_status":"closed","template":"","meta":{"_acf_changed":false},"brand":[96],"material":[108],"color":[79],"product_brand":[],"product_cat":[84],"product_tag":[],"class_list":{"2":"type-product","10":"product","11":"first","12":"instock","13":"purchasable","14":"product-type-simple"},"acf":[],"yoast_head":"<!-- This site is optimized with the Yoast SEO plugin v26.7 - https:\/\/yoast.com\/wordpress\/plugins\/seo\/ -->\n<title>Motion Grey | Rocamar<\/title>\n<meta name=\"description\" content=\"Aquest color reinterpreta una calc\u00e0ria grisa d&#039;acabat c\u00e0lid \u00fanica a la paleta de Silestone. El subtil bicolor del fons t\u00e9 una estructura gran\u00edtica que aporta textura a un disseny marcat per les vetes de tons c\u00e0lids distribu\u00efdes a tota la superf\u00edcie.\" \/>\n<meta name=\"robots\" content=\"index, follow, max-snippet:-1, max-image-preview:large, max-video-preview:-1\" \/>\n<link rel=\"canonical\" href=\"https:\/\/www.rocamar.es\/ca\/producte\/motion-grey\/\" \/>\n<meta property=\"og:locale\" content=\"ca_ES\" \/>\n<meta property=\"og:type\" content=\"article\" \/>\n<meta property=\"og:title\" content=\"Silestone Arcilla Red | Rocamar\" \/>\n<meta property=\"og:description\" content=\"Un vermell profund i terr\u00f3s que genera espais acollidors i c\u00e0lids.\" \/>\n<meta property=\"og:url\" content=\"https:\/\/www.rocamar.es\/ca\/producte\/motion-grey\/\" \/>\n<meta property=\"og:site_name\" content=\"Rocamar\" \/>\n<meta property=\"article:modified_time\" content=\"2025-02-13T11:35:46+00:00\" \/>\n<meta property=\"og:image\" content=\"https:\/\/www.rocamar.es\/wp-content\/uploads\/2025\/02\/motion-grey.jpg\" \/>\n\t<meta property=\"og:image:width\" content=\"2800\" \/>\n\t<meta property=\"og:image:height\" content=\"1750\" \/>\n\t<meta property=\"og:image:type\" content=\"image\/jpeg\" \/>\n<meta name=\"twitter:card\" content=\"summary_large_image\" \/>\n<meta name=\"twitter:title\" content=\"Silestone Arcilla Red | Rocamar\" \/>\n<meta name=\"twitter:description\" content=\"Un vermell profund i terr\u00f3s que genera espais acollidors i c\u00e0lids.\" \/>\n<meta name=\"twitter:label1\" content=\"Temps estimat de lectura\" \/>\n\t<meta name=\"twitter:data1\" content=\"1 minut\" \/>\n<script type=\"application\/ld+json\" class=\"yoast-schema-graph\">{\"@context\":\"https:\/\/schema.org\",\"@graph\":[{\"@type\":\"WebPage\",\"@id\":\"https:\/\/www.rocamar.es\/ca\/producte\/motion-grey\/\",\"url\":\"https:\/\/www.rocamar.es\/ca\/producte\/motion-grey\/\",\"name\":\"Motion Grey | Rocamar\",\"isPartOf\":{\"@id\":\"https:\/\/www.rocamar.es\/#website\"},\"primaryImageOfPage\":{\"@id\":\"https:\/\/www.rocamar.es\/ca\/producte\/motion-grey\/#primaryimage\"},\"image\":{\"@id\":\"https:\/\/www.rocamar.es\/ca\/producte\/motion-grey\/#primaryimage\"},\"thumbnailUrl\":\"https:\/\/www.rocamar.es\/wp-content\/uploads\/2025\/02\/motion-grey.jpg\",\"datePublished\":\"2025-02-13T11:30:27+00:00\",\"dateModified\":\"2025-02-13T11:35:46+00:00\",\"description\":\"Aquest color reinterpreta una calc\u00e0ria grisa d'acabat c\u00e0lid \u00fanica a la paleta de Silestone. El subtil bicolor del fons t\u00e9 una estructura gran\u00edtica que aporta textura a un disseny marcat per les vetes de tons c\u00e0lids distribu\u00efdes a tota la superf\u00edcie.\",\"breadcrumb\":{\"@id\":\"https:\/\/www.rocamar.es\/ca\/producte\/motion-grey\/#breadcrumb\"},\"inLanguage\":\"ca\",\"potentialAction\":[{\"@type\":\"ReadAction\",\"target\":[\"https:\/\/www.rocamar.es\/ca\/producte\/motion-grey\/\"]}]},{\"@type\":\"ImageObject\",\"inLanguage\":\"ca\",\"@id\":\"https:\/\/www.rocamar.es\/ca\/producte\/motion-grey\/#primaryimage\",\"url\":\"https:\/\/www.rocamar.es\/wp-content\/uploads\/2025\/02\/motion-grey.jpg\",\"contentUrl\":\"https:\/\/www.rocamar.es\/wp-content\/uploads\/2025\/02\/motion-grey.jpg\",\"width\":2800,\"height\":1750,\"caption\":\"Summa\"},{\"@type\":\"BreadcrumbList\",\"@id\":\"https:\/\/www.rocamar.es\/ca\/producte\/motion-grey\/#breadcrumb\",\"itemListElement\":[{\"@type\":\"ListItem\",\"position\":1,\"name\":\"Home\",\"item\":\"https:\/\/www.rocamar.es\/ca\/\"},{\"@type\":\"ListItem\",\"position\":2,\"name\":\"Shop\",\"item\":\"https:\/\/www.rocamar.es\/ca\/shop\/\"},{\"@type\":\"ListItem\",\"position\":3,\"name\":\"Motion Grey\"}]},{\"@type\":\"WebSite\",\"@id\":\"https:\/\/www.rocamar.es\/#website\",\"url\":\"https:\/\/www.rocamar.es\/\",\"name\":\"Rocamar\",\"description\":\"Rocas &amp; m\u00e1rmoles\",\"potentialAction\":[{\"@type\":\"SearchAction\",\"target\":{\"@type\":\"EntryPoint\",\"urlTemplate\":\"https:\/\/www.rocamar.es\/?s={search_term_string}\"},\"query-input\":{\"@type\":\"PropertyValueSpecification\",\"valueRequired\":true,\"valueName\":\"search_term_string\"}}],\"inLanguage\":\"ca\"}]}<\/script>\n<!-- \/ Yoast SEO plugin. -->","yoast_head_json":{"title":"Motion Grey | Rocamar","description":"Aquest color reinterpreta una calc\u00e0ria grisa d'acabat c\u00e0lid \u00fanica a la paleta de Silestone. El subtil bicolor del fons t\u00e9 una estructura gran\u00edtica que aporta textura a un disseny marcat per les vetes de tons c\u00e0lids distribu\u00efdes a tota la superf\u00edcie.","robots":{"index":"index","follow":"follow","max-snippet":"max-snippet:-1","max-image-preview":"max-image-preview:large","max-video-preview":"max-video-preview:-1"},"canonical":"https:\/\/www.rocamar.es\/ca\/producte\/motion-grey\/","og_locale":"ca_ES","og_type":"article","og_title":"Silestone Arcilla Red | Rocamar","og_description":"Un vermell profund i terr\u00f3s que genera espais acollidors i c\u00e0lids.","og_url":"https:\/\/www.rocamar.es\/ca\/producte\/motion-grey\/","og_site_name":"Rocamar","article_modified_time":"2025-02-13T11:35:46+00:00","og_image":[{"width":2800,"height":1750,"url":"https:\/\/www.rocamar.es\/wp-content\/uploads\/2025\/02\/motion-grey.jpg","type":"image\/jpeg"}],"twitter_card":"summary_large_image","twitter_title":"Silestone Arcilla Red | Rocamar","twitter_description":"Un vermell profund i terr\u00f3s que genera espais acollidors i c\u00e0lids.","twitter_misc":{"Temps estimat de lectura":"1 minut"},"schema":{"@context":"https:\/\/schema.org","@graph":[{"@type":"WebPage","@id":"https:\/\/www.rocamar.es\/ca\/producte\/motion-grey\/","url":"https:\/\/www.rocamar.es\/ca\/producte\/motion-grey\/","name":"Motion Grey | Rocamar","isPartOf":{"@id":"https:\/\/www.rocamar.es\/#website"},"primaryImageOfPage":{"@id":"https:\/\/www.rocamar.es\/ca\/producte\/motion-grey\/#primaryimage"},"image":{"@id":"https:\/\/www.rocamar.es\/ca\/producte\/motion-grey\/#primaryimage"},"thumbnailUrl":"https:\/\/www.rocamar.es\/wp-content\/uploads\/2025\/02\/motion-grey.jpg","datePublished":"2025-02-13T11:30:27+00:00","dateModified":"2025-02-13T11:35:46+00:00","description":"Aquest color reinterpreta una calc\u00e0ria grisa d'acabat c\u00e0lid \u00fanica a la paleta de Silestone. El subtil bicolor del fons t\u00e9 una estructura gran\u00edtica que aporta textura a un disseny marcat per les vetes de tons c\u00e0lids distribu\u00efdes a tota la superf\u00edcie.","breadcrumb":{"@id":"https:\/\/www.rocamar.es\/ca\/producte\/motion-grey\/#breadcrumb"},"inLanguage":"ca","potentialAction":[{"@type":"ReadAction","target":["https:\/\/www.rocamar.es\/ca\/producte\/motion-grey\/"]}]},{"@type":"ImageObject","inLanguage":"ca","@id":"https:\/\/www.rocamar.es\/ca\/producte\/motion-grey\/#primaryimage","url":"https:\/\/www.rocamar.es\/wp-content\/uploads\/2025\/02\/motion-grey.jpg","contentUrl":"https:\/\/www.rocamar.es\/wp-content\/uploads\/2025\/02\/motion-grey.jpg","width":2800,"height":1750,"caption":"Summa"},{"@type":"BreadcrumbList","@id":"https:\/\/www.rocamar.es\/ca\/producte\/motion-grey\/#breadcrumb","itemListElement":[{"@type":"ListItem","position":1,"name":"Home","item":"https:\/\/www.rocamar.es\/ca\/"},{"@type":"ListItem","position":2,"name":"Shop","item":"https:\/\/www.rocamar.es\/ca\/shop\/"},{"@type":"ListItem","position":3,"name":"Motion Grey"}]},{"@type":"WebSite","@id":"https:\/\/www.rocamar.es\/#website","url":"https:\/\/www.rocamar.es\/","name":"Rocamar","description":"Rocas &amp; m\u00e1rmoles","potentialAction":[{"@type":"SearchAction","target":{"@type":"EntryPoint","urlTemplate":"https:\/\/www.rocamar.es\/?s={search_term_string}"},"query-input":{"@type":"PropertyValueSpecification","valueRequired":true,"valueName":"search_term_string"}}],"inLanguage":"ca"}]}},"_links":{"self":[{"href":"https:\/\/www.rocamar.es\/ca\/wp-json\/wp\/v2\/product\/5518","targetHints":{"allow":["GET"]}}],"collection":[{"href":"https:\/\/www.rocamar.es\/ca\/wp-json\/wp\/v2\/product"}],"about":[{"href":"https:\/\/www.rocamar.es\/ca\/wp-json\/wp\/v2\/types\/product"}],"replies":[{"embeddable":true,"href":"https:\/\/www.rocamar.es\/ca\/wp-json\/wp\/v2\/comments?post=5518"}],"wp:featuredmedia":[{"embeddable":true,"href":"https:\/\/www.rocamar.es\/ca\/wp-json\/wp\/v2\/media\/5522"}],"wp:attachment":[{"href":"https:\/\/www.rocamar.es\/ca\/wp-json\/wp\/v2\/media?parent=5518"}],"wp:term":[{"taxonomy":"brand","embeddable":true,"href":"https:\/\/www.rocamar.es\/ca\/wp-json\/wp\/v2\/brand?post=5518"},{"taxonomy":"material","embeddable":true,"href":"https:\/\/www.rocamar.es\/ca\/wp-json\/wp\/v2\/material?post=5518"},{"taxonomy":"color","embeddable":true,"href":"https:\/\/www.rocamar.es\/ca\/wp-json\/wp\/v2\/color?post=5518"},{"taxonomy":"product_brand","embeddable":true,"href":"https:\/\/www.rocamar.es\/ca\/wp-json\/wp\/v2\/product_brand?post=5518"},{"taxonomy":"product_cat","embeddable":true,"href":"https:\/\/www.rocamar.es\/ca\/wp-json\/wp\/v2\/product_cat?post=5518"},{"taxonomy":"product_tag","embeddable":true,"href":"https:\/\/www.rocamar.es\/ca\/wp-json\/wp\/v2\/product_tag?post=5518"}],"curies":[{"name":"wp","href":"https:\/\/api.w.org\/{rel}","templated":true}]}}