{"id":5506,"date":"2025-02-13T13:07:17","date_gmt":"2025-02-13T11:07:17","guid":{"rendered":"https:\/\/www.rocamar.es\/?post_type=product&#038;p=5506"},"modified":"2025-02-13T13:17:50","modified_gmt":"2025-02-13T11:17:50","slug":"siberian-frost","status":"publish","type":"product","link":"https:\/\/www.rocamar.es\/ca\/producte\/siberian-frost\/","title":{"rendered":"Siberian Frost"},"content":{"rendered":"<p id=\"tw-target-text\" class=\"tw-data-text tw-text-large tw-ta\" dir=\"ltr\" data-placeholder=\"Traducci\u00f3n\" data-ved=\"2ahUKEwiw7dfHwsCLAxUb7LsIHZKnFgkQ3ewLegQIBxAW\" aria-label=\"Texto traducido: Aquest color reinterpreta el disseny d'un marbre Calacatta cl\u00e0ssic afegint-hi m\u00e9s subtilesa i eleg\u00e0ncia gr\u00e0cies a un patr\u00f3 de vetes c\u00e0lides que s'entrecreuen amb venes grises.\"><span class=\"Y2IQFc\" lang=\"ca\">Aquest color reinterpreta el disseny d&#8217;un marbre Calacatta cl\u00e0ssic afegint-hi m\u00e9s subtilesa i eleg\u00e0ncia gr\u00e0cies a un patr\u00f3 de vetes c\u00e0lides que s&#8217;entrecreuen amb venes grises.<\/span><\/p>\n","protected":false},"excerpt":{"rendered":"<p>Aquest color reinterpreta el disseny d&#8217;un marbre Calacatta cl\u00e0ssic afegint-hi m\u00e9s subtilesa i eleg\u00e0ncia gr\u00e0cies a un patr\u00f3 de vetes c\u00e0lides que s&#8217;entrecreuen amb venes grises.<\/p>\n","protected":false},"featured_media":5510,"comment_status":"closed","ping_status":"closed","template":"","meta":{"_acf_changed":false},"brand":[96],"material":[108],"color":[78],"product_brand":[],"product_cat":[84],"product_tag":[],"class_list":{"2":"type-product","10":"product","11":"first","12":"instock","13":"purchasable","14":"product-type-simple"},"acf":[],"yoast_head":"<!-- This site is optimized with the Yoast SEO plugin v26.7 - https:\/\/yoast.com\/wordpress\/plugins\/seo\/ -->\n<title>Siberian Frost | Rocamar<\/title>\n<meta name=\"description\" content=\"Aquest color reinterpreta el disseny d&#039;un marbre Calacatta cl\u00e0ssic afegint-hi m\u00e9s subtilesa i eleg\u00e0ncia gr\u00e0cies a un patr\u00f3 de vetes c\u00e0lides que s&#039;entrecreuen amb venes grises.\" \/>\n<meta name=\"robots\" content=\"index, follow, max-snippet:-1, max-image-preview:large, max-video-preview:-1\" \/>\n<link rel=\"canonical\" href=\"https:\/\/www.rocamar.es\/ca\/producte\/siberian-frost\/\" \/>\n<meta property=\"og:locale\" content=\"ca_ES\" \/>\n<meta property=\"og:type\" content=\"article\" \/>\n<meta property=\"og:title\" content=\"Silestone Arcilla Red | Rocamar\" \/>\n<meta property=\"og:description\" content=\"Un vermell profund i terr\u00f3s que genera espais acollidors i c\u00e0lids.\" \/>\n<meta property=\"og:url\" content=\"https:\/\/www.rocamar.es\/ca\/producte\/siberian-frost\/\" \/>\n<meta property=\"og:site_name\" content=\"Rocamar\" \/>\n<meta property=\"article:modified_time\" content=\"2025-02-13T11:17:50+00:00\" \/>\n<meta property=\"og:image\" content=\"https:\/\/www.rocamar.es\/wp-content\/uploads\/2025\/02\/siberian-frost.jpg\" \/>\n\t<meta property=\"og:image:width\" content=\"2800\" \/>\n\t<meta property=\"og:image:height\" content=\"1750\" \/>\n\t<meta property=\"og:image:type\" content=\"image\/jpeg\" \/>\n<meta name=\"twitter:card\" content=\"summary_large_image\" \/>\n<meta name=\"twitter:title\" content=\"Silestone Arcilla Red | Rocamar\" \/>\n<meta name=\"twitter:description\" content=\"Un vermell profund i terr\u00f3s que genera espais acollidors i c\u00e0lids.\" \/>\n<meta name=\"twitter:label1\" content=\"Temps estimat de lectura\" \/>\n\t<meta name=\"twitter:data1\" content=\"1 minut\" \/>\n<script type=\"application\/ld+json\" class=\"yoast-schema-graph\">{\"@context\":\"https:\/\/schema.org\",\"@graph\":[{\"@type\":\"WebPage\",\"@id\":\"https:\/\/www.rocamar.es\/ca\/producte\/siberian-frost\/\",\"url\":\"https:\/\/www.rocamar.es\/ca\/producte\/siberian-frost\/\",\"name\":\"Siberian Frost | Rocamar\",\"isPartOf\":{\"@id\":\"https:\/\/www.rocamar.es\/#website\"},\"primaryImageOfPage\":{\"@id\":\"https:\/\/www.rocamar.es\/ca\/producte\/siberian-frost\/#primaryimage\"},\"image\":{\"@id\":\"https:\/\/www.rocamar.es\/ca\/producte\/siberian-frost\/#primaryimage\"},\"thumbnailUrl\":\"https:\/\/www.rocamar.es\/wp-content\/uploads\/2025\/02\/siberian-frost.jpg\",\"datePublished\":\"2025-02-13T11:07:17+00:00\",\"dateModified\":\"2025-02-13T11:17:50+00:00\",\"description\":\"Aquest color reinterpreta el disseny d'un marbre Calacatta cl\u00e0ssic afegint-hi m\u00e9s subtilesa i eleg\u00e0ncia gr\u00e0cies a un patr\u00f3 de vetes c\u00e0lides que s'entrecreuen amb venes grises.\",\"breadcrumb\":{\"@id\":\"https:\/\/www.rocamar.es\/ca\/producte\/siberian-frost\/#breadcrumb\"},\"inLanguage\":\"ca\",\"potentialAction\":[{\"@type\":\"ReadAction\",\"target\":[\"https:\/\/www.rocamar.es\/ca\/producte\/siberian-frost\/\"]}]},{\"@type\":\"ImageObject\",\"inLanguage\":\"ca\",\"@id\":\"https:\/\/www.rocamar.es\/ca\/producte\/siberian-frost\/#primaryimage\",\"url\":\"https:\/\/www.rocamar.es\/wp-content\/uploads\/2025\/02\/siberian-frost.jpg\",\"contentUrl\":\"https:\/\/www.rocamar.es\/wp-content\/uploads\/2025\/02\/siberian-frost.jpg\",\"width\":2800,\"height\":1750,\"caption\":\"Summa\"},{\"@type\":\"BreadcrumbList\",\"@id\":\"https:\/\/www.rocamar.es\/ca\/producte\/siberian-frost\/#breadcrumb\",\"itemListElement\":[{\"@type\":\"ListItem\",\"position\":1,\"name\":\"Home\",\"item\":\"https:\/\/www.rocamar.es\/ca\/\"},{\"@type\":\"ListItem\",\"position\":2,\"name\":\"Shop\",\"item\":\"https:\/\/www.rocamar.es\/ca\/shop\/\"},{\"@type\":\"ListItem\",\"position\":3,\"name\":\"Siberian Frost\"}]},{\"@type\":\"WebSite\",\"@id\":\"https:\/\/www.rocamar.es\/#website\",\"url\":\"https:\/\/www.rocamar.es\/\",\"name\":\"Rocamar\",\"description\":\"Rocas &amp; m\u00e1rmoles\",\"potentialAction\":[{\"@type\":\"SearchAction\",\"target\":{\"@type\":\"EntryPoint\",\"urlTemplate\":\"https:\/\/www.rocamar.es\/?s={search_term_string}\"},\"query-input\":{\"@type\":\"PropertyValueSpecification\",\"valueRequired\":true,\"valueName\":\"search_term_string\"}}],\"inLanguage\":\"ca\"}]}<\/script>\n<!-- \/ Yoast SEO plugin. -->","yoast_head_json":{"title":"Siberian Frost | Rocamar","description":"Aquest color reinterpreta el disseny d'un marbre Calacatta cl\u00e0ssic afegint-hi m\u00e9s subtilesa i eleg\u00e0ncia gr\u00e0cies a un patr\u00f3 de vetes c\u00e0lides que s'entrecreuen amb venes grises.","robots":{"index":"index","follow":"follow","max-snippet":"max-snippet:-1","max-image-preview":"max-image-preview:large","max-video-preview":"max-video-preview:-1"},"canonical":"https:\/\/www.rocamar.es\/ca\/producte\/siberian-frost\/","og_locale":"ca_ES","og_type":"article","og_title":"Silestone Arcilla Red | Rocamar","og_description":"Un vermell profund i terr\u00f3s que genera espais acollidors i c\u00e0lids.","og_url":"https:\/\/www.rocamar.es\/ca\/producte\/siberian-frost\/","og_site_name":"Rocamar","article_modified_time":"2025-02-13T11:17:50+00:00","og_image":[{"width":2800,"height":1750,"url":"https:\/\/www.rocamar.es\/wp-content\/uploads\/2025\/02\/siberian-frost.jpg","type":"image\/jpeg"}],"twitter_card":"summary_large_image","twitter_title":"Silestone Arcilla Red | Rocamar","twitter_description":"Un vermell profund i terr\u00f3s que genera espais acollidors i c\u00e0lids.","twitter_misc":{"Temps estimat de lectura":"1 minut"},"schema":{"@context":"https:\/\/schema.org","@graph":[{"@type":"WebPage","@id":"https:\/\/www.rocamar.es\/ca\/producte\/siberian-frost\/","url":"https:\/\/www.rocamar.es\/ca\/producte\/siberian-frost\/","name":"Siberian Frost | Rocamar","isPartOf":{"@id":"https:\/\/www.rocamar.es\/#website"},"primaryImageOfPage":{"@id":"https:\/\/www.rocamar.es\/ca\/producte\/siberian-frost\/#primaryimage"},"image":{"@id":"https:\/\/www.rocamar.es\/ca\/producte\/siberian-frost\/#primaryimage"},"thumbnailUrl":"https:\/\/www.rocamar.es\/wp-content\/uploads\/2025\/02\/siberian-frost.jpg","datePublished":"2025-02-13T11:07:17+00:00","dateModified":"2025-02-13T11:17:50+00:00","description":"Aquest color reinterpreta el disseny d'un marbre Calacatta cl\u00e0ssic afegint-hi m\u00e9s subtilesa i eleg\u00e0ncia gr\u00e0cies a un patr\u00f3 de vetes c\u00e0lides que s'entrecreuen amb venes grises.","breadcrumb":{"@id":"https:\/\/www.rocamar.es\/ca\/producte\/siberian-frost\/#breadcrumb"},"inLanguage":"ca","potentialAction":[{"@type":"ReadAction","target":["https:\/\/www.rocamar.es\/ca\/producte\/siberian-frost\/"]}]},{"@type":"ImageObject","inLanguage":"ca","@id":"https:\/\/www.rocamar.es\/ca\/producte\/siberian-frost\/#primaryimage","url":"https:\/\/www.rocamar.es\/wp-content\/uploads\/2025\/02\/siberian-frost.jpg","contentUrl":"https:\/\/www.rocamar.es\/wp-content\/uploads\/2025\/02\/siberian-frost.jpg","width":2800,"height":1750,"caption":"Summa"},{"@type":"BreadcrumbList","@id":"https:\/\/www.rocamar.es\/ca\/producte\/siberian-frost\/#breadcrumb","itemListElement":[{"@type":"ListItem","position":1,"name":"Home","item":"https:\/\/www.rocamar.es\/ca\/"},{"@type":"ListItem","position":2,"name":"Shop","item":"https:\/\/www.rocamar.es\/ca\/shop\/"},{"@type":"ListItem","position":3,"name":"Siberian Frost"}]},{"@type":"WebSite","@id":"https:\/\/www.rocamar.es\/#website","url":"https:\/\/www.rocamar.es\/","name":"Rocamar","description":"Rocas &amp; m\u00e1rmoles","potentialAction":[{"@type":"SearchAction","target":{"@type":"EntryPoint","urlTemplate":"https:\/\/www.rocamar.es\/?s={search_term_string}"},"query-input":{"@type":"PropertyValueSpecification","valueRequired":true,"valueName":"search_term_string"}}],"inLanguage":"ca"}]}},"_links":{"self":[{"href":"https:\/\/www.rocamar.es\/ca\/wp-json\/wp\/v2\/product\/5506","targetHints":{"allow":["GET"]}}],"collection":[{"href":"https:\/\/www.rocamar.es\/ca\/wp-json\/wp\/v2\/product"}],"about":[{"href":"https:\/\/www.rocamar.es\/ca\/wp-json\/wp\/v2\/types\/product"}],"replies":[{"embeddable":true,"href":"https:\/\/www.rocamar.es\/ca\/wp-json\/wp\/v2\/comments?post=5506"}],"wp:featuredmedia":[{"embeddable":true,"href":"https:\/\/www.rocamar.es\/ca\/wp-json\/wp\/v2\/media\/5510"}],"wp:attachment":[{"href":"https:\/\/www.rocamar.es\/ca\/wp-json\/wp\/v2\/media?parent=5506"}],"wp:term":[{"taxonomy":"brand","embeddable":true,"href":"https:\/\/www.rocamar.es\/ca\/wp-json\/wp\/v2\/brand?post=5506"},{"taxonomy":"material","embeddable":true,"href":"https:\/\/www.rocamar.es\/ca\/wp-json\/wp\/v2\/material?post=5506"},{"taxonomy":"color","embeddable":true,"href":"https:\/\/www.rocamar.es\/ca\/wp-json\/wp\/v2\/color?post=5506"},{"taxonomy":"product_brand","embeddable":true,"href":"https:\/\/www.rocamar.es\/ca\/wp-json\/wp\/v2\/product_brand?post=5506"},{"taxonomy":"product_cat","embeddable":true,"href":"https:\/\/www.rocamar.es\/ca\/wp-json\/wp\/v2\/product_cat?post=5506"},{"taxonomy":"product_tag","embeddable":true,"href":"https:\/\/www.rocamar.es\/ca\/wp-json\/wp\/v2\/product_tag?post=5506"}],"curies":[{"name":"wp","href":"https:\/\/api.w.org\/{rel}","templated":true}]}}