{"id":4825,"date":"2023-03-15T16:24:15","date_gmt":"2023-03-15T15:24:15","guid":{"rendered":"https:\/\/www.rocamar.es\/?post_type=product&#038;p=4825"},"modified":"2023-03-30T14:18:30","modified_gmt":"2023-03-30T13:18:30","slug":"grafite","status":"publish","type":"product","link":"https:\/\/www.rocamar.es\/ca\/producte\/grafite\/","title":{"rendered":"Grafite"},"content":{"rendered":"<p id=\"tw-target-text\" class=\"tw-data-text tw-text-large tw-ta\" dir=\"ltr\" data-placeholder=\"Traducci\u00f3n\"><span class=\"Y2IQFc\" lang=\"ca\">La seva base fosca, que barreja negres i grisos i presenta zones blanquinoses i vermelloses en forma de n\u00favol reinterpreta la textura de la pedra calc\u00e0ria fosca de gra fi. El seu disseny el fa especialment indicat per a aplicacions en qu\u00e8 es requereixi continu\u00eftat de disseny als cantells.<\/span><\/p>\n","protected":false},"excerpt":{"rendered":"<p>La seva base fosca, que barreja negres i grisos i presenta zones blanquinoses i vermelloses en forma de n\u00favol reinterpreta la textura de la pedra calc\u00e0ria fosca de gra fi. El seu disseny el fa especialment indicat per a aplicacions en qu\u00e8 es requereixi continu\u00eftat de disseny als cantells.<\/p>\n","protected":false},"featured_media":4830,"comment_status":"closed","ping_status":"closed","template":"","meta":{"_acf_changed":false},"brand":[93],"material":[111],"color":[79],"product_brand":[],"product_cat":[84],"product_tag":[],"class_list":{"2":"type-product","10":"product","11":"first","12":"instock","13":"purchasable","14":"product-type-simple"},"acf":[],"yoast_head":"<!-- This site is optimized with the Yoast SEO plugin v26.7 - https:\/\/yoast.com\/wordpress\/plugins\/seo\/ -->\n<title>Dekton Grafite | Rocamar<\/title>\n<meta name=\"description\" content=\"La seva base fosca, que barreja negres i grisos i presenta zones blanquinoses i vermelloses en forma de n\u00favol reinterpreta la textura de la pedra calc\u00e0ria fosca de gra fi.\" \/>\n<meta name=\"robots\" content=\"index, follow, max-snippet:-1, max-image-preview:large, max-video-preview:-1\" \/>\n<link rel=\"canonical\" href=\"https:\/\/www.rocamar.es\/ca\/producte\/grafite\/\" \/>\n<meta property=\"og:locale\" content=\"ca_ES\" \/>\n<meta property=\"og:type\" content=\"article\" \/>\n<meta property=\"og:title\" content=\"Dekton Somnia | Rocamar\" \/>\n<meta property=\"og:description\" content=\"Captivadors detalls de c\u00e0lids marrons i blancs rovellats es fonen amb un profund to negre en una ret\u00edcula de fines l\u00ednies.\" \/>\n<meta property=\"og:url\" content=\"https:\/\/www.rocamar.es\/ca\/producte\/grafite\/\" \/>\n<meta property=\"og:site_name\" content=\"Rocamar\" \/>\n<meta property=\"article:modified_time\" content=\"2023-03-30T13:18:30+00:00\" \/>\n<meta property=\"og:image\" content=\"https:\/\/www.rocamar.es\/wp-content\/uploads\/2023\/03\/GRAFITE-1.jpg\" \/>\n\t<meta property=\"og:image:width\" content=\"2000\" \/>\n\t<meta property=\"og:image:height\" content=\"1332\" \/>\n\t<meta property=\"og:image:type\" content=\"image\/jpeg\" \/>\n<meta name=\"twitter:card\" content=\"summary_large_image\" \/>\n<meta name=\"twitter:title\" content=\"Dekton Somnia | Rocamar\" \/>\n<meta name=\"twitter:description\" content=\"Captivadors detalls de c\u00e0lids marrons i blancs rovellats es fonen amb un profund to negre en una ret\u00edcula de fines l\u00ednies.\" \/>\n<meta name=\"twitter:label1\" content=\"Temps estimat de lectura\" \/>\n\t<meta name=\"twitter:data1\" content=\"1 minut\" \/>\n<script type=\"application\/ld+json\" class=\"yoast-schema-graph\">{\"@context\":\"https:\/\/schema.org\",\"@graph\":[{\"@type\":\"WebPage\",\"@id\":\"https:\/\/www.rocamar.es\/ca\/producte\/grafite\/\",\"url\":\"https:\/\/www.rocamar.es\/ca\/producte\/grafite\/\",\"name\":\"Dekton Grafite | Rocamar\",\"isPartOf\":{\"@id\":\"https:\/\/www.rocamar.es\/#website\"},\"primaryImageOfPage\":{\"@id\":\"https:\/\/www.rocamar.es\/ca\/producte\/grafite\/#primaryimage\"},\"image\":{\"@id\":\"https:\/\/www.rocamar.es\/ca\/producte\/grafite\/#primaryimage\"},\"thumbnailUrl\":\"https:\/\/www.rocamar.es\/wp-content\/uploads\/2023\/03\/GRAFITE-1.jpg\",\"datePublished\":\"2023-03-15T15:24:15+00:00\",\"dateModified\":\"2023-03-30T13:18:30+00:00\",\"description\":\"La seva base fosca, que barreja negres i grisos i presenta zones blanquinoses i vermelloses en forma de n\u00favol reinterpreta la textura de la pedra calc\u00e0ria fosca de gra fi.\",\"breadcrumb\":{\"@id\":\"https:\/\/www.rocamar.es\/ca\/producte\/grafite\/#breadcrumb\"},\"inLanguage\":\"ca\",\"potentialAction\":[{\"@type\":\"ReadAction\",\"target\":[\"https:\/\/www.rocamar.es\/ca\/producte\/grafite\/\"]}]},{\"@type\":\"ImageObject\",\"inLanguage\":\"ca\",\"@id\":\"https:\/\/www.rocamar.es\/ca\/producte\/grafite\/#primaryimage\",\"url\":\"https:\/\/www.rocamar.es\/wp-content\/uploads\/2023\/03\/GRAFITE-1.jpg\",\"contentUrl\":\"https:\/\/www.rocamar.es\/wp-content\/uploads\/2023\/03\/GRAFITE-1.jpg\",\"width\":2000,\"height\":1332,\"caption\":\"Pietra Kode\"},{\"@type\":\"BreadcrumbList\",\"@id\":\"https:\/\/www.rocamar.es\/ca\/producte\/grafite\/#breadcrumb\",\"itemListElement\":[{\"@type\":\"ListItem\",\"position\":1,\"name\":\"Home\",\"item\":\"https:\/\/www.rocamar.es\/ca\/\"},{\"@type\":\"ListItem\",\"position\":2,\"name\":\"Shop\",\"item\":\"https:\/\/www.rocamar.es\/ca\/shop\/\"},{\"@type\":\"ListItem\",\"position\":3,\"name\":\"Grafite\"}]},{\"@type\":\"WebSite\",\"@id\":\"https:\/\/www.rocamar.es\/#website\",\"url\":\"https:\/\/www.rocamar.es\/\",\"name\":\"Rocamar\",\"description\":\"Rocas &amp; m\u00e1rmoles\",\"potentialAction\":[{\"@type\":\"SearchAction\",\"target\":{\"@type\":\"EntryPoint\",\"urlTemplate\":\"https:\/\/www.rocamar.es\/?s={search_term_string}\"},\"query-input\":{\"@type\":\"PropertyValueSpecification\",\"valueRequired\":true,\"valueName\":\"search_term_string\"}}],\"inLanguage\":\"ca\"}]}<\/script>\n<!-- \/ Yoast SEO plugin. -->","yoast_head_json":{"title":"Dekton Grafite | Rocamar","description":"La seva base fosca, que barreja negres i grisos i presenta zones blanquinoses i vermelloses en forma de n\u00favol reinterpreta la textura de la pedra calc\u00e0ria fosca de gra fi.","robots":{"index":"index","follow":"follow","max-snippet":"max-snippet:-1","max-image-preview":"max-image-preview:large","max-video-preview":"max-video-preview:-1"},"canonical":"https:\/\/www.rocamar.es\/ca\/producte\/grafite\/","og_locale":"ca_ES","og_type":"article","og_title":"Dekton Somnia | Rocamar","og_description":"Captivadors detalls de c\u00e0lids marrons i blancs rovellats es fonen amb un profund to negre en una ret\u00edcula de fines l\u00ednies.","og_url":"https:\/\/www.rocamar.es\/ca\/producte\/grafite\/","og_site_name":"Rocamar","article_modified_time":"2023-03-30T13:18:30+00:00","og_image":[{"width":2000,"height":1332,"url":"https:\/\/www.rocamar.es\/wp-content\/uploads\/2023\/03\/GRAFITE-1.jpg","type":"image\/jpeg"}],"twitter_card":"summary_large_image","twitter_title":"Dekton Somnia | Rocamar","twitter_description":"Captivadors detalls de c\u00e0lids marrons i blancs rovellats es fonen amb un profund to negre en una ret\u00edcula de fines l\u00ednies.","twitter_misc":{"Temps estimat de lectura":"1 minut"},"schema":{"@context":"https:\/\/schema.org","@graph":[{"@type":"WebPage","@id":"https:\/\/www.rocamar.es\/ca\/producte\/grafite\/","url":"https:\/\/www.rocamar.es\/ca\/producte\/grafite\/","name":"Dekton Grafite | Rocamar","isPartOf":{"@id":"https:\/\/www.rocamar.es\/#website"},"primaryImageOfPage":{"@id":"https:\/\/www.rocamar.es\/ca\/producte\/grafite\/#primaryimage"},"image":{"@id":"https:\/\/www.rocamar.es\/ca\/producte\/grafite\/#primaryimage"},"thumbnailUrl":"https:\/\/www.rocamar.es\/wp-content\/uploads\/2023\/03\/GRAFITE-1.jpg","datePublished":"2023-03-15T15:24:15+00:00","dateModified":"2023-03-30T13:18:30+00:00","description":"La seva base fosca, que barreja negres i grisos i presenta zones blanquinoses i vermelloses en forma de n\u00favol reinterpreta la textura de la pedra calc\u00e0ria fosca de gra fi.","breadcrumb":{"@id":"https:\/\/www.rocamar.es\/ca\/producte\/grafite\/#breadcrumb"},"inLanguage":"ca","potentialAction":[{"@type":"ReadAction","target":["https:\/\/www.rocamar.es\/ca\/producte\/grafite\/"]}]},{"@type":"ImageObject","inLanguage":"ca","@id":"https:\/\/www.rocamar.es\/ca\/producte\/grafite\/#primaryimage","url":"https:\/\/www.rocamar.es\/wp-content\/uploads\/2023\/03\/GRAFITE-1.jpg","contentUrl":"https:\/\/www.rocamar.es\/wp-content\/uploads\/2023\/03\/GRAFITE-1.jpg","width":2000,"height":1332,"caption":"Pietra Kode"},{"@type":"BreadcrumbList","@id":"https:\/\/www.rocamar.es\/ca\/producte\/grafite\/#breadcrumb","itemListElement":[{"@type":"ListItem","position":1,"name":"Home","item":"https:\/\/www.rocamar.es\/ca\/"},{"@type":"ListItem","position":2,"name":"Shop","item":"https:\/\/www.rocamar.es\/ca\/shop\/"},{"@type":"ListItem","position":3,"name":"Grafite"}]},{"@type":"WebSite","@id":"https:\/\/www.rocamar.es\/#website","url":"https:\/\/www.rocamar.es\/","name":"Rocamar","description":"Rocas &amp; m\u00e1rmoles","potentialAction":[{"@type":"SearchAction","target":{"@type":"EntryPoint","urlTemplate":"https:\/\/www.rocamar.es\/?s={search_term_string}"},"query-input":{"@type":"PropertyValueSpecification","valueRequired":true,"valueName":"search_term_string"}}],"inLanguage":"ca"}]}},"_links":{"self":[{"href":"https:\/\/www.rocamar.es\/ca\/wp-json\/wp\/v2\/product\/4825","targetHints":{"allow":["GET"]}}],"collection":[{"href":"https:\/\/www.rocamar.es\/ca\/wp-json\/wp\/v2\/product"}],"about":[{"href":"https:\/\/www.rocamar.es\/ca\/wp-json\/wp\/v2\/types\/product"}],"replies":[{"embeddable":true,"href":"https:\/\/www.rocamar.es\/ca\/wp-json\/wp\/v2\/comments?post=4825"}],"wp:featuredmedia":[{"embeddable":true,"href":"https:\/\/www.rocamar.es\/ca\/wp-json\/wp\/v2\/media\/4830"}],"wp:attachment":[{"href":"https:\/\/www.rocamar.es\/ca\/wp-json\/wp\/v2\/media?parent=4825"}],"wp:term":[{"taxonomy":"brand","embeddable":true,"href":"https:\/\/www.rocamar.es\/ca\/wp-json\/wp\/v2\/brand?post=4825"},{"taxonomy":"material","embeddable":true,"href":"https:\/\/www.rocamar.es\/ca\/wp-json\/wp\/v2\/material?post=4825"},{"taxonomy":"color","embeddable":true,"href":"https:\/\/www.rocamar.es\/ca\/wp-json\/wp\/v2\/color?post=4825"},{"taxonomy":"product_brand","embeddable":true,"href":"https:\/\/www.rocamar.es\/ca\/wp-json\/wp\/v2\/product_brand?post=4825"},{"taxonomy":"product_cat","embeddable":true,"href":"https:\/\/www.rocamar.es\/ca\/wp-json\/wp\/v2\/product_cat?post=4825"},{"taxonomy":"product_tag","embeddable":true,"href":"https:\/\/www.rocamar.es\/ca\/wp-json\/wp\/v2\/product_tag?post=4825"}],"curies":[{"name":"wp","href":"https:\/\/api.w.org\/{rel}","templated":true}]}}