{"id":4150,"date":"2022-11-30T13:05:04","date_gmt":"2022-11-30T12:05:04","guid":{"rendered":"https:\/\/www.rocamar.es\/producto\/xanadu\/"},"modified":"2023-01-24T14:18:30","modified_gmt":"2023-01-24T13:18:30","slug":"xanadu","status":"publish","type":"product","link":"https:\/\/www.rocamar.es\/ca\/producte\/xanadu\/","title":{"rendered":"Xanad\u00fa"},"content":{"rendered":"<p>Igual que la majestuosa ciutat del gran imperi de Genghis Khan, Xanad\u00fa es nodreix de la seva imponent veta diagonal per decorar, de manera insuperable, grans espais, no nom\u00e9s com a taulell sin\u00f3 tamb\u00e9 com a pe\u00e7a del m\u00e0xim rigor per a terres o aplacat de parets.<\/p>\n","protected":false},"excerpt":{"rendered":"<p>Igual que la majestuosa ciutat del gran imperi de Genghis Khan, Xanad\u00fa es nodreix de la seva imponent veta diagonal per decorar, de manera insuperable, grans espais, no nom\u00e9s com a taulell sin\u00f3 tamb\u00e9 com a pe\u00e7a del m\u00e0xim rigor per a terres o aplacat de parets.<\/p>\n","protected":false},"featured_media":2873,"comment_status":"closed","ping_status":"closed","template":"","meta":{"_acf_changed":false},"brand":[76],"material":[77],"color":[78],"product_brand":[],"product_cat":[84],"product_tag":[],"class_list":{"2":"type-product","10":"product","11":"first","12":"instock","13":"purchasable","14":"product-type-simple"},"acf":[],"yoast_head":"<!-- This site is optimized with the Yoast SEO plugin v26.7 - https:\/\/yoast.com\/wordpress\/plugins\/seo\/ -->\n<title>Lithosfera Xanad\u00fa | Rocamar<\/title>\n<meta name=\"description\" content=\"Igual que la majestuosa ciutat del gran imperi de Genghis Khan, Xanad\u00fa es nodreix de la seva imponent veta diagonal per decorar, de manera insuperable, grans espais, no nom\u00e9s com a taulell sin\u00f3 tamb\u00e9 com a pe\u00e7a del m\u00e0xim rigor per a terres o aplacat de parets.\" \/>\n<meta name=\"robots\" content=\"index, follow, max-snippet:-1, max-image-preview:large, max-video-preview:-1\" \/>\n<link rel=\"canonical\" href=\"https:\/\/www.rocamar.es\/ca\/producte\/xanadu\/\" \/>\n<meta property=\"og:locale\" content=\"ca_ES\" \/>\n<meta property=\"og:type\" content=\"article\" \/>\n<meta property=\"og:title\" content=\"Lithosfera Xanad\u00fa | Rocamar\" \/>\n<meta property=\"og:description\" content=\"Igual que la majestuosa ciutat del gran imperi de Genghis Khan, Xanad\u00fa es nodreix de la seva imponent veta diagonal per decorar, de manera insuperable, grans espais, no nom\u00e9s com a taulell sin\u00f3 tamb\u00e9 com a pe\u00e7a del m\u00e0xim rigor per a terres o aplacat de parets.\" \/>\n<meta property=\"og:url\" content=\"https:\/\/www.rocamar.es\/ca\/producte\/xanadu\/\" \/>\n<meta property=\"og:site_name\" content=\"Rocamar\" \/>\n<meta property=\"article:modified_time\" content=\"2023-01-24T13:18:30+00:00\" \/>\n<meta property=\"og:image\" content=\"https:\/\/www.rocamar.es\/wp-content\/uploads\/2022\/06\/lithosfera_granito_blanco_xanadu_detalle.jpg\" \/>\n\t<meta property=\"og:image:width\" content=\"2200\" \/>\n\t<meta property=\"og:image:height\" content=\"1620\" \/>\n\t<meta property=\"og:image:type\" content=\"image\/jpeg\" \/>\n<meta name=\"twitter:card\" content=\"summary_large_image\" \/>\n<meta name=\"twitter:title\" content=\"Lithosfera Xanad\u00fa | Rocamar\" \/>\n<meta name=\"twitter:description\" content=\"Igual que la majestuosa ciutat del gran imperi de Genghis Khan, Xanad\u00fa es nodreix de la seva imponent veta diagonal per decorar, de manera insuperable, grans espais, no nom\u00e9s com a taulell sin\u00f3 tamb\u00e9 com a pe\u00e7a del m\u00e0xim rigor per a terres o aplacat de parets.\" \/>\n<script type=\"application\/ld+json\" class=\"yoast-schema-graph\">{\"@context\":\"https:\/\/schema.org\",\"@graph\":[{\"@type\":\"WebPage\",\"@id\":\"https:\/\/www.rocamar.es\/ca\/producte\/xanadu\/\",\"url\":\"https:\/\/www.rocamar.es\/ca\/producte\/xanadu\/\",\"name\":\"Lithosfera Xanad\u00fa | Rocamar\",\"isPartOf\":{\"@id\":\"https:\/\/www.rocamar.es\/#website\"},\"primaryImageOfPage\":{\"@id\":\"https:\/\/www.rocamar.es\/ca\/producte\/xanadu\/#primaryimage\"},\"image\":{\"@id\":\"https:\/\/www.rocamar.es\/ca\/producte\/xanadu\/#primaryimage\"},\"thumbnailUrl\":\"https:\/\/www.rocamar.es\/wp-content\/uploads\/2022\/06\/lithosfera_granito_blanco_xanadu_detalle.jpg\",\"datePublished\":\"2022-11-30T12:05:04+00:00\",\"dateModified\":\"2023-01-24T13:18:30+00:00\",\"description\":\"Igual que la majestuosa ciutat del gran imperi de Genghis Khan, Xanad\u00fa es nodreix de la seva imponent veta diagonal per decorar, de manera insuperable, grans espais, no nom\u00e9s com a taulell sin\u00f3 tamb\u00e9 com a pe\u00e7a del m\u00e0xim rigor per a terres o aplacat de parets.\",\"breadcrumb\":{\"@id\":\"https:\/\/www.rocamar.es\/ca\/producte\/xanadu\/#breadcrumb\"},\"inLanguage\":\"ca\",\"potentialAction\":[{\"@type\":\"ReadAction\",\"target\":[\"https:\/\/www.rocamar.es\/ca\/producte\/xanadu\/\"]}]},{\"@type\":\"ImageObject\",\"inLanguage\":\"ca\",\"@id\":\"https:\/\/www.rocamar.es\/ca\/producte\/xanadu\/#primaryimage\",\"url\":\"https:\/\/www.rocamar.es\/wp-content\/uploads\/2022\/06\/lithosfera_granito_blanco_xanadu_detalle.jpg\",\"contentUrl\":\"https:\/\/www.rocamar.es\/wp-content\/uploads\/2022\/06\/lithosfera_granito_blanco_xanadu_detalle.jpg\",\"width\":2200,\"height\":1620,\"caption\":\"Lithosfera-Xanad\u00fa\"},{\"@type\":\"BreadcrumbList\",\"@id\":\"https:\/\/www.rocamar.es\/ca\/producte\/xanadu\/#breadcrumb\",\"itemListElement\":[{\"@type\":\"ListItem\",\"position\":1,\"name\":\"Home\",\"item\":\"https:\/\/www.rocamar.es\/ca\/\"},{\"@type\":\"ListItem\",\"position\":2,\"name\":\"Shop\",\"item\":\"https:\/\/www.rocamar.es\/ca\/shop\/\"},{\"@type\":\"ListItem\",\"position\":3,\"name\":\"Xanad\u00fa\"}]},{\"@type\":\"WebSite\",\"@id\":\"https:\/\/www.rocamar.es\/#website\",\"url\":\"https:\/\/www.rocamar.es\/\",\"name\":\"Rocamar\",\"description\":\"Rocas &amp; m\u00e1rmoles\",\"potentialAction\":[{\"@type\":\"SearchAction\",\"target\":{\"@type\":\"EntryPoint\",\"urlTemplate\":\"https:\/\/www.rocamar.es\/?s={search_term_string}\"},\"query-input\":{\"@type\":\"PropertyValueSpecification\",\"valueRequired\":true,\"valueName\":\"search_term_string\"}}],\"inLanguage\":\"ca\"}]}<\/script>\n<!-- \/ Yoast SEO plugin. -->","yoast_head_json":{"title":"Lithosfera Xanad\u00fa | Rocamar","description":"Igual que la majestuosa ciutat del gran imperi de Genghis Khan, Xanad\u00fa es nodreix de la seva imponent veta diagonal per decorar, de manera insuperable, grans espais, no nom\u00e9s com a taulell sin\u00f3 tamb\u00e9 com a pe\u00e7a del m\u00e0xim rigor per a terres o aplacat de parets.","robots":{"index":"index","follow":"follow","max-snippet":"max-snippet:-1","max-image-preview":"max-image-preview:large","max-video-preview":"max-video-preview:-1"},"canonical":"https:\/\/www.rocamar.es\/ca\/producte\/xanadu\/","og_locale":"ca_ES","og_type":"article","og_title":"Lithosfera Xanad\u00fa | Rocamar","og_description":"Igual que la majestuosa ciutat del gran imperi de Genghis Khan, Xanad\u00fa es nodreix de la seva imponent veta diagonal per decorar, de manera insuperable, grans espais, no nom\u00e9s com a taulell sin\u00f3 tamb\u00e9 com a pe\u00e7a del m\u00e0xim rigor per a terres o aplacat de parets.","og_url":"https:\/\/www.rocamar.es\/ca\/producte\/xanadu\/","og_site_name":"Rocamar","article_modified_time":"2023-01-24T13:18:30+00:00","og_image":[{"width":2200,"height":1620,"url":"https:\/\/www.rocamar.es\/wp-content\/uploads\/2022\/06\/lithosfera_granito_blanco_xanadu_detalle.jpg","type":"image\/jpeg"}],"twitter_card":"summary_large_image","twitter_title":"Lithosfera Xanad\u00fa | Rocamar","twitter_description":"Igual que la majestuosa ciutat del gran imperi de Genghis Khan, Xanad\u00fa es nodreix de la seva imponent veta diagonal per decorar, de manera insuperable, grans espais, no nom\u00e9s com a taulell sin\u00f3 tamb\u00e9 com a pe\u00e7a del m\u00e0xim rigor per a terres o aplacat de parets.","schema":{"@context":"https:\/\/schema.org","@graph":[{"@type":"WebPage","@id":"https:\/\/www.rocamar.es\/ca\/producte\/xanadu\/","url":"https:\/\/www.rocamar.es\/ca\/producte\/xanadu\/","name":"Lithosfera Xanad\u00fa | Rocamar","isPartOf":{"@id":"https:\/\/www.rocamar.es\/#website"},"primaryImageOfPage":{"@id":"https:\/\/www.rocamar.es\/ca\/producte\/xanadu\/#primaryimage"},"image":{"@id":"https:\/\/www.rocamar.es\/ca\/producte\/xanadu\/#primaryimage"},"thumbnailUrl":"https:\/\/www.rocamar.es\/wp-content\/uploads\/2022\/06\/lithosfera_granito_blanco_xanadu_detalle.jpg","datePublished":"2022-11-30T12:05:04+00:00","dateModified":"2023-01-24T13:18:30+00:00","description":"Igual que la majestuosa ciutat del gran imperi de Genghis Khan, Xanad\u00fa es nodreix de la seva imponent veta diagonal per decorar, de manera insuperable, grans espais, no nom\u00e9s com a taulell sin\u00f3 tamb\u00e9 com a pe\u00e7a del m\u00e0xim rigor per a terres o aplacat de parets.","breadcrumb":{"@id":"https:\/\/www.rocamar.es\/ca\/producte\/xanadu\/#breadcrumb"},"inLanguage":"ca","potentialAction":[{"@type":"ReadAction","target":["https:\/\/www.rocamar.es\/ca\/producte\/xanadu\/"]}]},{"@type":"ImageObject","inLanguage":"ca","@id":"https:\/\/www.rocamar.es\/ca\/producte\/xanadu\/#primaryimage","url":"https:\/\/www.rocamar.es\/wp-content\/uploads\/2022\/06\/lithosfera_granito_blanco_xanadu_detalle.jpg","contentUrl":"https:\/\/www.rocamar.es\/wp-content\/uploads\/2022\/06\/lithosfera_granito_blanco_xanadu_detalle.jpg","width":2200,"height":1620,"caption":"Lithosfera-Xanad\u00fa"},{"@type":"BreadcrumbList","@id":"https:\/\/www.rocamar.es\/ca\/producte\/xanadu\/#breadcrumb","itemListElement":[{"@type":"ListItem","position":1,"name":"Home","item":"https:\/\/www.rocamar.es\/ca\/"},{"@type":"ListItem","position":2,"name":"Shop","item":"https:\/\/www.rocamar.es\/ca\/shop\/"},{"@type":"ListItem","position":3,"name":"Xanad\u00fa"}]},{"@type":"WebSite","@id":"https:\/\/www.rocamar.es\/#website","url":"https:\/\/www.rocamar.es\/","name":"Rocamar","description":"Rocas &amp; m\u00e1rmoles","potentialAction":[{"@type":"SearchAction","target":{"@type":"EntryPoint","urlTemplate":"https:\/\/www.rocamar.es\/?s={search_term_string}"},"query-input":{"@type":"PropertyValueSpecification","valueRequired":true,"valueName":"search_term_string"}}],"inLanguage":"ca"}]}},"_links":{"self":[{"href":"https:\/\/www.rocamar.es\/ca\/wp-json\/wp\/v2\/product\/4150","targetHints":{"allow":["GET"]}}],"collection":[{"href":"https:\/\/www.rocamar.es\/ca\/wp-json\/wp\/v2\/product"}],"about":[{"href":"https:\/\/www.rocamar.es\/ca\/wp-json\/wp\/v2\/types\/product"}],"replies":[{"embeddable":true,"href":"https:\/\/www.rocamar.es\/ca\/wp-json\/wp\/v2\/comments?post=4150"}],"wp:featuredmedia":[{"embeddable":true,"href":"https:\/\/www.rocamar.es\/ca\/wp-json\/wp\/v2\/media\/2873"}],"wp:attachment":[{"href":"https:\/\/www.rocamar.es\/ca\/wp-json\/wp\/v2\/media?parent=4150"}],"wp:term":[{"taxonomy":"brand","embeddable":true,"href":"https:\/\/www.rocamar.es\/ca\/wp-json\/wp\/v2\/brand?post=4150"},{"taxonomy":"material","embeddable":true,"href":"https:\/\/www.rocamar.es\/ca\/wp-json\/wp\/v2\/material?post=4150"},{"taxonomy":"color","embeddable":true,"href":"https:\/\/www.rocamar.es\/ca\/wp-json\/wp\/v2\/color?post=4150"},{"taxonomy":"product_brand","embeddable":true,"href":"https:\/\/www.rocamar.es\/ca\/wp-json\/wp\/v2\/product_brand?post=4150"},{"taxonomy":"product_cat","embeddable":true,"href":"https:\/\/www.rocamar.es\/ca\/wp-json\/wp\/v2\/product_cat?post=4150"},{"taxonomy":"product_tag","embeddable":true,"href":"https:\/\/www.rocamar.es\/ca\/wp-json\/wp\/v2\/product_tag?post=4150"}],"curies":[{"name":"wp","href":"https:\/\/api.w.org\/{rel}","templated":true}]}}