{"id":4137,"date":"2022-11-30T13:04:50","date_gmt":"2022-11-30T12:04:50","guid":{"rendered":"https:\/\/www.rocamar.es\/producto\/rojo-multicolor\/"},"modified":"2023-01-24T14:18:23","modified_gmt":"2023-01-24T13:18:23","slug":"roig-multicolor","status":"publish","type":"product","link":"https:\/\/www.rocamar.es\/ca\/producte\/roig-multicolor\/","title":{"rendered":"Roig Multicolor"},"content":{"rendered":"<p>Amb molta for\u00e7a i intensitat pels seus colors vermells, en algun cas lleugerament ataronjats, \u00e9s idoni per a espais on el taulell \u00e9s la protagonista.<\/p>\n","protected":false},"excerpt":{"rendered":"<p>Amb molta for\u00e7a i intensitat pels seus colors vermells, en algun cas lleugerament ataronjats, \u00e9s idoni per a espais on el taulell \u00e9s la protagonista.<\/p>\n","protected":false},"featured_media":2834,"comment_status":"closed","ping_status":"closed","template":"","meta":{"_acf_changed":false},"brand":[94],"material":[77],"color":[81],"product_brand":[],"product_cat":[84],"product_tag":[],"class_list":{"2":"type-product","10":"product","11":"first","12":"instock","13":"purchasable","14":"product-type-simple"},"acf":[],"yoast_head":"<!-- This site is optimized with the Yoast SEO plugin v26.7 - https:\/\/yoast.com\/wordpress\/plugins\/seo\/ -->\n<title>Rocamar Roig Multicolor | Rocamar<\/title>\n<meta name=\"description\" content=\"Amb molta for\u00e7a i intensitat pels seus colors vermells, en algun cas lleugerament ataronjats, \u00e9s idoni per a espais on el taulell \u00e9s la protagonista.\" \/>\n<meta name=\"robots\" content=\"index, follow, max-snippet:-1, max-image-preview:large, max-video-preview:-1\" \/>\n<link rel=\"canonical\" href=\"https:\/\/www.rocamar.es\/ca\/producte\/roig-multicolor\/\" \/>\n<meta property=\"og:locale\" content=\"ca_ES\" \/>\n<meta property=\"og:type\" content=\"article\" \/>\n<meta property=\"og:title\" content=\"Rocamar Rojo Multicolor | Rocamar\" \/>\n<meta property=\"og:description\" content=\"Amb molta for\u00e7a i intensitat pels seus colors vermells, en algun cas lleugerament ataronjats, \u00e9s idoni per a espais on el taulell \u00e9s la protagonista.\" \/>\n<meta property=\"og:url\" content=\"https:\/\/www.rocamar.es\/ca\/producte\/roig-multicolor\/\" \/>\n<meta property=\"og:site_name\" content=\"Rocamar\" \/>\n<meta property=\"article:modified_time\" content=\"2023-01-24T13:18:23+00:00\" \/>\n<meta property=\"og:image\" content=\"https:\/\/www.rocamar.es\/wp-content\/uploads\/2022\/06\/rocamar_rojo_multicolor_granito_rojo_detalle-1024x754.jpg\" \/>\n\t<meta property=\"og:image:width\" content=\"1024\" \/>\n\t<meta property=\"og:image:height\" content=\"754\" \/>\n\t<meta property=\"og:image:type\" content=\"image\/jpeg\" \/>\n<meta name=\"twitter:card\" content=\"summary_large_image\" \/>\n<meta name=\"twitter:title\" content=\"Rocamar Rojo Multicolor | Rocamar\" \/>\n<meta name=\"twitter:description\" content=\"Amb molta for\u00e7a i intensitat pels seus colors vermells, en algun cas lleugerament ataronjats, \u00e9s idoni per a espais on el taulell \u00e9s la protagonista.\" \/>\n<script type=\"application\/ld+json\" class=\"yoast-schema-graph\">{\"@context\":\"https:\/\/schema.org\",\"@graph\":[{\"@type\":\"WebPage\",\"@id\":\"https:\/\/www.rocamar.es\/ca\/producte\/roig-multicolor\/\",\"url\":\"https:\/\/www.rocamar.es\/ca\/producte\/roig-multicolor\/\",\"name\":\"Rocamar Roig Multicolor | Rocamar\",\"isPartOf\":{\"@id\":\"https:\/\/www.rocamar.es\/#website\"},\"primaryImageOfPage\":{\"@id\":\"https:\/\/www.rocamar.es\/ca\/producte\/roig-multicolor\/#primaryimage\"},\"image\":{\"@id\":\"https:\/\/www.rocamar.es\/ca\/producte\/roig-multicolor\/#primaryimage\"},\"thumbnailUrl\":\"https:\/\/www.rocamar.es\/wp-content\/uploads\/2022\/06\/rocamar_rojo_multicolor_granito_rojo_detalle.jpg\",\"datePublished\":\"2022-11-30T12:04:50+00:00\",\"dateModified\":\"2023-01-24T13:18:23+00:00\",\"description\":\"Amb molta for\u00e7a i intensitat pels seus colors vermells, en algun cas lleugerament ataronjats, \u00e9s idoni per a espais on el taulell \u00e9s la protagonista.\",\"breadcrumb\":{\"@id\":\"https:\/\/www.rocamar.es\/ca\/producte\/roig-multicolor\/#breadcrumb\"},\"inLanguage\":\"ca\",\"potentialAction\":[{\"@type\":\"ReadAction\",\"target\":[\"https:\/\/www.rocamar.es\/ca\/producte\/roig-multicolor\/\"]}]},{\"@type\":\"ImageObject\",\"inLanguage\":\"ca\",\"@id\":\"https:\/\/www.rocamar.es\/ca\/producte\/roig-multicolor\/#primaryimage\",\"url\":\"https:\/\/www.rocamar.es\/wp-content\/uploads\/2022\/06\/rocamar_rojo_multicolor_granito_rojo_detalle.jpg\",\"contentUrl\":\"https:\/\/www.rocamar.es\/wp-content\/uploads\/2022\/06\/rocamar_rojo_multicolor_granito_rojo_detalle.jpg\",\"width\":2200,\"height\":1620,\"caption\":\"Rocamar-Rojo Multicolor\"},{\"@type\":\"BreadcrumbList\",\"@id\":\"https:\/\/www.rocamar.es\/ca\/producte\/roig-multicolor\/#breadcrumb\",\"itemListElement\":[{\"@type\":\"ListItem\",\"position\":1,\"name\":\"Home\",\"item\":\"https:\/\/www.rocamar.es\/ca\/\"},{\"@type\":\"ListItem\",\"position\":2,\"name\":\"Shop\",\"item\":\"https:\/\/www.rocamar.es\/ca\/shop\/\"},{\"@type\":\"ListItem\",\"position\":3,\"name\":\"Roig Multicolor\"}]},{\"@type\":\"WebSite\",\"@id\":\"https:\/\/www.rocamar.es\/#website\",\"url\":\"https:\/\/www.rocamar.es\/\",\"name\":\"Rocamar\",\"description\":\"Rocas &amp; m\u00e1rmoles\",\"potentialAction\":[{\"@type\":\"SearchAction\",\"target\":{\"@type\":\"EntryPoint\",\"urlTemplate\":\"https:\/\/www.rocamar.es\/?s={search_term_string}\"},\"query-input\":{\"@type\":\"PropertyValueSpecification\",\"valueRequired\":true,\"valueName\":\"search_term_string\"}}],\"inLanguage\":\"ca\"}]}<\/script>\n<!-- \/ Yoast SEO plugin. -->","yoast_head_json":{"title":"Rocamar Roig Multicolor | Rocamar","description":"Amb molta for\u00e7a i intensitat pels seus colors vermells, en algun cas lleugerament ataronjats, \u00e9s idoni per a espais on el taulell \u00e9s la protagonista.","robots":{"index":"index","follow":"follow","max-snippet":"max-snippet:-1","max-image-preview":"max-image-preview:large","max-video-preview":"max-video-preview:-1"},"canonical":"https:\/\/www.rocamar.es\/ca\/producte\/roig-multicolor\/","og_locale":"ca_ES","og_type":"article","og_title":"Rocamar Rojo Multicolor | Rocamar","og_description":"Amb molta for\u00e7a i intensitat pels seus colors vermells, en algun cas lleugerament ataronjats, \u00e9s idoni per a espais on el taulell \u00e9s la protagonista.","og_url":"https:\/\/www.rocamar.es\/ca\/producte\/roig-multicolor\/","og_site_name":"Rocamar","article_modified_time":"2023-01-24T13:18:23+00:00","og_image":[{"width":1024,"height":754,"url":"https:\/\/www.rocamar.es\/wp-content\/uploads\/2022\/06\/rocamar_rojo_multicolor_granito_rojo_detalle-1024x754.jpg","type":"image\/jpeg"}],"twitter_card":"summary_large_image","twitter_title":"Rocamar Rojo Multicolor | Rocamar","twitter_description":"Amb molta for\u00e7a i intensitat pels seus colors vermells, en algun cas lleugerament ataronjats, \u00e9s idoni per a espais on el taulell \u00e9s la protagonista.","schema":{"@context":"https:\/\/schema.org","@graph":[{"@type":"WebPage","@id":"https:\/\/www.rocamar.es\/ca\/producte\/roig-multicolor\/","url":"https:\/\/www.rocamar.es\/ca\/producte\/roig-multicolor\/","name":"Rocamar Roig Multicolor | Rocamar","isPartOf":{"@id":"https:\/\/www.rocamar.es\/#website"},"primaryImageOfPage":{"@id":"https:\/\/www.rocamar.es\/ca\/producte\/roig-multicolor\/#primaryimage"},"image":{"@id":"https:\/\/www.rocamar.es\/ca\/producte\/roig-multicolor\/#primaryimage"},"thumbnailUrl":"https:\/\/www.rocamar.es\/wp-content\/uploads\/2022\/06\/rocamar_rojo_multicolor_granito_rojo_detalle.jpg","datePublished":"2022-11-30T12:04:50+00:00","dateModified":"2023-01-24T13:18:23+00:00","description":"Amb molta for\u00e7a i intensitat pels seus colors vermells, en algun cas lleugerament ataronjats, \u00e9s idoni per a espais on el taulell \u00e9s la protagonista.","breadcrumb":{"@id":"https:\/\/www.rocamar.es\/ca\/producte\/roig-multicolor\/#breadcrumb"},"inLanguage":"ca","potentialAction":[{"@type":"ReadAction","target":["https:\/\/www.rocamar.es\/ca\/producte\/roig-multicolor\/"]}]},{"@type":"ImageObject","inLanguage":"ca","@id":"https:\/\/www.rocamar.es\/ca\/producte\/roig-multicolor\/#primaryimage","url":"https:\/\/www.rocamar.es\/wp-content\/uploads\/2022\/06\/rocamar_rojo_multicolor_granito_rojo_detalle.jpg","contentUrl":"https:\/\/www.rocamar.es\/wp-content\/uploads\/2022\/06\/rocamar_rojo_multicolor_granito_rojo_detalle.jpg","width":2200,"height":1620,"caption":"Rocamar-Rojo Multicolor"},{"@type":"BreadcrumbList","@id":"https:\/\/www.rocamar.es\/ca\/producte\/roig-multicolor\/#breadcrumb","itemListElement":[{"@type":"ListItem","position":1,"name":"Home","item":"https:\/\/www.rocamar.es\/ca\/"},{"@type":"ListItem","position":2,"name":"Shop","item":"https:\/\/www.rocamar.es\/ca\/shop\/"},{"@type":"ListItem","position":3,"name":"Roig Multicolor"}]},{"@type":"WebSite","@id":"https:\/\/www.rocamar.es\/#website","url":"https:\/\/www.rocamar.es\/","name":"Rocamar","description":"Rocas &amp; m\u00e1rmoles","potentialAction":[{"@type":"SearchAction","target":{"@type":"EntryPoint","urlTemplate":"https:\/\/www.rocamar.es\/?s={search_term_string}"},"query-input":{"@type":"PropertyValueSpecification","valueRequired":true,"valueName":"search_term_string"}}],"inLanguage":"ca"}]}},"_links":{"self":[{"href":"https:\/\/www.rocamar.es\/ca\/wp-json\/wp\/v2\/product\/4137","targetHints":{"allow":["GET"]}}],"collection":[{"href":"https:\/\/www.rocamar.es\/ca\/wp-json\/wp\/v2\/product"}],"about":[{"href":"https:\/\/www.rocamar.es\/ca\/wp-json\/wp\/v2\/types\/product"}],"replies":[{"embeddable":true,"href":"https:\/\/www.rocamar.es\/ca\/wp-json\/wp\/v2\/comments?post=4137"}],"wp:featuredmedia":[{"embeddable":true,"href":"https:\/\/www.rocamar.es\/ca\/wp-json\/wp\/v2\/media\/2834"}],"wp:attachment":[{"href":"https:\/\/www.rocamar.es\/ca\/wp-json\/wp\/v2\/media?parent=4137"}],"wp:term":[{"taxonomy":"brand","embeddable":true,"href":"https:\/\/www.rocamar.es\/ca\/wp-json\/wp\/v2\/brand?post=4137"},{"taxonomy":"material","embeddable":true,"href":"https:\/\/www.rocamar.es\/ca\/wp-json\/wp\/v2\/material?post=4137"},{"taxonomy":"color","embeddable":true,"href":"https:\/\/www.rocamar.es\/ca\/wp-json\/wp\/v2\/color?post=4137"},{"taxonomy":"product_brand","embeddable":true,"href":"https:\/\/www.rocamar.es\/ca\/wp-json\/wp\/v2\/product_brand?post=4137"},{"taxonomy":"product_cat","embeddable":true,"href":"https:\/\/www.rocamar.es\/ca\/wp-json\/wp\/v2\/product_cat?post=4137"},{"taxonomy":"product_tag","embeddable":true,"href":"https:\/\/www.rocamar.es\/ca\/wp-json\/wp\/v2\/product_tag?post=4137"}],"curies":[{"name":"wp","href":"https:\/\/api.w.org\/{rel}","templated":true}]}}