{"id":4120,"date":"2022-11-30T13:04:36","date_gmt":"2022-11-30T12:04:36","guid":{"rendered":"https:\/\/www.rocamar.es\/producto\/travertino-romano-al-corte\/"},"modified":"2023-01-24T14:18:11","modified_gmt":"2023-01-24T13:18:11","slug":"traverti-roma-de-serra","status":"publish","type":"product","link":"https:\/\/www.rocamar.es\/ca\/producte\/traverti-roma-de-serra\/","title":{"rendered":"Travert\u00ed Rom\u00e0 de serra"},"content":{"rendered":"<p>Cl\u00e0ssic fonament de la urbanitzaci\u00f3 de Roma, eleg\u00e0ncia i classe per a fa\u00e7anes i terres d&#8217;exteriors<\/p>\n","protected":false},"excerpt":{"rendered":"<p>Cl\u00e0ssic fonament de la urbanitzaci\u00f3 de Roma, eleg\u00e0ncia i classe per a fa\u00e7anes i terres d&#8217;exteriors<\/p>\n","protected":false},"featured_media":2783,"comment_status":"closed","ping_status":"closed","template":"","meta":{"_acf_changed":false},"brand":[94],"material":[109],"color":[82],"product_brand":[],"product_cat":[84],"product_tag":[],"class_list":{"2":"type-product","10":"product","11":"first","12":"instock","13":"purchasable","14":"product-type-simple"},"acf":[],"yoast_head":"<!-- This site is optimized with the Yoast SEO plugin v26.7 - https:\/\/yoast.com\/wordpress\/plugins\/seo\/ -->\n<title>Rocamar Travert\u00ed Rom\u00e0 de serra | Rocamar<\/title>\n<meta name=\"description\" content=\"Cl\u00e0ssic fonament de la urbanitzaci\u00f3 de Roma, eleg\u00e0ncia i classe per a fa\u00e7anes i terres d&#039;exteriors\" \/>\n<meta name=\"robots\" content=\"index, follow, max-snippet:-1, max-image-preview:large, max-video-preview:-1\" \/>\n<link rel=\"canonical\" href=\"https:\/\/www.rocamar.es\/ca\/producte\/traverti-roma-de-serra\/\" \/>\n<meta property=\"og:locale\" content=\"ca_ES\" \/>\n<meta property=\"og:type\" content=\"article\" \/>\n<meta property=\"og:title\" content=\"Rocamar Travertino Romano al corte | Rocamar\" \/>\n<meta property=\"og:description\" content=\"Cl\u00e0ssic fonament de la urbanitzaci\u00f3 de Roma, eleg\u00e0ncia i classe per a fa\u00e7anes i terres d&#039;exteriors\" \/>\n<meta property=\"og:url\" content=\"https:\/\/www.rocamar.es\/ca\/producte\/traverti-roma-de-serra\/\" \/>\n<meta property=\"og:site_name\" content=\"Rocamar\" \/>\n<meta property=\"article:modified_time\" content=\"2023-01-24T13:18:11+00:00\" \/>\n<meta property=\"og:image\" content=\"https:\/\/www.rocamar.es\/wp-content\/uploads\/2022\/06\/rocamar_travertino_romano_al_corte_marmol_crema_detalle-1024x754.jpg\" \/>\n\t<meta property=\"og:image:width\" content=\"1024\" \/>\n\t<meta property=\"og:image:height\" content=\"754\" \/>\n\t<meta property=\"og:image:type\" content=\"image\/jpeg\" \/>\n<meta name=\"twitter:card\" content=\"summary_large_image\" \/>\n<meta name=\"twitter:title\" content=\"Rocamar Travertino Romano al corte | Rocamar\" \/>\n<meta name=\"twitter:description\" content=\"Cl\u00e0ssic fonament de la urbanitzaci\u00f3 de Roma, eleg\u00e0ncia i classe per a fa\u00e7anes i terres d&#039;exteriors\" \/>\n<script type=\"application\/ld+json\" class=\"yoast-schema-graph\">{\"@context\":\"https:\/\/schema.org\",\"@graph\":[{\"@type\":\"WebPage\",\"@id\":\"https:\/\/www.rocamar.es\/ca\/producte\/traverti-roma-de-serra\/\",\"url\":\"https:\/\/www.rocamar.es\/ca\/producte\/traverti-roma-de-serra\/\",\"name\":\"Rocamar Travert\u00ed Rom\u00e0 de serra | Rocamar\",\"isPartOf\":{\"@id\":\"https:\/\/www.rocamar.es\/#website\"},\"primaryImageOfPage\":{\"@id\":\"https:\/\/www.rocamar.es\/ca\/producte\/traverti-roma-de-serra\/#primaryimage\"},\"image\":{\"@id\":\"https:\/\/www.rocamar.es\/ca\/producte\/traverti-roma-de-serra\/#primaryimage\"},\"thumbnailUrl\":\"https:\/\/www.rocamar.es\/wp-content\/uploads\/2022\/06\/rocamar_travertino_romano_al_corte_marmol_crema_detalle.jpg\",\"datePublished\":\"2022-11-30T12:04:36+00:00\",\"dateModified\":\"2023-01-24T13:18:11+00:00\",\"description\":\"Cl\u00e0ssic fonament de la urbanitzaci\u00f3 de Roma, eleg\u00e0ncia i classe per a fa\u00e7anes i terres d'exteriors\",\"breadcrumb\":{\"@id\":\"https:\/\/www.rocamar.es\/ca\/producte\/traverti-roma-de-serra\/#breadcrumb\"},\"inLanguage\":\"ca\",\"potentialAction\":[{\"@type\":\"ReadAction\",\"target\":[\"https:\/\/www.rocamar.es\/ca\/producte\/traverti-roma-de-serra\/\"]}]},{\"@type\":\"ImageObject\",\"inLanguage\":\"ca\",\"@id\":\"https:\/\/www.rocamar.es\/ca\/producte\/traverti-roma-de-serra\/#primaryimage\",\"url\":\"https:\/\/www.rocamar.es\/wp-content\/uploads\/2022\/06\/rocamar_travertino_romano_al_corte_marmol_crema_detalle.jpg\",\"contentUrl\":\"https:\/\/www.rocamar.es\/wp-content\/uploads\/2022\/06\/rocamar_travertino_romano_al_corte_marmol_crema_detalle.jpg\",\"width\":2200,\"height\":1620,\"caption\":\"Rocamar-Travertino Romano al corte\"},{\"@type\":\"BreadcrumbList\",\"@id\":\"https:\/\/www.rocamar.es\/ca\/producte\/traverti-roma-de-serra\/#breadcrumb\",\"itemListElement\":[{\"@type\":\"ListItem\",\"position\":1,\"name\":\"Home\",\"item\":\"https:\/\/www.rocamar.es\/ca\/\"},{\"@type\":\"ListItem\",\"position\":2,\"name\":\"Shop\",\"item\":\"https:\/\/www.rocamar.es\/ca\/shop\/\"},{\"@type\":\"ListItem\",\"position\":3,\"name\":\"Travert\u00ed Rom\u00e0 de serra\"}]},{\"@type\":\"WebSite\",\"@id\":\"https:\/\/www.rocamar.es\/#website\",\"url\":\"https:\/\/www.rocamar.es\/\",\"name\":\"Rocamar\",\"description\":\"Rocas &amp; m\u00e1rmoles\",\"potentialAction\":[{\"@type\":\"SearchAction\",\"target\":{\"@type\":\"EntryPoint\",\"urlTemplate\":\"https:\/\/www.rocamar.es\/?s={search_term_string}\"},\"query-input\":{\"@type\":\"PropertyValueSpecification\",\"valueRequired\":true,\"valueName\":\"search_term_string\"}}],\"inLanguage\":\"ca\"}]}<\/script>\n<!-- \/ Yoast SEO plugin. -->","yoast_head_json":{"title":"Rocamar Travert\u00ed Rom\u00e0 de serra | Rocamar","description":"Cl\u00e0ssic fonament de la urbanitzaci\u00f3 de Roma, eleg\u00e0ncia i classe per a fa\u00e7anes i terres d'exteriors","robots":{"index":"index","follow":"follow","max-snippet":"max-snippet:-1","max-image-preview":"max-image-preview:large","max-video-preview":"max-video-preview:-1"},"canonical":"https:\/\/www.rocamar.es\/ca\/producte\/traverti-roma-de-serra\/","og_locale":"ca_ES","og_type":"article","og_title":"Rocamar Travertino Romano al corte | Rocamar","og_description":"Cl\u00e0ssic fonament de la urbanitzaci\u00f3 de Roma, eleg\u00e0ncia i classe per a fa\u00e7anes i terres d'exteriors","og_url":"https:\/\/www.rocamar.es\/ca\/producte\/traverti-roma-de-serra\/","og_site_name":"Rocamar","article_modified_time":"2023-01-24T13:18:11+00:00","og_image":[{"width":1024,"height":754,"url":"https:\/\/www.rocamar.es\/wp-content\/uploads\/2022\/06\/rocamar_travertino_romano_al_corte_marmol_crema_detalle-1024x754.jpg","type":"image\/jpeg"}],"twitter_card":"summary_large_image","twitter_title":"Rocamar Travertino Romano al corte | Rocamar","twitter_description":"Cl\u00e0ssic fonament de la urbanitzaci\u00f3 de Roma, eleg\u00e0ncia i classe per a fa\u00e7anes i terres d'exteriors","schema":{"@context":"https:\/\/schema.org","@graph":[{"@type":"WebPage","@id":"https:\/\/www.rocamar.es\/ca\/producte\/traverti-roma-de-serra\/","url":"https:\/\/www.rocamar.es\/ca\/producte\/traverti-roma-de-serra\/","name":"Rocamar Travert\u00ed Rom\u00e0 de serra | Rocamar","isPartOf":{"@id":"https:\/\/www.rocamar.es\/#website"},"primaryImageOfPage":{"@id":"https:\/\/www.rocamar.es\/ca\/producte\/traverti-roma-de-serra\/#primaryimage"},"image":{"@id":"https:\/\/www.rocamar.es\/ca\/producte\/traverti-roma-de-serra\/#primaryimage"},"thumbnailUrl":"https:\/\/www.rocamar.es\/wp-content\/uploads\/2022\/06\/rocamar_travertino_romano_al_corte_marmol_crema_detalle.jpg","datePublished":"2022-11-30T12:04:36+00:00","dateModified":"2023-01-24T13:18:11+00:00","description":"Cl\u00e0ssic fonament de la urbanitzaci\u00f3 de Roma, eleg\u00e0ncia i classe per a fa\u00e7anes i terres d'exteriors","breadcrumb":{"@id":"https:\/\/www.rocamar.es\/ca\/producte\/traverti-roma-de-serra\/#breadcrumb"},"inLanguage":"ca","potentialAction":[{"@type":"ReadAction","target":["https:\/\/www.rocamar.es\/ca\/producte\/traverti-roma-de-serra\/"]}]},{"@type":"ImageObject","inLanguage":"ca","@id":"https:\/\/www.rocamar.es\/ca\/producte\/traverti-roma-de-serra\/#primaryimage","url":"https:\/\/www.rocamar.es\/wp-content\/uploads\/2022\/06\/rocamar_travertino_romano_al_corte_marmol_crema_detalle.jpg","contentUrl":"https:\/\/www.rocamar.es\/wp-content\/uploads\/2022\/06\/rocamar_travertino_romano_al_corte_marmol_crema_detalle.jpg","width":2200,"height":1620,"caption":"Rocamar-Travertino Romano al corte"},{"@type":"BreadcrumbList","@id":"https:\/\/www.rocamar.es\/ca\/producte\/traverti-roma-de-serra\/#breadcrumb","itemListElement":[{"@type":"ListItem","position":1,"name":"Home","item":"https:\/\/www.rocamar.es\/ca\/"},{"@type":"ListItem","position":2,"name":"Shop","item":"https:\/\/www.rocamar.es\/ca\/shop\/"},{"@type":"ListItem","position":3,"name":"Travert\u00ed Rom\u00e0 de serra"}]},{"@type":"WebSite","@id":"https:\/\/www.rocamar.es\/#website","url":"https:\/\/www.rocamar.es\/","name":"Rocamar","description":"Rocas &amp; m\u00e1rmoles","potentialAction":[{"@type":"SearchAction","target":{"@type":"EntryPoint","urlTemplate":"https:\/\/www.rocamar.es\/?s={search_term_string}"},"query-input":{"@type":"PropertyValueSpecification","valueRequired":true,"valueName":"search_term_string"}}],"inLanguage":"ca"}]}},"_links":{"self":[{"href":"https:\/\/www.rocamar.es\/ca\/wp-json\/wp\/v2\/product\/4120","targetHints":{"allow":["GET"]}}],"collection":[{"href":"https:\/\/www.rocamar.es\/ca\/wp-json\/wp\/v2\/product"}],"about":[{"href":"https:\/\/www.rocamar.es\/ca\/wp-json\/wp\/v2\/types\/product"}],"replies":[{"embeddable":true,"href":"https:\/\/www.rocamar.es\/ca\/wp-json\/wp\/v2\/comments?post=4120"}],"wp:featuredmedia":[{"embeddable":true,"href":"https:\/\/www.rocamar.es\/ca\/wp-json\/wp\/v2\/media\/2783"}],"wp:attachment":[{"href":"https:\/\/www.rocamar.es\/ca\/wp-json\/wp\/v2\/media?parent=4120"}],"wp:term":[{"taxonomy":"brand","embeddable":true,"href":"https:\/\/www.rocamar.es\/ca\/wp-json\/wp\/v2\/brand?post=4120"},{"taxonomy":"material","embeddable":true,"href":"https:\/\/www.rocamar.es\/ca\/wp-json\/wp\/v2\/material?post=4120"},{"taxonomy":"color","embeddable":true,"href":"https:\/\/www.rocamar.es\/ca\/wp-json\/wp\/v2\/color?post=4120"},{"taxonomy":"product_brand","embeddable":true,"href":"https:\/\/www.rocamar.es\/ca\/wp-json\/wp\/v2\/product_brand?post=4120"},{"taxonomy":"product_cat","embeddable":true,"href":"https:\/\/www.rocamar.es\/ca\/wp-json\/wp\/v2\/product_cat?post=4120"},{"taxonomy":"product_tag","embeddable":true,"href":"https:\/\/www.rocamar.es\/ca\/wp-json\/wp\/v2\/product_tag?post=4120"}],"curies":[{"name":"wp","href":"https:\/\/api.w.org\/{rel}","templated":true}]}}