{"id":4086,"date":"2022-11-30T13:04:02","date_gmt":"2022-11-30T12:04:02","guid":{"rendered":"https:\/\/www.rocamar.es\/producto\/vera\/"},"modified":"2022-11-30T13:40:29","modified_gmt":"2022-11-30T12:40:29","slug":"vera","status":"publish","type":"product","link":"https:\/\/www.rocamar.es\/ca\/producte\/vera\/","title":{"rendered":"Vera"},"content":{"rendered":"<p>Les vetes i el fons en to ciment del color Vera el converteixen en una fusi\u00f3 entre el que \u00e9s natural i el que \u00e9s industrial, de manera que destaca el costat m\u00e9s elegant d&#8217;ambd\u00f3s aspectes. El seu color de fons gris combinat amb les seves vetes de color clar trenca amb l&#8217;est\u00e8tica dels colors convencionals. Bloc i la seva textura suau mat li confereixen un color atemporal.<\/p>\n","protected":false},"excerpt":{"rendered":"<p>Les vetes i el fons en to ciment del color Vera el converteixen en una fusi\u00f3 entre el que \u00e9s natural i el que \u00e9s industrial, de manera que destaca el costat m\u00e9s elegant d&#8217;ambd\u00f3s aspectes. El seu color de fons gris combinat amb les seves vetes de color clar trenca amb l&#8217;est\u00e8tica dels colors&hellip;<\/p>\n","protected":false},"featured_media":2681,"comment_status":"closed","ping_status":"closed","template":"","meta":{"_acf_changed":false},"brand":[93],"material":[111],"color":[79],"product_brand":[],"product_cat":[84],"product_tag":[],"class_list":{"2":"type-product","10":"product","11":"first","12":"instock","13":"purchasable","14":"product-type-simple"},"acf":[],"yoast_head":"<!-- This site is optimized with the Yoast SEO plugin v26.7 - https:\/\/yoast.com\/wordpress\/plugins\/seo\/ -->\n<title>Dekton Vera | Rocamar<\/title>\n<meta name=\"description\" content=\"Les vetes i el fons en to ciment del color Vera el converteixen en una fusi\u00f3 entre el que \u00e9s natural i el que \u00e9s industrial, de manera que destaca el costat m\u00e9s elegant d&#039;ambd\u00f3s aspectes. El seu color de fons gris combinat amb les seves vetes de color clar trenca amb l&#039;est\u00e8tica dels colors convencionals. Bloc i la seva textura suau mat li confereixen un color atemporal.\" \/>\n<meta name=\"robots\" content=\"index, follow, max-snippet:-1, max-image-preview:large, max-video-preview:-1\" \/>\n<link rel=\"canonical\" href=\"https:\/\/www.rocamar.es\/ca\/producte\/vera\/\" \/>\n<meta property=\"og:locale\" content=\"ca_ES\" \/>\n<meta property=\"og:type\" content=\"article\" \/>\n<meta property=\"og:title\" content=\"Dekton Vera | Rocamar\" \/>\n<meta property=\"og:description\" content=\"Les vetes i el fons en to ciment del color Vera el converteixen en una fusi\u00f3 entre el que \u00e9s natural i el que \u00e9s industrial, de manera que destaca el costat m\u00e9s elegant d&#039;ambd\u00f3s aspectes. El seu color de fons gris combinat amb les seves vetes de color clar trenca amb l&#039;est\u00e8tica dels colors convencionals. Bloc i la seva textura suau mat li confereixen un color atemporal.\" \/>\n<meta property=\"og:url\" content=\"https:\/\/www.rocamar.es\/ca\/producte\/vera\/\" \/>\n<meta property=\"og:site_name\" content=\"Rocamar\" \/>\n<meta property=\"article:modified_time\" content=\"2022-11-30T12:40:29+00:00\" \/>\n<meta property=\"og:image\" content=\"https:\/\/www.rocamar.es\/wp-content\/uploads\/2022\/06\/dekton_vera_superficie_ultracompacta_de_altas_prestaciones_gris_detalle.jpg\" \/>\n\t<meta property=\"og:image:width\" content=\"2200\" \/>\n\t<meta property=\"og:image:height\" content=\"1620\" \/>\n\t<meta property=\"og:image:type\" content=\"image\/jpeg\" \/>\n<meta name=\"twitter:card\" content=\"summary_large_image\" \/>\n<meta name=\"twitter:title\" content=\"Dekton Vera | Rocamar\" \/>\n<meta name=\"twitter:description\" content=\"Les vetes i el fons en to ciment del color Vera el converteixen en una fusi\u00f3 entre el que \u00e9s natural i el que \u00e9s industrial, de manera que destaca el costat m\u00e9s elegant d&#039;ambd\u00f3s aspectes. El seu color de fons gris combinat amb les seves vetes de color clar trenca amb l&#039;est\u00e8tica dels colors convencionals. Bloc i la seva textura suau mat li confereixen un color atemporal.\" \/>\n<script type=\"application\/ld+json\" class=\"yoast-schema-graph\">{\"@context\":\"https:\/\/schema.org\",\"@graph\":[{\"@type\":\"WebPage\",\"@id\":\"https:\/\/www.rocamar.es\/ca\/producte\/vera\/\",\"url\":\"https:\/\/www.rocamar.es\/ca\/producte\/vera\/\",\"name\":\"Dekton Vera | Rocamar\",\"isPartOf\":{\"@id\":\"https:\/\/www.rocamar.es\/#website\"},\"primaryImageOfPage\":{\"@id\":\"https:\/\/www.rocamar.es\/ca\/producte\/vera\/#primaryimage\"},\"image\":{\"@id\":\"https:\/\/www.rocamar.es\/ca\/producte\/vera\/#primaryimage\"},\"thumbnailUrl\":\"https:\/\/www.rocamar.es\/wp-content\/uploads\/2022\/06\/dekton_vera_superficie_ultracompacta_de_altas_prestaciones_gris_detalle.jpg\",\"datePublished\":\"2022-11-30T12:04:02+00:00\",\"dateModified\":\"2022-11-30T12:40:29+00:00\",\"description\":\"Les vetes i el fons en to ciment del color Vera el converteixen en una fusi\u00f3 entre el que \u00e9s natural i el que \u00e9s industrial, de manera que destaca el costat m\u00e9s elegant d'ambd\u00f3s aspectes. El seu color de fons gris combinat amb les seves vetes de color clar trenca amb l'est\u00e8tica dels colors convencionals. Bloc i la seva textura suau mat li confereixen un color atemporal.\",\"breadcrumb\":{\"@id\":\"https:\/\/www.rocamar.es\/ca\/producte\/vera\/#breadcrumb\"},\"inLanguage\":\"ca\",\"potentialAction\":[{\"@type\":\"ReadAction\",\"target\":[\"https:\/\/www.rocamar.es\/ca\/producte\/vera\/\"]}]},{\"@type\":\"ImageObject\",\"inLanguage\":\"ca\",\"@id\":\"https:\/\/www.rocamar.es\/ca\/producte\/vera\/#primaryimage\",\"url\":\"https:\/\/www.rocamar.es\/wp-content\/uploads\/2022\/06\/dekton_vera_superficie_ultracompacta_de_altas_prestaciones_gris_detalle.jpg\",\"contentUrl\":\"https:\/\/www.rocamar.es\/wp-content\/uploads\/2022\/06\/dekton_vera_superficie_ultracompacta_de_altas_prestaciones_gris_detalle.jpg\",\"width\":2200,\"height\":1620,\"caption\":\"Dekton-Vera\"},{\"@type\":\"BreadcrumbList\",\"@id\":\"https:\/\/www.rocamar.es\/ca\/producte\/vera\/#breadcrumb\",\"itemListElement\":[{\"@type\":\"ListItem\",\"position\":1,\"name\":\"Home\",\"item\":\"https:\/\/www.rocamar.es\/ca\/\"},{\"@type\":\"ListItem\",\"position\":2,\"name\":\"Shop\",\"item\":\"https:\/\/www.rocamar.es\/ca\/shop\/\"},{\"@type\":\"ListItem\",\"position\":3,\"name\":\"Vera\"}]},{\"@type\":\"WebSite\",\"@id\":\"https:\/\/www.rocamar.es\/#website\",\"url\":\"https:\/\/www.rocamar.es\/\",\"name\":\"Rocamar\",\"description\":\"Rocas &amp; m\u00e1rmoles\",\"potentialAction\":[{\"@type\":\"SearchAction\",\"target\":{\"@type\":\"EntryPoint\",\"urlTemplate\":\"https:\/\/www.rocamar.es\/?s={search_term_string}\"},\"query-input\":{\"@type\":\"PropertyValueSpecification\",\"valueRequired\":true,\"valueName\":\"search_term_string\"}}],\"inLanguage\":\"ca\"}]}<\/script>\n<!-- \/ Yoast SEO plugin. -->","yoast_head_json":{"title":"Dekton Vera | Rocamar","description":"Les vetes i el fons en to ciment del color Vera el converteixen en una fusi\u00f3 entre el que \u00e9s natural i el que \u00e9s industrial, de manera que destaca el costat m\u00e9s elegant d'ambd\u00f3s aspectes. El seu color de fons gris combinat amb les seves vetes de color clar trenca amb l'est\u00e8tica dels colors convencionals. Bloc i la seva textura suau mat li confereixen un color atemporal.","robots":{"index":"index","follow":"follow","max-snippet":"max-snippet:-1","max-image-preview":"max-image-preview:large","max-video-preview":"max-video-preview:-1"},"canonical":"https:\/\/www.rocamar.es\/ca\/producte\/vera\/","og_locale":"ca_ES","og_type":"article","og_title":"Dekton Vera | Rocamar","og_description":"Les vetes i el fons en to ciment del color Vera el converteixen en una fusi\u00f3 entre el que \u00e9s natural i el que \u00e9s industrial, de manera que destaca el costat m\u00e9s elegant d'ambd\u00f3s aspectes. El seu color de fons gris combinat amb les seves vetes de color clar trenca amb l'est\u00e8tica dels colors convencionals. Bloc i la seva textura suau mat li confereixen un color atemporal.","og_url":"https:\/\/www.rocamar.es\/ca\/producte\/vera\/","og_site_name":"Rocamar","article_modified_time":"2022-11-30T12:40:29+00:00","og_image":[{"width":2200,"height":1620,"url":"https:\/\/www.rocamar.es\/wp-content\/uploads\/2022\/06\/dekton_vera_superficie_ultracompacta_de_altas_prestaciones_gris_detalle.jpg","type":"image\/jpeg"}],"twitter_card":"summary_large_image","twitter_title":"Dekton Vera | Rocamar","twitter_description":"Les vetes i el fons en to ciment del color Vera el converteixen en una fusi\u00f3 entre el que \u00e9s natural i el que \u00e9s industrial, de manera que destaca el costat m\u00e9s elegant d'ambd\u00f3s aspectes. El seu color de fons gris combinat amb les seves vetes de color clar trenca amb l'est\u00e8tica dels colors convencionals. Bloc i la seva textura suau mat li confereixen un color atemporal.","schema":{"@context":"https:\/\/schema.org","@graph":[{"@type":"WebPage","@id":"https:\/\/www.rocamar.es\/ca\/producte\/vera\/","url":"https:\/\/www.rocamar.es\/ca\/producte\/vera\/","name":"Dekton Vera | Rocamar","isPartOf":{"@id":"https:\/\/www.rocamar.es\/#website"},"primaryImageOfPage":{"@id":"https:\/\/www.rocamar.es\/ca\/producte\/vera\/#primaryimage"},"image":{"@id":"https:\/\/www.rocamar.es\/ca\/producte\/vera\/#primaryimage"},"thumbnailUrl":"https:\/\/www.rocamar.es\/wp-content\/uploads\/2022\/06\/dekton_vera_superficie_ultracompacta_de_altas_prestaciones_gris_detalle.jpg","datePublished":"2022-11-30T12:04:02+00:00","dateModified":"2022-11-30T12:40:29+00:00","description":"Les vetes i el fons en to ciment del color Vera el converteixen en una fusi\u00f3 entre el que \u00e9s natural i el que \u00e9s industrial, de manera que destaca el costat m\u00e9s elegant d'ambd\u00f3s aspectes. El seu color de fons gris combinat amb les seves vetes de color clar trenca amb l'est\u00e8tica dels colors convencionals. Bloc i la seva textura suau mat li confereixen un color atemporal.","breadcrumb":{"@id":"https:\/\/www.rocamar.es\/ca\/producte\/vera\/#breadcrumb"},"inLanguage":"ca","potentialAction":[{"@type":"ReadAction","target":["https:\/\/www.rocamar.es\/ca\/producte\/vera\/"]}]},{"@type":"ImageObject","inLanguage":"ca","@id":"https:\/\/www.rocamar.es\/ca\/producte\/vera\/#primaryimage","url":"https:\/\/www.rocamar.es\/wp-content\/uploads\/2022\/06\/dekton_vera_superficie_ultracompacta_de_altas_prestaciones_gris_detalle.jpg","contentUrl":"https:\/\/www.rocamar.es\/wp-content\/uploads\/2022\/06\/dekton_vera_superficie_ultracompacta_de_altas_prestaciones_gris_detalle.jpg","width":2200,"height":1620,"caption":"Dekton-Vera"},{"@type":"BreadcrumbList","@id":"https:\/\/www.rocamar.es\/ca\/producte\/vera\/#breadcrumb","itemListElement":[{"@type":"ListItem","position":1,"name":"Home","item":"https:\/\/www.rocamar.es\/ca\/"},{"@type":"ListItem","position":2,"name":"Shop","item":"https:\/\/www.rocamar.es\/ca\/shop\/"},{"@type":"ListItem","position":3,"name":"Vera"}]},{"@type":"WebSite","@id":"https:\/\/www.rocamar.es\/#website","url":"https:\/\/www.rocamar.es\/","name":"Rocamar","description":"Rocas &amp; m\u00e1rmoles","potentialAction":[{"@type":"SearchAction","target":{"@type":"EntryPoint","urlTemplate":"https:\/\/www.rocamar.es\/?s={search_term_string}"},"query-input":{"@type":"PropertyValueSpecification","valueRequired":true,"valueName":"search_term_string"}}],"inLanguage":"ca"}]}},"_links":{"self":[{"href":"https:\/\/www.rocamar.es\/ca\/wp-json\/wp\/v2\/product\/4086","targetHints":{"allow":["GET"]}}],"collection":[{"href":"https:\/\/www.rocamar.es\/ca\/wp-json\/wp\/v2\/product"}],"about":[{"href":"https:\/\/www.rocamar.es\/ca\/wp-json\/wp\/v2\/types\/product"}],"replies":[{"embeddable":true,"href":"https:\/\/www.rocamar.es\/ca\/wp-json\/wp\/v2\/comments?post=4086"}],"wp:featuredmedia":[{"embeddable":true,"href":"https:\/\/www.rocamar.es\/ca\/wp-json\/wp\/v2\/media\/2681"}],"wp:attachment":[{"href":"https:\/\/www.rocamar.es\/ca\/wp-json\/wp\/v2\/media?parent=4086"}],"wp:term":[{"taxonomy":"brand","embeddable":true,"href":"https:\/\/www.rocamar.es\/ca\/wp-json\/wp\/v2\/brand?post=4086"},{"taxonomy":"material","embeddable":true,"href":"https:\/\/www.rocamar.es\/ca\/wp-json\/wp\/v2\/material?post=4086"},{"taxonomy":"color","embeddable":true,"href":"https:\/\/www.rocamar.es\/ca\/wp-json\/wp\/v2\/color?post=4086"},{"taxonomy":"product_brand","embeddable":true,"href":"https:\/\/www.rocamar.es\/ca\/wp-json\/wp\/v2\/product_brand?post=4086"},{"taxonomy":"product_cat","embeddable":true,"href":"https:\/\/www.rocamar.es\/ca\/wp-json\/wp\/v2\/product_cat?post=4086"},{"taxonomy":"product_tag","embeddable":true,"href":"https:\/\/www.rocamar.es\/ca\/wp-json\/wp\/v2\/product_tag?post=4086"}],"curies":[{"name":"wp","href":"https:\/\/api.w.org\/{rel}","templated":true}]}}