{"id":4068,"date":"2022-11-30T13:03:48","date_gmt":"2022-11-30T12:03:48","guid":{"rendered":"https:\/\/www.rocamar.es\/producto\/liquid-shell\/"},"modified":"2023-04-03T14:11:14","modified_gmt":"2023-04-03T13:11:14","slug":"liquid-shell","status":"publish","type":"product","link":"https:\/\/www.rocamar.es\/ca\/producte\/liquid-shell\/","title":{"rendered":"Liquid Shell"},"content":{"rendered":"<p>Liquid Shell, una celebraci\u00f3 de la sobrietat i la suavitat, evoca la vida que amaguen les onades del mar. L&#8217;oce\u00e0 reflecteix la naturalesa r\u00edtmica de la vida, el suau cicle de la marea que doma la roca i crea noves textures i superf\u00edcies amb cada corrent. El disseny de Liquid Shell tamb\u00e9 est\u00e0 inspirat en l&#8217;aspecte nacrat de les petxines marines, \u00edntimament lligada a les marees. El material est\u00e0 creat en un to blanc trencat amb matisos cremes. Una de les seves identitats principals s\u00f3n els canvis de brillantor superficial segons cromaticitats que formen el patr\u00f3, cosa que fa que sigui un color elegant i sofisticat.<\/p>\n","protected":false},"excerpt":{"rendered":"<p>Liquid Shell, una celebraci\u00f3 de la sobrietat i la suavitat, evoca la vida que amaguen les onades del mar. L&#8217;oce\u00e0 reflecteix la naturalesa r\u00edtmica de la vida, el suau cicle de la marea que doma la roca i crea noves textures i superf\u00edcies amb cada corrent. El disseny de Liquid Shell tamb\u00e9 est\u00e0 inspirat en&hellip;<\/p>\n","protected":false},"featured_media":2627,"comment_status":"closed","ping_status":"closed","template":"","meta":{"_acf_changed":false},"brand":[93],"material":[111],"color":[98],"product_brand":[],"product_cat":[84],"product_tag":[],"class_list":{"2":"type-product","10":"product","11":"first","12":"instock","13":"purchasable","14":"product-type-simple"},"acf":[],"yoast_head":"<!-- This site is optimized with the Yoast SEO plugin v26.7 - https:\/\/yoast.com\/wordpress\/plugins\/seo\/ -->\n<title>Dekton Liquid Shell | Rocamar<\/title>\n<meta name=\"description\" content=\"Liquid Shell, una celebraci\u00f3 de la sobrietat i la suavitat, evoca la vida que amaguen les onades del mar. L&#039;oce\u00e0 reflecteix la naturalesa r\u00edtmica de la vida, el suau cicle de la marea que doma la roca i crea noves textures i superf\u00edcies amb cada corrent. El disseny de Liquid Shell tamb\u00e9 est\u00e0 inspirat en l&#039;aspecte nacrat de les petxines marines, \u00edntimament lligada a les marees. El material est\u00e0 creat en un to blanc trencat amb matisos cremes. Una de les seves identitats principals s\u00f3n els canvis de brillantor superficial segons cromaticitats que formen el patr\u00f3, cosa que fa que sigui un color elegant i sofisticat.\" \/>\n<meta name=\"robots\" content=\"index, follow, max-snippet:-1, max-image-preview:large, max-video-preview:-1\" \/>\n<link rel=\"canonical\" href=\"https:\/\/www.rocamar.es\/ca\/producte\/liquid-shell\/\" \/>\n<meta property=\"og:locale\" content=\"ca_ES\" \/>\n<meta property=\"og:type\" content=\"article\" \/>\n<meta property=\"og:title\" content=\"Dekton Liquid Shell | Rocamar\" \/>\n<meta property=\"og:description\" content=\"Liquid Shell, una celebraci\u00f3 de la sobrietat i la suavitat, evoca la vida que amaguen les onades del mar. L&#039;oce\u00e0 reflecteix la naturalesa r\u00edtmica de la vida, el suau cicle de la marea que doma la roca i crea noves textures i superf\u00edcies amb cada corrent. El disseny de Liquid Shell tamb\u00e9 est\u00e0 inspirat en l&#039;aspecte nacrat de les petxines marines, \u00edntimament lligada a les marees. El material est\u00e0 creat en un to blanc trencat amb matisos cremes. Una de les seves identitats principals s\u00f3n els canvis de brillantor superficial segons cromaticitats que formen el patr\u00f3, cosa que fa que sigui un color elegant i sofisticat.\" \/>\n<meta property=\"og:url\" content=\"https:\/\/www.rocamar.es\/ca\/producte\/liquid-shell\/\" \/>\n<meta property=\"og:site_name\" content=\"Rocamar\" \/>\n<meta property=\"article:modified_time\" content=\"2023-04-03T13:11:14+00:00\" \/>\n<meta property=\"og:image\" content=\"https:\/\/www.rocamar.es\/wp-content\/uploads\/2022\/06\/dekton_liquid_shell_superficie_ultracompacta_de_altas_prestaciones_beige_detalle.jpg\" \/>\n\t<meta property=\"og:image:width\" content=\"2200\" \/>\n\t<meta property=\"og:image:height\" content=\"1620\" \/>\n\t<meta property=\"og:image:type\" content=\"image\/jpeg\" \/>\n<meta name=\"twitter:card\" content=\"summary_large_image\" \/>\n<meta name=\"twitter:title\" content=\"Dekton Liquid Shell | Rocamar\" \/>\n<meta name=\"twitter:description\" content=\"Liquid Shell, una celebraci\u00f3 de la sobrietat i la suavitat, evoca la vida que amaguen les onades del mar. L&#039;oce\u00e0 reflecteix la naturalesa r\u00edtmica de la vida, el suau cicle de la marea que doma la roca i crea noves textures i superf\u00edcies amb cada corrent. El disseny de Liquid Shell tamb\u00e9 est\u00e0 inspirat en l&#039;aspecte nacrat de les petxines marines, \u00edntimament lligada a les marees. El material est\u00e0 creat en un to blanc trencat amb matisos cremes. Una de les seves identitats principals s\u00f3n els canvis de brillantor superficial segons cromaticitats que formen el patr\u00f3, cosa que fa que sigui un color elegant i sofisticat.\" \/>\n<meta name=\"twitter:label1\" content=\"Temps estimat de lectura\" \/>\n\t<meta name=\"twitter:data1\" content=\"1 minut\" \/>\n<script type=\"application\/ld+json\" class=\"yoast-schema-graph\">{\"@context\":\"https:\/\/schema.org\",\"@graph\":[{\"@type\":\"WebPage\",\"@id\":\"https:\/\/www.rocamar.es\/ca\/producte\/liquid-shell\/\",\"url\":\"https:\/\/www.rocamar.es\/ca\/producte\/liquid-shell\/\",\"name\":\"Dekton Liquid Shell | Rocamar\",\"isPartOf\":{\"@id\":\"https:\/\/www.rocamar.es\/#website\"},\"primaryImageOfPage\":{\"@id\":\"https:\/\/www.rocamar.es\/ca\/producte\/liquid-shell\/#primaryimage\"},\"image\":{\"@id\":\"https:\/\/www.rocamar.es\/ca\/producte\/liquid-shell\/#primaryimage\"},\"thumbnailUrl\":\"https:\/\/www.rocamar.es\/wp-content\/uploads\/2022\/06\/dekton_liquid_shell_superficie_ultracompacta_de_altas_prestaciones_beige_detalle.jpg\",\"datePublished\":\"2022-11-30T12:03:48+00:00\",\"dateModified\":\"2023-04-03T13:11:14+00:00\",\"description\":\"Liquid Shell, una celebraci\u00f3 de la sobrietat i la suavitat, evoca la vida que amaguen les onades del mar. L'oce\u00e0 reflecteix la naturalesa r\u00edtmica de la vida, el suau cicle de la marea que doma la roca i crea noves textures i superf\u00edcies amb cada corrent. El disseny de Liquid Shell tamb\u00e9 est\u00e0 inspirat en l'aspecte nacrat de les petxines marines, \u00edntimament lligada a les marees. El material est\u00e0 creat en un to blanc trencat amb matisos cremes. Una de les seves identitats principals s\u00f3n els canvis de brillantor superficial segons cromaticitats que formen el patr\u00f3, cosa que fa que sigui un color elegant i sofisticat.\",\"breadcrumb\":{\"@id\":\"https:\/\/www.rocamar.es\/ca\/producte\/liquid-shell\/#breadcrumb\"},\"inLanguage\":\"ca\",\"potentialAction\":[{\"@type\":\"ReadAction\",\"target\":[\"https:\/\/www.rocamar.es\/ca\/producte\/liquid-shell\/\"]}]},{\"@type\":\"ImageObject\",\"inLanguage\":\"ca\",\"@id\":\"https:\/\/www.rocamar.es\/ca\/producte\/liquid-shell\/#primaryimage\",\"url\":\"https:\/\/www.rocamar.es\/wp-content\/uploads\/2022\/06\/dekton_liquid_shell_superficie_ultracompacta_de_altas_prestaciones_beige_detalle.jpg\",\"contentUrl\":\"https:\/\/www.rocamar.es\/wp-content\/uploads\/2022\/06\/dekton_liquid_shell_superficie_ultracompacta_de_altas_prestaciones_beige_detalle.jpg\",\"width\":2200,\"height\":1620,\"caption\":\"Dekton-Liquid Shell\"},{\"@type\":\"BreadcrumbList\",\"@id\":\"https:\/\/www.rocamar.es\/ca\/producte\/liquid-shell\/#breadcrumb\",\"itemListElement\":[{\"@type\":\"ListItem\",\"position\":1,\"name\":\"Home\",\"item\":\"https:\/\/www.rocamar.es\/ca\/\"},{\"@type\":\"ListItem\",\"position\":2,\"name\":\"Shop\",\"item\":\"https:\/\/www.rocamar.es\/ca\/shop\/\"},{\"@type\":\"ListItem\",\"position\":3,\"name\":\"Liquid Shell\"}]},{\"@type\":\"WebSite\",\"@id\":\"https:\/\/www.rocamar.es\/#website\",\"url\":\"https:\/\/www.rocamar.es\/\",\"name\":\"Rocamar\",\"description\":\"Rocas &amp; m\u00e1rmoles\",\"potentialAction\":[{\"@type\":\"SearchAction\",\"target\":{\"@type\":\"EntryPoint\",\"urlTemplate\":\"https:\/\/www.rocamar.es\/?s={search_term_string}\"},\"query-input\":{\"@type\":\"PropertyValueSpecification\",\"valueRequired\":true,\"valueName\":\"search_term_string\"}}],\"inLanguage\":\"ca\"}]}<\/script>\n<!-- \/ Yoast SEO plugin. -->","yoast_head_json":{"title":"Dekton Liquid Shell | Rocamar","description":"Liquid Shell, una celebraci\u00f3 de la sobrietat i la suavitat, evoca la vida que amaguen les onades del mar. L'oce\u00e0 reflecteix la naturalesa r\u00edtmica de la vida, el suau cicle de la marea que doma la roca i crea noves textures i superf\u00edcies amb cada corrent. El disseny de Liquid Shell tamb\u00e9 est\u00e0 inspirat en l'aspecte nacrat de les petxines marines, \u00edntimament lligada a les marees. El material est\u00e0 creat en un to blanc trencat amb matisos cremes. Una de les seves identitats principals s\u00f3n els canvis de brillantor superficial segons cromaticitats que formen el patr\u00f3, cosa que fa que sigui un color elegant i sofisticat.","robots":{"index":"index","follow":"follow","max-snippet":"max-snippet:-1","max-image-preview":"max-image-preview:large","max-video-preview":"max-video-preview:-1"},"canonical":"https:\/\/www.rocamar.es\/ca\/producte\/liquid-shell\/","og_locale":"ca_ES","og_type":"article","og_title":"Dekton Liquid Shell | Rocamar","og_description":"Liquid Shell, una celebraci\u00f3 de la sobrietat i la suavitat, evoca la vida que amaguen les onades del mar. L'oce\u00e0 reflecteix la naturalesa r\u00edtmica de la vida, el suau cicle de la marea que doma la roca i crea noves textures i superf\u00edcies amb cada corrent. El disseny de Liquid Shell tamb\u00e9 est\u00e0 inspirat en l'aspecte nacrat de les petxines marines, \u00edntimament lligada a les marees. El material est\u00e0 creat en un to blanc trencat amb matisos cremes. Una de les seves identitats principals s\u00f3n els canvis de brillantor superficial segons cromaticitats que formen el patr\u00f3, cosa que fa que sigui un color elegant i sofisticat.","og_url":"https:\/\/www.rocamar.es\/ca\/producte\/liquid-shell\/","og_site_name":"Rocamar","article_modified_time":"2023-04-03T13:11:14+00:00","og_image":[{"width":2200,"height":1620,"url":"https:\/\/www.rocamar.es\/wp-content\/uploads\/2022\/06\/dekton_liquid_shell_superficie_ultracompacta_de_altas_prestaciones_beige_detalle.jpg","type":"image\/jpeg"}],"twitter_card":"summary_large_image","twitter_title":"Dekton Liquid Shell | Rocamar","twitter_description":"Liquid Shell, una celebraci\u00f3 de la sobrietat i la suavitat, evoca la vida que amaguen les onades del mar. L'oce\u00e0 reflecteix la naturalesa r\u00edtmica de la vida, el suau cicle de la marea que doma la roca i crea noves textures i superf\u00edcies amb cada corrent. El disseny de Liquid Shell tamb\u00e9 est\u00e0 inspirat en l'aspecte nacrat de les petxines marines, \u00edntimament lligada a les marees. El material est\u00e0 creat en un to blanc trencat amb matisos cremes. Una de les seves identitats principals s\u00f3n els canvis de brillantor superficial segons cromaticitats que formen el patr\u00f3, cosa que fa que sigui un color elegant i sofisticat.","twitter_misc":{"Temps estimat de lectura":"1 minut"},"schema":{"@context":"https:\/\/schema.org","@graph":[{"@type":"WebPage","@id":"https:\/\/www.rocamar.es\/ca\/producte\/liquid-shell\/","url":"https:\/\/www.rocamar.es\/ca\/producte\/liquid-shell\/","name":"Dekton Liquid Shell | Rocamar","isPartOf":{"@id":"https:\/\/www.rocamar.es\/#website"},"primaryImageOfPage":{"@id":"https:\/\/www.rocamar.es\/ca\/producte\/liquid-shell\/#primaryimage"},"image":{"@id":"https:\/\/www.rocamar.es\/ca\/producte\/liquid-shell\/#primaryimage"},"thumbnailUrl":"https:\/\/www.rocamar.es\/wp-content\/uploads\/2022\/06\/dekton_liquid_shell_superficie_ultracompacta_de_altas_prestaciones_beige_detalle.jpg","datePublished":"2022-11-30T12:03:48+00:00","dateModified":"2023-04-03T13:11:14+00:00","description":"Liquid Shell, una celebraci\u00f3 de la sobrietat i la suavitat, evoca la vida que amaguen les onades del mar. L'oce\u00e0 reflecteix la naturalesa r\u00edtmica de la vida, el suau cicle de la marea que doma la roca i crea noves textures i superf\u00edcies amb cada corrent. El disseny de Liquid Shell tamb\u00e9 est\u00e0 inspirat en l'aspecte nacrat de les petxines marines, \u00edntimament lligada a les marees. El material est\u00e0 creat en un to blanc trencat amb matisos cremes. Una de les seves identitats principals s\u00f3n els canvis de brillantor superficial segons cromaticitats que formen el patr\u00f3, cosa que fa que sigui un color elegant i sofisticat.","breadcrumb":{"@id":"https:\/\/www.rocamar.es\/ca\/producte\/liquid-shell\/#breadcrumb"},"inLanguage":"ca","potentialAction":[{"@type":"ReadAction","target":["https:\/\/www.rocamar.es\/ca\/producte\/liquid-shell\/"]}]},{"@type":"ImageObject","inLanguage":"ca","@id":"https:\/\/www.rocamar.es\/ca\/producte\/liquid-shell\/#primaryimage","url":"https:\/\/www.rocamar.es\/wp-content\/uploads\/2022\/06\/dekton_liquid_shell_superficie_ultracompacta_de_altas_prestaciones_beige_detalle.jpg","contentUrl":"https:\/\/www.rocamar.es\/wp-content\/uploads\/2022\/06\/dekton_liquid_shell_superficie_ultracompacta_de_altas_prestaciones_beige_detalle.jpg","width":2200,"height":1620,"caption":"Dekton-Liquid Shell"},{"@type":"BreadcrumbList","@id":"https:\/\/www.rocamar.es\/ca\/producte\/liquid-shell\/#breadcrumb","itemListElement":[{"@type":"ListItem","position":1,"name":"Home","item":"https:\/\/www.rocamar.es\/ca\/"},{"@type":"ListItem","position":2,"name":"Shop","item":"https:\/\/www.rocamar.es\/ca\/shop\/"},{"@type":"ListItem","position":3,"name":"Liquid Shell"}]},{"@type":"WebSite","@id":"https:\/\/www.rocamar.es\/#website","url":"https:\/\/www.rocamar.es\/","name":"Rocamar","description":"Rocas &amp; m\u00e1rmoles","potentialAction":[{"@type":"SearchAction","target":{"@type":"EntryPoint","urlTemplate":"https:\/\/www.rocamar.es\/?s={search_term_string}"},"query-input":{"@type":"PropertyValueSpecification","valueRequired":true,"valueName":"search_term_string"}}],"inLanguage":"ca"}]}},"_links":{"self":[{"href":"https:\/\/www.rocamar.es\/ca\/wp-json\/wp\/v2\/product\/4068","targetHints":{"allow":["GET"]}}],"collection":[{"href":"https:\/\/www.rocamar.es\/ca\/wp-json\/wp\/v2\/product"}],"about":[{"href":"https:\/\/www.rocamar.es\/ca\/wp-json\/wp\/v2\/types\/product"}],"replies":[{"embeddable":true,"href":"https:\/\/www.rocamar.es\/ca\/wp-json\/wp\/v2\/comments?post=4068"}],"wp:featuredmedia":[{"embeddable":true,"href":"https:\/\/www.rocamar.es\/ca\/wp-json\/wp\/v2\/media\/2627"}],"wp:attachment":[{"href":"https:\/\/www.rocamar.es\/ca\/wp-json\/wp\/v2\/media?parent=4068"}],"wp:term":[{"taxonomy":"brand","embeddable":true,"href":"https:\/\/www.rocamar.es\/ca\/wp-json\/wp\/v2\/brand?post=4068"},{"taxonomy":"material","embeddable":true,"href":"https:\/\/www.rocamar.es\/ca\/wp-json\/wp\/v2\/material?post=4068"},{"taxonomy":"color","embeddable":true,"href":"https:\/\/www.rocamar.es\/ca\/wp-json\/wp\/v2\/color?post=4068"},{"taxonomy":"product_brand","embeddable":true,"href":"https:\/\/www.rocamar.es\/ca\/wp-json\/wp\/v2\/product_brand?post=4068"},{"taxonomy":"product_cat","embeddable":true,"href":"https:\/\/www.rocamar.es\/ca\/wp-json\/wp\/v2\/product_cat?post=4068"},{"taxonomy":"product_tag","embeddable":true,"href":"https:\/\/www.rocamar.es\/ca\/wp-json\/wp\/v2\/product_tag?post=4068"}],"curies":[{"name":"wp","href":"https:\/\/api.w.org\/{rel}","templated":true}]}}