{"id":5009,"date":"2023-06-14T09:32:09","date_gmt":"2023-06-14T08:32:09","guid":{"rendered":"https:\/\/www.rocamar.es\/sostenibilidad\/"},"modified":"2023-06-23T09:34:34","modified_gmt":"2023-06-23T08:34:34","slug":"sostenibilitat","status":"publish","type":"page","link":"https:\/\/www.rocamar.es\/ca\/sostenibilitat\/","title":{"rendered":"Sostenibilitat"},"content":{"rendered":"\t\t<div data-elementor-type=\"wp-page\" data-elementor-id=\"5009\" class=\"elementor elementor-5009 elementor-4956\" data-elementor-post-type=\"page\">\n\t\t\t\t\t\t<section class=\"elementor-section elementor-top-section elementor-element elementor-element-fe9e607 elementor-section-stretched elementor-section-boxed elementor-section-height-default elementor-section-height-default\" data-id=\"fe9e607\" data-element_type=\"section\" data-settings=\"{&quot;stretch_section&quot;:&quot;section-stretched&quot;,&quot;background_background&quot;:&quot;classic&quot;}\">\n\t\t\t\t\t\t<div class=\"elementor-container elementor-column-gap-default\">\n\t\t\t\t\t<div class=\"elementor-column elementor-col-100 elementor-top-column elementor-element elementor-element-f665f44\" data-id=\"f665f44\" data-element_type=\"column\">\n\t\t\t<div class=\"elementor-widget-wrap elementor-element-populated\">\n\t\t\t\t\t\t<div class=\"elementor-element elementor-element-167abf7 elementor-widget elementor-widget-spacer\" data-id=\"167abf7\" data-element_type=\"widget\" data-widget_type=\"spacer.default\">\n\t\t\t\t<div class=\"elementor-widget-container\">\n\t\t\t\t\t\t\t<div class=\"elementor-spacer\">\n\t\t\t<div class=\"elementor-spacer-inner\"><\/div>\n\t\t<\/div>\n\t\t\t\t\t\t<\/div>\n\t\t\t\t<\/div>\n\t\t\t\t<div class=\"elementor-element elementor-element-769abc4 elementor-widget elementor-widget-text-editor\" data-id=\"769abc4\" data-element_type=\"widget\" data-widget_type=\"text-editor.default\">\n\t\t\t\t<div class=\"elementor-widget-container\">\n\t\t\t\t\t\t\t\t\t<p>Rocamar<\/p>\t\t\t\t\t\t\t\t<\/div>\n\t\t\t\t<\/div>\n\t\t\t\t<div class=\"elementor-element elementor-element-3688212 elementor-widget elementor-widget-heading\" data-id=\"3688212\" data-element_type=\"widget\" data-widget_type=\"heading.default\">\n\t\t\t\t<div class=\"elementor-widget-container\">\n\t\t\t\t\t<h1 class=\"elementor-heading-title elementor-size-default\">Sostenibilitat<\/h1>\t\t\t\t<\/div>\n\t\t\t\t<\/div>\n\t\t\t\t<div class=\"elementor-element elementor-element-812be86 elementor-widget elementor-widget-spacer\" data-id=\"812be86\" data-element_type=\"widget\" data-widget_type=\"spacer.default\">\n\t\t\t\t<div class=\"elementor-widget-container\">\n\t\t\t\t\t\t\t<div class=\"elementor-spacer\">\n\t\t\t<div class=\"elementor-spacer-inner\"><\/div>\n\t\t<\/div>\n\t\t\t\t\t\t<\/div>\n\t\t\t\t<\/div>\n\t\t\t\t\t<\/div>\n\t\t<\/div>\n\t\t\t\t\t<\/div>\n\t\t<\/section>\n\t\t\t\t<section class=\"elementor-section elementor-top-section elementor-element elementor-element-f9305a2 elementor-section-boxed elementor-section-height-default elementor-section-height-default\" data-id=\"f9305a2\" data-element_type=\"section\">\n\t\t\t\t\t\t<div class=\"elementor-container elementor-column-gap-default\">\n\t\t\t\t\t<div class=\"elementor-column elementor-col-100 elementor-top-column elementor-element elementor-element-d90332f\" data-id=\"d90332f\" data-element_type=\"column\">\n\t\t\t<div class=\"elementor-widget-wrap elementor-element-populated\">\n\t\t\t\t\t\t<div class=\"elementor-element elementor-element-4050023 elementor-widget elementor-widget-text-editor\" data-id=\"4050023\" data-element_type=\"widget\" data-widget_type=\"text-editor.default\">\n\t\t\t\t<div class=\"elementor-widget-container\">\n\t\t\t\t\t\t\t\t\t<p>Plenament conscient des dels seus inicis de la import\u00e0ncia de la <strong>sostenibilitat i de la cura del medi ambient<\/strong>, <strong>Rocamar<\/strong> ha dut a terme en els \u00faltims anys una <strong>inversi\u00f3 molt important en energies renovables<\/strong>.\u00a0<\/p>\t\t\t\t\t\t\t\t<\/div>\n\t\t\t\t<\/div>\n\t\t\t\t\t<\/div>\n\t\t<\/div>\n\t\t\t\t\t<\/div>\n\t\t<\/section>\n\t\t\t\t<section class=\"elementor-section elementor-top-section elementor-element elementor-element-5f4722b elementor-section-stretched elementor-section-boxed elementor-section-height-default elementor-section-height-default\" data-id=\"5f4722b\" data-element_type=\"section\" data-settings=\"{&quot;stretch_section&quot;:&quot;section-stretched&quot;,&quot;background_background&quot;:&quot;classic&quot;}\">\n\t\t\t\t\t\t<div class=\"elementor-container elementor-column-gap-default\">\n\t\t\t\t\t<div class=\"elementor-column elementor-col-100 elementor-top-column elementor-element elementor-element-a8564fe\" data-id=\"a8564fe\" data-element_type=\"column\">\n\t\t\t<div class=\"elementor-widget-wrap elementor-element-populated\">\n\t\t\t\t\t\t<section class=\"elementor-section elementor-inner-section elementor-element elementor-element-2dd09e8 elementor-section-boxed elementor-section-height-default elementor-section-height-default\" data-id=\"2dd09e8\" data-element_type=\"section\">\n\t\t\t\t\t\t<div class=\"elementor-container elementor-column-gap-default\">\n\t\t\t\t\t<div class=\"elementor-column elementor-col-50 elementor-inner-column elementor-element elementor-element-111eb5f\" data-id=\"111eb5f\" data-element_type=\"column\">\n\t\t\t<div class=\"elementor-widget-wrap elementor-element-populated\">\n\t\t\t\t\t\t<div class=\"elementor-element elementor-element-6ed1800 elementor-widget elementor-widget-text-editor\" data-id=\"6ed1800\" data-element_type=\"widget\" data-widget_type=\"text-editor.default\">\n\t\t\t\t<div class=\"elementor-widget-container\">\n\t\t\t\t\t\t\t\t\t<p>2007<\/p>\t\t\t\t\t\t\t\t<\/div>\n\t\t\t\t<\/div>\n\t\t\t\t<div class=\"elementor-element elementor-element-70c928d elementor-widget elementor-widget-text-editor\" data-id=\"70c928d\" data-element_type=\"widget\" data-widget_type=\"text-editor.default\">\n\t\t\t\t<div class=\"elementor-widget-container\">\n\t\t\t\t\t\t\t\t\t<p>Primera fase amb una <strong>instal\u00b7laci\u00f3 solar fotovoltaica<\/strong> de 113 kWp a la nau Indalmarsan, ocupant els 1.250 m<sup>2<\/sup> de tota la coberta sud. La inversi\u00f3 va ser de 540.000 \u20ac i la instal\u00b7laci\u00f3 permet una producci\u00f3 de 145.000 kWh\/any d&#8217;energia <strong> neta, <\/strong>aix\u00ed com l&#8217;estalvi d&#8217;unes 100 tones d&#8217;emissi\u00f3 a l&#8217;atmosfera de CO<sub>2<\/sub>\/any.\u00a0<\/p>\t\t\t\t\t\t\t\t<\/div>\n\t\t\t\t<\/div>\n\t\t\t\t\t<\/div>\n\t\t<\/div>\n\t\t\t\t<div class=\"elementor-column elementor-col-50 elementor-inner-column elementor-element elementor-element-bc83402\" data-id=\"bc83402\" data-element_type=\"column\">\n\t\t\t<div class=\"elementor-widget-wrap elementor-element-populated\">\n\t\t\t\t\t\t<div class=\"elementor-element elementor-element-f77a37a elementor-widget elementor-widget-image\" data-id=\"f77a37a\" data-element_type=\"widget\" data-widget_type=\"image.default\">\n\t\t\t\t<div class=\"elementor-widget-container\">\n\t\t\t\t\t\t\t\t\t\t\t\t\t\t\t<img fetchpriority=\"high\" decoding=\"async\" width=\"2000\" height=\"1000\" src=\"https:\/\/www.rocamar.es\/wp-content\/uploads\/2023\/06\/rocamar_sostenibilidad_2007_01.png\" class=\"attachment-full size-full wp-image-4983\" alt=\"\" srcset=\"https:\/\/www.rocamar.es\/wp-content\/uploads\/2023\/06\/rocamar_sostenibilidad_2007_01.png 2000w, https:\/\/www.rocamar.es\/wp-content\/uploads\/2023\/06\/rocamar_sostenibilidad_2007_01-300x150.png 300w, https:\/\/www.rocamar.es\/wp-content\/uploads\/2023\/06\/rocamar_sostenibilidad_2007_01-1024x512.png 1024w, https:\/\/www.rocamar.es\/wp-content\/uploads\/2023\/06\/rocamar_sostenibilidad_2007_01-768x384.png 768w, https:\/\/www.rocamar.es\/wp-content\/uploads\/2023\/06\/rocamar_sostenibilidad_2007_01-1536x768.png 1536w, https:\/\/www.rocamar.es\/wp-content\/uploads\/2023\/06\/rocamar_sostenibilidad_2007_01-600x300.png 600w\" sizes=\"(max-width: 2000px) 100vw, 2000px\" \/>\t\t\t\t\t\t\t\t\t\t\t\t\t\t\t<\/div>\n\t\t\t\t<\/div>\n\t\t\t\t\t<\/div>\n\t\t<\/div>\n\t\t\t\t\t<\/div>\n\t\t<\/section>\n\t\t\t\t<section class=\"elementor-section elementor-inner-section elementor-element elementor-element-c4da0cc elementor-reverse-mobile elementor-section-boxed elementor-section-height-default elementor-section-height-default\" data-id=\"c4da0cc\" data-element_type=\"section\">\n\t\t\t\t\t\t<div class=\"elementor-container elementor-column-gap-default\">\n\t\t\t\t\t<div class=\"elementor-column elementor-col-50 elementor-inner-column elementor-element elementor-element-8358029\" data-id=\"8358029\" data-element_type=\"column\">\n\t\t\t<div class=\"elementor-widget-wrap elementor-element-populated\">\n\t\t\t\t\t\t<div class=\"elementor-element elementor-element-e17ec6f elementor-widget elementor-widget-image\" data-id=\"e17ec6f\" data-element_type=\"widget\" data-widget_type=\"image.default\">\n\t\t\t\t<div class=\"elementor-widget-container\">\n\t\t\t\t\t\t\t\t\t\t\t\t\t\t\t<img decoding=\"async\" width=\"2000\" height=\"1000\" src=\"https:\/\/www.rocamar.es\/wp-content\/uploads\/2023\/06\/rocamar_sostenibilidad_2021_02.png\" class=\"attachment-full size-full wp-image-4985\" alt=\"\" srcset=\"https:\/\/www.rocamar.es\/wp-content\/uploads\/2023\/06\/rocamar_sostenibilidad_2021_02.png 2000w, https:\/\/www.rocamar.es\/wp-content\/uploads\/2023\/06\/rocamar_sostenibilidad_2021_02-300x150.png 300w, https:\/\/www.rocamar.es\/wp-content\/uploads\/2023\/06\/rocamar_sostenibilidad_2021_02-1024x512.png 1024w, https:\/\/www.rocamar.es\/wp-content\/uploads\/2023\/06\/rocamar_sostenibilidad_2021_02-768x384.png 768w, https:\/\/www.rocamar.es\/wp-content\/uploads\/2023\/06\/rocamar_sostenibilidad_2021_02-1536x768.png 1536w, https:\/\/www.rocamar.es\/wp-content\/uploads\/2023\/06\/rocamar_sostenibilidad_2021_02-600x300.png 600w\" sizes=\"(max-width: 2000px) 100vw, 2000px\" \/>\t\t\t\t\t\t\t\t\t\t\t\t\t\t\t<\/div>\n\t\t\t\t<\/div>\n\t\t\t\t\t<\/div>\n\t\t<\/div>\n\t\t\t\t<div class=\"elementor-column elementor-col-50 elementor-inner-column elementor-element elementor-element-8ac2672\" data-id=\"8ac2672\" data-element_type=\"column\">\n\t\t\t<div class=\"elementor-widget-wrap elementor-element-populated\">\n\t\t\t\t\t\t<div class=\"elementor-element elementor-element-c60dc38 elementor-widget elementor-widget-text-editor\" data-id=\"c60dc38\" data-element_type=\"widget\" data-widget_type=\"text-editor.default\">\n\t\t\t\t<div class=\"elementor-widget-container\">\n\t\t\t\t\t\t\t\t\t<p>2021<\/p>\t\t\t\t\t\t\t\t<\/div>\n\t\t\t\t<\/div>\n\t\t\t\t<div class=\"elementor-element elementor-element-2168e33 elementor-widget elementor-widget-text-editor\" data-id=\"2168e33\" data-element_type=\"widget\" data-widget_type=\"text-editor.default\">\n\t\t\t\t<div class=\"elementor-widget-container\">\n\t\t\t\t\t\t\t\t\t<p>Al febrer d&#8217;aquest any es posa en marxa la nova <strong>instal\u00b7laci\u00f3 fotovoltaica d&#8217;autoconsum<\/strong> de 57,33 kWp en els 450 m<sup>2 <\/sup>de les marquesines de la nau. La inversi\u00f3 de 58.000 \u20ac permet una producci\u00f3 de 74.000 kWh\/any i aconsegueix estalviar l&#8217;emissi\u00f3 d&#8217;unes 51,7 tones de CO<sub>2<\/sub>\/any a l&#8217;atmosfera.\u00a0<\/p>\t\t\t\t\t\t\t\t<\/div>\n\t\t\t\t<\/div>\n\t\t\t\t\t<\/div>\n\t\t<\/div>\n\t\t\t\t\t<\/div>\n\t\t<\/section>\n\t\t\t\t<section class=\"elementor-section elementor-inner-section elementor-element elementor-element-3325d6e elementor-section-boxed elementor-section-height-default elementor-section-height-default\" data-id=\"3325d6e\" data-element_type=\"section\">\n\t\t\t\t\t\t<div class=\"elementor-container elementor-column-gap-default\">\n\t\t\t\t\t<div class=\"elementor-column elementor-col-50 elementor-inner-column elementor-element elementor-element-1912339\" data-id=\"1912339\" data-element_type=\"column\">\n\t\t\t<div class=\"elementor-widget-wrap elementor-element-populated\">\n\t\t\t\t\t\t<div class=\"elementor-element elementor-element-f1144ea elementor-widget elementor-widget-text-editor\" data-id=\"f1144ea\" data-element_type=\"widget\" data-widget_type=\"text-editor.default\">\n\t\t\t\t<div class=\"elementor-widget-container\">\n\t\t\t\t\t\t\t\t\t<p>2023<\/p>\t\t\t\t\t\t\t\t<\/div>\n\t\t\t\t<\/div>\n\t\t\t\t<div class=\"elementor-element elementor-element-aa767f2 elementor-widget elementor-widget-text-editor\" data-id=\"aa767f2\" data-element_type=\"widget\" data-widget_type=\"text-editor.default\">\n\t\t\t\t<div class=\"elementor-widget-container\">\n\t\t\t\t\t\t\t\t\t<p>Al maig, amb una inversi\u00f3 de 40.000 \u20ac s&#8217;instal\u00b7len bateries d&#8217;Ions de Liti de 48 kWh connectades a la <strong>instal\u00b7laci\u00f3 fotovoltaica d&#8217;autoconsum<\/strong>. Per a aquesta inversi\u00f3 comptem amb una subvenci\u00f3 Next Generation de la Uni\u00f3 Europea de 15.600 \u20ac.<\/p><p>El cicle d&#8217;aportaci\u00f3\/consum es divideix en dues clares fases:<\/p><ol><li><strong>Hores del migdia<\/strong>. Aqu\u00ed la producci\u00f3 \u00e9s major que el consum de l&#8217;empresa i el sobrant s&#8217;acumula en les bateries. Una vegada completes les mateixes al 100%, si encara hi ha excedent, aquest s&#8217;injecta directament a la xarxa de la companyia el\u00e8ctrica.<\/li><li><strong>Sol baix o de nit<\/strong>. La producci\u00f3 el\u00e8ctrica de la planta fotovoltaica disminueix o desapareix. En aquests moments, l&#8217;energia el\u00e8ctrica emmagatzemada en les bateries cobreix el consum necessari fins que aquestes s&#8217;esgoten, moment en el qual la xarxa de la companyia torna a cobrir les necessitats de l&#8217;empresa.\u00a0<\/li><\/ol>\t\t\t\t\t\t\t\t<\/div>\n\t\t\t\t<\/div>\n\t\t\t\t\t<\/div>\n\t\t<\/div>\n\t\t\t\t<div class=\"elementor-column elementor-col-50 elementor-inner-column elementor-element elementor-element-c625140\" data-id=\"c625140\" data-element_type=\"column\">\n\t\t\t<div class=\"elementor-widget-wrap elementor-element-populated\">\n\t\t\t\t\t\t<div class=\"elementor-element elementor-element-f7216cd elementor-widget elementor-widget-image\" data-id=\"f7216cd\" data-element_type=\"widget\" data-widget_type=\"image.default\">\n\t\t\t\t<div class=\"elementor-widget-container\">\n\t\t\t\t\t\t\t\t\t\t\t\t\t\t\t<img decoding=\"async\" width=\"2000\" height=\"1000\" src=\"https:\/\/www.rocamar.es\/wp-content\/uploads\/2023\/06\/rocamar_sostenibilidad_2023_01.png\" class=\"attachment-full size-full wp-image-4987\" alt=\"\" srcset=\"https:\/\/www.rocamar.es\/wp-content\/uploads\/2023\/06\/rocamar_sostenibilidad_2023_01.png 2000w, https:\/\/www.rocamar.es\/wp-content\/uploads\/2023\/06\/rocamar_sostenibilidad_2023_01-300x150.png 300w, https:\/\/www.rocamar.es\/wp-content\/uploads\/2023\/06\/rocamar_sostenibilidad_2023_01-1024x512.png 1024w, https:\/\/www.rocamar.es\/wp-content\/uploads\/2023\/06\/rocamar_sostenibilidad_2023_01-768x384.png 768w, https:\/\/www.rocamar.es\/wp-content\/uploads\/2023\/06\/rocamar_sostenibilidad_2023_01-1536x768.png 1536w, https:\/\/www.rocamar.es\/wp-content\/uploads\/2023\/06\/rocamar_sostenibilidad_2023_01-600x300.png 600w\" sizes=\"(max-width: 2000px) 100vw, 2000px\" \/>\t\t\t\t\t\t\t\t\t\t\t\t\t\t\t<\/div>\n\t\t\t\t<\/div>\n\t\t\t\t\t<\/div>\n\t\t<\/div>\n\t\t\t\t\t<\/div>\n\t\t<\/section>\n\t\t\t\t\t<\/div>\n\t\t<\/div>\n\t\t\t\t\t<\/div>\n\t\t<\/section>\n\t\t\t\t<section class=\"elementor-section elementor-top-section elementor-element elementor-element-9e43e71 elementor-section-stretched elementor-section-boxed elementor-section-height-default elementor-section-height-default\" data-id=\"9e43e71\" data-element_type=\"section\" data-settings=\"{&quot;stretch_section&quot;:&quot;section-stretched&quot;,&quot;background_background&quot;:&quot;classic&quot;}\">\n\t\t\t\t\t\t<div class=\"elementor-container elementor-column-gap-default\">\n\t\t\t\t\t<div class=\"elementor-column elementor-col-50 elementor-top-column elementor-element elementor-element-d9bf68d\" data-id=\"d9bf68d\" data-element_type=\"column\">\n\t\t\t<div class=\"elementor-widget-wrap elementor-element-populated\">\n\t\t\t\t\t\t<div class=\"elementor-element elementor-element-94b64ba elementor-widget elementor-widget-image\" data-id=\"94b64ba\" data-element_type=\"widget\" data-widget_type=\"image.default\">\n\t\t\t\t<div class=\"elementor-widget-container\">\n\t\t\t\t\t\t\t\t\t\t\t\t\t\t\t<img loading=\"lazy\" decoding=\"async\" width=\"1257\" height=\"890\" src=\"https:\/\/www.rocamar.es\/wp-content\/uploads\/2023\/06\/Cartell-publicitari-ajuts-renovables.jpg\" class=\"attachment-full size-full wp-image-4964\" alt=\"\" srcset=\"https:\/\/www.rocamar.es\/wp-content\/uploads\/2023\/06\/Cartell-publicitari-ajuts-renovables.jpg 1257w, https:\/\/www.rocamar.es\/wp-content\/uploads\/2023\/06\/Cartell-publicitari-ajuts-renovables-300x212.jpg 300w, https:\/\/www.rocamar.es\/wp-content\/uploads\/2023\/06\/Cartell-publicitari-ajuts-renovables-1024x725.jpg 1024w, https:\/\/www.rocamar.es\/wp-content\/uploads\/2023\/06\/Cartell-publicitari-ajuts-renovables-768x544.jpg 768w, https:\/\/www.rocamar.es\/wp-content\/uploads\/2023\/06\/Cartell-publicitari-ajuts-renovables-600x425.jpg 600w\" sizes=\"(max-width: 1257px) 100vw, 1257px\" \/>\t\t\t\t\t\t\t\t\t\t\t\t\t\t\t<\/div>\n\t\t\t\t<\/div>\n\t\t\t\t\t<\/div>\n\t\t<\/div>\n\t\t\t\t<div class=\"elementor-column elementor-col-50 elementor-top-column elementor-element elementor-element-92a9f7b\" data-id=\"92a9f7b\" data-element_type=\"column\">\n\t\t\t<div class=\"elementor-widget-wrap elementor-element-populated\">\n\t\t\t\t\t\t<div class=\"elementor-element elementor-element-54add8a elementor-widget elementor-widget-heading\" data-id=\"54add8a\" data-element_type=\"widget\" data-widget_type=\"heading.default\">\n\t\t\t\t<div class=\"elementor-widget-container\">\n\t\t\t\t\t<h2 class=\"elementor-heading-title elementor-size-default\">R\u00e0tio Anual d'autosufici\u00e8ncia<\/h2>\t\t\t\t<\/div>\n\t\t\t\t<\/div>\n\t\t\t\t<div class=\"elementor-element elementor-element-1575e1a elementor-widget elementor-widget-text-editor\" data-id=\"1575e1a\" data-element_type=\"widget\" data-widget_type=\"text-editor.default\">\n\t\t\t\t<div class=\"elementor-widget-container\">\n\t\t\t\t\t\t\t\t\t<p>Gr\u00e0cies a tot aix\u00f2, s&#8217;ha aconseguit que el r\u00e0tio anual esperat d&#8217;autosufici\u00e8ncia (percentatge d&#8217;energia consumida que prov\u00e9 directament de la producci\u00f3 fotovoltaica i de les bateries), passi del 60% al 92%.\u00a0<\/p>\t\t\t\t\t\t\t\t<\/div>\n\t\t\t\t<\/div>\n\t\t\t\t\t<\/div>\n\t\t<\/div>\n\t\t\t\t\t<\/div>\n\t\t<\/section>\n\t\t\t\t<\/div>\n\t\t","protected":false},"excerpt":{"rendered":"<p>Rocamar Sostenibilitat Plenament conscient des dels seus inicis de la import\u00e0ncia de la sostenibilitat i de la cura del medi ambient, Rocamar ha dut a terme en els \u00faltims anys una inversi\u00f3 molt important en energies renovables.&nbsp; 2007 Primera fase amb una instal\u00b7laci\u00f3 solar fotovoltaica de 113 kWp a la nau Indalmarsan, ocupant els 1.250&hellip;<\/p>\n","protected":false},"author":9,"featured_media":0,"parent":0,"menu_order":0,"comment_status":"closed","ping_status":"closed","template":"","meta":{"_acf_changed":false,"footnotes":""},"class_list":{"2":"type-page","4":"hentry"},"acf":[],"yoast_head":"<!-- This site is optimized with the Yoast SEO plugin v26.7 - https:\/\/yoast.com\/wordpress\/plugins\/seo\/ -->\n<title>Sostenibilitat - Rocamar<\/title>\n<meta name=\"robots\" content=\"index, follow, max-snippet:-1, max-image-preview:large, max-video-preview:-1\" \/>\n<link rel=\"canonical\" href=\"https:\/\/www.rocamar.es\/ca\/sostenibilitat\/\" \/>\n<meta property=\"og:locale\" content=\"ca_ES\" \/>\n<meta property=\"og:type\" content=\"article\" \/>\n<meta property=\"og:title\" content=\"Sostenibilitat - Rocamar\" \/>\n<meta property=\"og:description\" content=\"Rocamar Sostenibilitat Plenament conscient des dels seus inicis de la import\u00e0ncia de la sostenibilitat i de la cura del medi ambient, Rocamar ha dut a terme en els \u00faltims anys una inversi\u00f3 molt important en energies renovables.&nbsp; 2007 Primera fase amb una instal\u00b7laci\u00f3 solar fotovoltaica de 113 kWp a la nau Indalmarsan, ocupant els 1.250&hellip;\" \/>\n<meta property=\"og:url\" content=\"https:\/\/www.rocamar.es\/ca\/sostenibilitat\/\" \/>\n<meta property=\"og:site_name\" content=\"Rocamar\" \/>\n<meta property=\"article:modified_time\" content=\"2023-06-23T08:34:34+00:00\" \/>\n<meta property=\"og:image\" content=\"https:\/\/www.rocamar.es\/wp-content\/uploads\/2023\/06\/rocamar_sostenibilidad_2007_01.png\" \/>\n<meta name=\"twitter:card\" content=\"summary_large_image\" \/>\n<meta name=\"twitter:label1\" content=\"Temps estimat de lectura\" \/>\n\t<meta name=\"twitter:data1\" content=\"3 minuts\" \/>\n<script type=\"application\/ld+json\" class=\"yoast-schema-graph\">{\"@context\":\"https:\/\/schema.org\",\"@graph\":[{\"@type\":\"WebPage\",\"@id\":\"https:\/\/www.rocamar.es\/ca\/sostenibilitat\/\",\"url\":\"https:\/\/www.rocamar.es\/ca\/sostenibilitat\/\",\"name\":\"Sostenibilitat - Rocamar\",\"isPartOf\":{\"@id\":\"https:\/\/www.rocamar.es\/#website\"},\"primaryImageOfPage\":{\"@id\":\"https:\/\/www.rocamar.es\/ca\/sostenibilitat\/#primaryimage\"},\"image\":{\"@id\":\"https:\/\/www.rocamar.es\/ca\/sostenibilitat\/#primaryimage\"},\"thumbnailUrl\":\"https:\/\/www.rocamar.es\/wp-content\/uploads\/2023\/06\/rocamar_sostenibilidad_2007_01.png\",\"datePublished\":\"2023-06-14T08:32:09+00:00\",\"dateModified\":\"2023-06-23T08:34:34+00:00\",\"breadcrumb\":{\"@id\":\"https:\/\/www.rocamar.es\/ca\/sostenibilitat\/#breadcrumb\"},\"inLanguage\":\"ca\",\"potentialAction\":[{\"@type\":\"ReadAction\",\"target\":[\"https:\/\/www.rocamar.es\/ca\/sostenibilitat\/\"]}]},{\"@type\":\"ImageObject\",\"inLanguage\":\"ca\",\"@id\":\"https:\/\/www.rocamar.es\/ca\/sostenibilitat\/#primaryimage\",\"url\":\"https:\/\/www.rocamar.es\/wp-content\/uploads\/2023\/06\/rocamar_sostenibilidad_2007_01.png\",\"contentUrl\":\"https:\/\/www.rocamar.es\/wp-content\/uploads\/2023\/06\/rocamar_sostenibilidad_2007_01.png\"},{\"@type\":\"BreadcrumbList\",\"@id\":\"https:\/\/www.rocamar.es\/ca\/sostenibilitat\/#breadcrumb\",\"itemListElement\":[{\"@type\":\"ListItem\",\"position\":1,\"name\":\"Home\",\"item\":\"https:\/\/www.rocamar.es\/ca\/\"},{\"@type\":\"ListItem\",\"position\":2,\"name\":\"Sostenibilitat\"}]},{\"@type\":\"WebSite\",\"@id\":\"https:\/\/www.rocamar.es\/#website\",\"url\":\"https:\/\/www.rocamar.es\/\",\"name\":\"Rocamar\",\"description\":\"Rocas &amp; m\u00e1rmoles\",\"potentialAction\":[{\"@type\":\"SearchAction\",\"target\":{\"@type\":\"EntryPoint\",\"urlTemplate\":\"https:\/\/www.rocamar.es\/?s={search_term_string}\"},\"query-input\":{\"@type\":\"PropertyValueSpecification\",\"valueRequired\":true,\"valueName\":\"search_term_string\"}}],\"inLanguage\":\"ca\"}]}<\/script>\n<!-- \/ Yoast SEO plugin. -->","yoast_head_json":{"title":"Sostenibilitat - Rocamar","robots":{"index":"index","follow":"follow","max-snippet":"max-snippet:-1","max-image-preview":"max-image-preview:large","max-video-preview":"max-video-preview:-1"},"canonical":"https:\/\/www.rocamar.es\/ca\/sostenibilitat\/","og_locale":"ca_ES","og_type":"article","og_title":"Sostenibilitat - Rocamar","og_description":"Rocamar Sostenibilitat Plenament conscient des dels seus inicis de la import\u00e0ncia de la sostenibilitat i de la cura del medi ambient, Rocamar ha dut a terme en els \u00faltims anys una inversi\u00f3 molt important en energies renovables.&nbsp; 2007 Primera fase amb una instal\u00b7laci\u00f3 solar fotovoltaica de 113 kWp a la nau Indalmarsan, ocupant els 1.250&hellip;","og_url":"https:\/\/www.rocamar.es\/ca\/sostenibilitat\/","og_site_name":"Rocamar","article_modified_time":"2023-06-23T08:34:34+00:00","og_image":[{"url":"https:\/\/www.rocamar.es\/wp-content\/uploads\/2023\/06\/rocamar_sostenibilidad_2007_01.png","type":"","width":"","height":""}],"twitter_card":"summary_large_image","twitter_misc":{"Temps estimat de lectura":"3 minuts"},"schema":{"@context":"https:\/\/schema.org","@graph":[{"@type":"WebPage","@id":"https:\/\/www.rocamar.es\/ca\/sostenibilitat\/","url":"https:\/\/www.rocamar.es\/ca\/sostenibilitat\/","name":"Sostenibilitat - Rocamar","isPartOf":{"@id":"https:\/\/www.rocamar.es\/#website"},"primaryImageOfPage":{"@id":"https:\/\/www.rocamar.es\/ca\/sostenibilitat\/#primaryimage"},"image":{"@id":"https:\/\/www.rocamar.es\/ca\/sostenibilitat\/#primaryimage"},"thumbnailUrl":"https:\/\/www.rocamar.es\/wp-content\/uploads\/2023\/06\/rocamar_sostenibilidad_2007_01.png","datePublished":"2023-06-14T08:32:09+00:00","dateModified":"2023-06-23T08:34:34+00:00","breadcrumb":{"@id":"https:\/\/www.rocamar.es\/ca\/sostenibilitat\/#breadcrumb"},"inLanguage":"ca","potentialAction":[{"@type":"ReadAction","target":["https:\/\/www.rocamar.es\/ca\/sostenibilitat\/"]}]},{"@type":"ImageObject","inLanguage":"ca","@id":"https:\/\/www.rocamar.es\/ca\/sostenibilitat\/#primaryimage","url":"https:\/\/www.rocamar.es\/wp-content\/uploads\/2023\/06\/rocamar_sostenibilidad_2007_01.png","contentUrl":"https:\/\/www.rocamar.es\/wp-content\/uploads\/2023\/06\/rocamar_sostenibilidad_2007_01.png"},{"@type":"BreadcrumbList","@id":"https:\/\/www.rocamar.es\/ca\/sostenibilitat\/#breadcrumb","itemListElement":[{"@type":"ListItem","position":1,"name":"Home","item":"https:\/\/www.rocamar.es\/ca\/"},{"@type":"ListItem","position":2,"name":"Sostenibilitat"}]},{"@type":"WebSite","@id":"https:\/\/www.rocamar.es\/#website","url":"https:\/\/www.rocamar.es\/","name":"Rocamar","description":"Rocas &amp; m\u00e1rmoles","potentialAction":[{"@type":"SearchAction","target":{"@type":"EntryPoint","urlTemplate":"https:\/\/www.rocamar.es\/?s={search_term_string}"},"query-input":{"@type":"PropertyValueSpecification","valueRequired":true,"valueName":"search_term_string"}}],"inLanguage":"ca"}]}},"_links":{"self":[{"href":"https:\/\/www.rocamar.es\/ca\/wp-json\/wp\/v2\/pages\/5009","targetHints":{"allow":["GET"]}}],"collection":[{"href":"https:\/\/www.rocamar.es\/ca\/wp-json\/wp\/v2\/pages"}],"about":[{"href":"https:\/\/www.rocamar.es\/ca\/wp-json\/wp\/v2\/types\/page"}],"author":[{"embeddable":true,"href":"https:\/\/www.rocamar.es\/ca\/wp-json\/wp\/v2\/users\/9"}],"replies":[{"embeddable":true,"href":"https:\/\/www.rocamar.es\/ca\/wp-json\/wp\/v2\/comments?post=5009"}],"version-history":[{"count":0,"href":"https:\/\/www.rocamar.es\/ca\/wp-json\/wp\/v2\/pages\/5009\/revisions"}],"wp:attachment":[{"href":"https:\/\/www.rocamar.es\/ca\/wp-json\/wp\/v2\/media?parent=5009"}],"curies":[{"name":"wp","href":"https:\/\/api.w.org\/{rel}","templated":true}]}}