{"id":3190,"date":"2022-11-29T12:23:11","date_gmt":"2022-11-29T10:23:11","guid":{"rendered":"https:\/\/www.rocamar.es\/visita-showroom\/"},"modified":"2026-01-20T13:22:43","modified_gmt":"2026-01-20T11:22:43","slug":"visita-showroom","status":"publish","type":"page","link":"https:\/\/www.rocamar.es\/ca\/visita-showroom\/","title":{"rendered":"Visita Showroom"},"content":{"rendered":"\t\t<div data-elementor-type=\"wp-page\" data-elementor-id=\"3190\" class=\"elementor elementor-3190 elementor-3178\" data-elementor-post-type=\"page\">\n\t\t\t\t\t\t<section class=\"elementor-section elementor-top-section elementor-element elementor-element-fe9e607 elementor-section-stretched elementor-section-boxed elementor-section-height-default elementor-section-height-default\" data-id=\"fe9e607\" data-element_type=\"section\" data-settings=\"{&quot;stretch_section&quot;:&quot;section-stretched&quot;,&quot;background_background&quot;:&quot;classic&quot;}\">\n\t\t\t\t\t\t<div class=\"elementor-container elementor-column-gap-default\">\n\t\t\t\t\t<div class=\"elementor-column elementor-col-100 elementor-top-column elementor-element elementor-element-f665f44\" data-id=\"f665f44\" data-element_type=\"column\">\n\t\t\t<div class=\"elementor-widget-wrap elementor-element-populated\">\n\t\t\t\t\t\t<div class=\"elementor-element elementor-element-167abf7 elementor-widget elementor-widget-spacer\" data-id=\"167abf7\" data-element_type=\"widget\" data-widget_type=\"spacer.default\">\n\t\t\t\t<div class=\"elementor-widget-container\">\n\t\t\t\t\t\t\t<div class=\"elementor-spacer\">\n\t\t\t<div class=\"elementor-spacer-inner\"><\/div>\n\t\t<\/div>\n\t\t\t\t\t\t<\/div>\n\t\t\t\t<\/div>\n\t\t\t\t<div class=\"elementor-element elementor-element-769abc4 elementor-widget elementor-widget-text-editor\" data-id=\"769abc4\" data-element_type=\"widget\" data-widget_type=\"text-editor.default\">\n\t\t\t\t<div class=\"elementor-widget-container\">\n\t\t\t\t\t\t\t\t\t<p>Rocamar<\/p>\t\t\t\t\t\t\t\t<\/div>\n\t\t\t\t<\/div>\n\t\t\t\t<div class=\"elementor-element elementor-element-3688212 elementor-widget elementor-widget-heading\" data-id=\"3688212\" data-element_type=\"widget\" data-widget_type=\"heading.default\">\n\t\t\t\t<div class=\"elementor-widget-container\">\n\t\t\t\t\t<h1 class=\"elementor-heading-title elementor-size-default\">Visita showroom<\/h1>\t\t\t\t<\/div>\n\t\t\t\t<\/div>\n\t\t\t\t<div class=\"elementor-element elementor-element-812be86 elementor-widget elementor-widget-spacer\" data-id=\"812be86\" data-element_type=\"widget\" data-widget_type=\"spacer.default\">\n\t\t\t\t<div class=\"elementor-widget-container\">\n\t\t\t\t\t\t\t<div class=\"elementor-spacer\">\n\t\t\t<div class=\"elementor-spacer-inner\"><\/div>\n\t\t<\/div>\n\t\t\t\t\t\t<\/div>\n\t\t\t\t<\/div>\n\t\t\t\t\t<\/div>\n\t\t<\/div>\n\t\t\t\t\t<\/div>\n\t\t<\/section>\n\t\t\t\t<section class=\"elementor-section elementor-top-section elementor-element elementor-element-1c123f4 elementor-section-boxed elementor-section-height-default elementor-section-height-default\" data-id=\"1c123f4\" data-element_type=\"section\">\n\t\t\t\t\t\t<div class=\"elementor-container elementor-column-gap-default\">\n\t\t\t\t\t<div class=\"elementor-column elementor-col-66 elementor-top-column elementor-element elementor-element-9d0cb4a\" data-id=\"9d0cb4a\" data-element_type=\"column\">\n\t\t\t<div class=\"elementor-widget-wrap elementor-element-populated\">\n\t\t\t\t\t\t<div class=\"elementor-element elementor-element-a43d7a2 elementor-widget elementor-widget-spacer\" data-id=\"a43d7a2\" data-element_type=\"widget\" data-widget_type=\"spacer.default\">\n\t\t\t\t<div class=\"elementor-widget-container\">\n\t\t\t\t\t\t\t<div class=\"elementor-spacer\">\n\t\t\t<div class=\"elementor-spacer-inner\"><\/div>\n\t\t<\/div>\n\t\t\t\t\t\t<\/div>\n\t\t\t\t<\/div>\n\t\t\t\t<div class=\"elementor-element elementor-element-92da427 elementor-widget elementor-widget-text-editor\" data-id=\"92da427\" data-element_type=\"widget\" data-widget_type=\"text-editor.default\">\n\t\t\t\t<div class=\"elementor-widget-container\">\n\t\t\t\t\t\t\t\t\t<p><strong>Rocamar<\/strong> som distribu\u00efdor majorista de pedres naturals i artificials per a la decoraci\u00f3, per\u00f2 no elaborem. Oferim un <strong>Servei de Cita Pr\u00e8via<\/strong> per visitar el nostre Showroom, per\u00f2 sempre requerir\u00e0 de la intervenci\u00f3 d&#8217;un <strong>professional marbrista<\/strong> que ser\u00e0 qui podr\u00e0 executar el projecte desitjat per a casa seva.<\/p>\t\t\t\t\t\t\t\t<\/div>\n\t\t\t\t<\/div>\n\t\t\t\t<div class=\"elementor-element elementor-element-bc65c87 elementor-widget elementor-widget-spacer\" data-id=\"bc65c87\" data-element_type=\"widget\" data-widget_type=\"spacer.default\">\n\t\t\t\t<div class=\"elementor-widget-container\">\n\t\t\t\t\t\t\t<div class=\"elementor-spacer\">\n\t\t\t<div class=\"elementor-spacer-inner\"><\/div>\n\t\t<\/div>\n\t\t\t\t\t\t<\/div>\n\t\t\t\t<\/div>\n\t\t\t\t<div class=\"elementor-element elementor-element-d4dcc0b elementor-widget elementor-widget-shortcode\" data-id=\"d4dcc0b\" data-element_type=\"widget\" data-widget_type=\"shortcode.default\">\n\t\t\t\t<div class=\"elementor-widget-container\">\n\t\t\t\t\t\t\t<div class=\"elementor-shortcode\"><!--\nPlugin Name: Bookly \u2013 Responsive WordPress Appointment Booking and Scheduling Plugin\nPlugin URI: https:\/\/www.booking-wp-plugin.com\/?utm_source=bookly_admin&utm_medium=plugins_page&utm_campaign=plugins_page\nVersion: 22.8-->\n    <style type=\"text\/css\">\n        :root {\n            --bookly-main-color: #009aef !important;\n        }\n        \/* Color *\/\n        .bookly-form .bookly-form-group > label,\n        .bookly-form .bookly-label-error,\n        .bookly-form .bookly-progress-tracker > .active,\n        .bookly-form .picker__nav--next,\n        .bookly-form .pickadate__nav--prev,\n        .bookly-form .picker__day:hover,\n        .bookly-form .picker__day--selected:hover,\n        .bookly-form .picker--opened .picker__day--selected,\n        .bookly-form .picker__button--clear,\n        .bookly-form .picker__button--today,\n        .bookly-form .bookly-columnizer .bookly-hour span.bookly-waiting-list {\n            color: #009aef !important;\n        }\n\n        \/* Background *\/\n        .bookly-form .bookly-progress-tracker > .active .step,\n        .bookly-form .picker__frame,\n        .bookly-form .bookly-columnizer .bookly-hour:active .bookly-hour-icon span,\n        .bookly-form .bookly-btn,\n        .bookly-form .bookly-btn:active,\n        .bookly-form .bookly-btn:focus,\n        .bookly-form .bookly-btn:hover,\n        .bookly-form .bookly-btn-submit,\n        .bookly-form .bookly-round,\n        .bookly-form .bookly-square,\n        .bookly-form .bookly-pagination > li.active {\n            background-color: #009aef !important;\n        }\n\n        .bookly-form .bookly-triangle {\n            border-bottom-color: #009aef !important;\n        }\n\n        \/* Border *\/\n        .bookly-form input[type=\"text\"].bookly-error,\n        .bookly-form input[type=\"password\"].bookly-error,\n        .bookly-form select.bookly-error,\n        .bookly-form textarea.bookly-error,\n        .bookly-form .bookly-week-days.bookly-error,\n        .bookly-extra-step div.bookly-extras-thumb.bookly-extras-selected {\n            border: 2px solid #009aef !important;\n        }\n\n        \/* Other *\/\n        .bookly-form .picker__header {\n            border-bottom: 1px solid #009aef !important;\n        }\n\n        .bookly-form .picker__nav--next:before {\n            border-left: 6px solid #009aef !important;\n        }\n\n        .bookly-form .picker__nav--prev:before {\n            border-right: 6px solid #009aef !important;\n        }\n\n        .bookly-form .bookly-columnizer .bookly-day, .bookly-form .bookly-schedule-date {\n            background: #009aef !important;\n            border: 1px solid #009aef !important;\n        }\n\n        .bookly-form .bookly-pagination > li.active a {\n            border: 1px solid #009aef !important;\n        }\n\n        .bookly-form .bookly-columnizer .bookly-hour:active {\n            border: 2px solid #009aef !important;\n            color: #009aef !important;\n        }\n\n        .bookly-form .bookly-columnizer .bookly-hour:active .bookly-hour-icon {\n            background: none;\n            border: 2px solid #009aef !important;\n            color: #009aef !important;\n            width: auto;\n            height: auto;\n            padding: 3px;\n            border-radius: 25px;\n            margin-right: 3px;\n        }\n\n        .bookly-form .bookly-columnizer .bookly-hour:active .bookly-hour-icon span {\n            background-color: #009aef !important;\n            width: 8px;\n            height: 8px;\n            border-radius: 10px;\n            display: block;\n        }\n\n        @media (hover) {\n            .bookly-form .bookly-columnizer .bookly-hour:hover {\n                border: 2px solid #009aef !important;\n                color: #009aef !important;\n            }\n\n            .bookly-form .bookly-columnizer .bookly-hour:hover .bookly-hour-icon {\n                background: none;\n                border: 2px solid #009aef !important;\n                color: #009aef !important;\n            }\n\n            .bookly-form .bookly-columnizer .bookly-hour:hover .bookly-hour-icon span {\n                background-color: #009aef !important;\n            }\n        }\n    <\/style>\n\n    <style type=\"text\/css\">\n        input.bookly-custom-field {\n    width: auto;\n}    <\/style>\n<div id=\"bookly-form-69fbf196ae576\" class=\"bookly-form\" data-form_id=\"69fbf196ae576\" aria-live=\"polite\">\n    <div style=\"text-align: center\"><img decoding=\"async\" src=\"https:\/\/www.rocamar.es\/wp-includes\/js\/tinymce\/skins\/lightgray\/img\/loader.gif\" alt=\"Loading...\"\/><\/div>\n<\/div>\n<script type=\"text\/javascript\">\n    (function (win, fn) {\n        var done = false, top = true,\n            doc = win.document,\n            root = doc.documentElement,\n            modern = doc.addEventListener,\n            add = modern ? 'addEventListener' : 'attachEvent',\n            rem = modern ? 'removeEventListener' : 'detachEvent',\n            pre = modern ? '' : 'on',\n            init = function(e) {\n                if (e.type == 'readystatechange') if (doc.readyState != 'complete') return;\n                (e.type == 'load' ? win : doc)[rem](pre + e.type, init, false);\n                if (!done) { done = true; fn.call(win, e.type || e); }\n            },\n            poll = function() {\n                try { root.doScroll('left'); } catch(e) { setTimeout(poll, 50); return; }\n                init('poll');\n            };\n        if (doc.readyState == 'complete') fn.call(win, 'lazy');\n        else {\n            if (!modern) if (root.doScroll) {\n                try { top = !win.frameElement; } catch(e) { }\n                if (top) poll();\n            }\n            doc[add](pre + 'DOMContentLoaded', init, false);\n            doc[add](pre + 'readystatechange', init, false);\n            win[add](pre + 'load', init, false);\n        }\n    })(window, function() {\n        window.bookly( {\"form_id\":\"69fbf196ae576\",\"status\":{\"booking\":\"new\"},\"skip_steps\":{\"service_part1\":0,\"service_part2\":1,\"extras\":1,\"time\":0,\"repeat\":1,\"cart\":1},\"errors\":{\"session_error\":\"Session error.\",\"form_id_error\":\"Form ID error.\",\"cart_item_not_available\":\"L'hora seleccionada ja no est\\u00e0 disponible. Trieu una altra ranura d'hora.\",\"pay_locally_not_available\":\"Pay locally is not available.\",\"invalid_gateway\":\"Invalid gateway.\",\"payment_error\":\"Error.\",\"incorrect_username_password\":\"Nom d'usuari o contrasenya incorrectes.\"},\"form_attributes\":{\"hide_categories\":true,\"hide_services\":true,\"hide_staff_members\":false,\"show_number_of_persons\":false,\"hide_service_duration\":true,\"hide_locations\":true,\"hide_quantity\":true,\"hide_date\":true,\"hide_week_days\":true,\"hide_time_range\":true},\"use_client_time_zone\":0,\"firstDay\":1,\"date_format\":\"dd\\\/mm\\\/yyyy\",\"defaults\":{\"service_id\":4,\"staff_id\":0,\"location_id\":0,\"category_id\":0},\"facebook\":{\"enabled\":0,\"appId\":\"\"}} );\n    });\n<\/script><\/div>\n\t\t\t\t\t\t<\/div>\n\t\t\t\t<\/div>\n\t\t\t\t<div class=\"elementor-element elementor-element-85061f9 elementor-widget elementor-widget-text-editor\" data-id=\"85061f9\" data-element_type=\"widget\" data-widget_type=\"text-editor.default\">\n\t\t\t\t<div class=\"elementor-widget-container\">\n\t\t\t\t\t\t\t\t\t<p>* Per q\u00fcestions de seguretat, ser\u00e0 obligatori l&#8217;\u00fas d&#8217;equips de protecci\u00f3 individual (casc i armilla reflectora) per accedir al Showroom. Rocamar els facilitar\u00e0 a les nostres instal\u00b7lacions.\u00a0<\/p>\t\t\t\t\t\t\t\t<\/div>\n\t\t\t\t<\/div>\n\t\t\t\t\t<\/div>\n\t\t<\/div>\n\t\t\t\t<div class=\"elementor-column elementor-col-33 elementor-top-column elementor-element elementor-element-e54b42f\" data-id=\"e54b42f\" data-element_type=\"column\">\n\t\t\t<div class=\"elementor-widget-wrap elementor-element-populated\">\n\t\t\t\t\t\t<div class=\"elementor-element elementor-element-cfcc080 elementor-widget elementor-widget-spacer\" data-id=\"cfcc080\" data-element_type=\"widget\" data-widget_type=\"spacer.default\">\n\t\t\t\t<div class=\"elementor-widget-container\">\n\t\t\t\t\t\t\t<div class=\"elementor-spacer\">\n\t\t\t<div class=\"elementor-spacer-inner\"><\/div>\n\t\t<\/div>\n\t\t\t\t\t\t<\/div>\n\t\t\t\t<\/div>\n\t\t\t\t<div class=\"elementor-element elementor-element-00379f8 elementor-widget elementor-widget-image\" data-id=\"00379f8\" data-element_type=\"widget\" data-widget_type=\"image.default\">\n\t\t\t\t<div class=\"elementor-widget-container\">\n\t\t\t\t\t\t\t\t\t\t\t\t\t\t\t<img decoding=\"async\" width=\"278\" height=\"57\" src=\"https:\/\/www.rocamar.es\/wp-content\/uploads\/2022\/03\/logo_rocamar-3.svg\" class=\"attachment-thumbnail size-thumbnail wp-image-2298\" alt=\"\" \/>\t\t\t\t\t\t\t\t\t\t\t\t\t\t\t<\/div>\n\t\t\t\t<\/div>\n\t\t\t\t<div class=\"elementor-element elementor-element-7c474d9 elementor-widget elementor-widget-text-editor\" data-id=\"7c474d9\" data-element_type=\"widget\" data-widget_type=\"text-editor.default\">\n\t\t\t\t<div class=\"elementor-widget-container\">\n\t\t\t\t\t\t\t\t\t<strong style=\"color: #12234B;\">ROCAMAR<br \/>\nRocas y M\u00e1rmoles, S.A<\/strong><br \/>\nTorrent de Can Pay\u00e0s, 7-11<br \/>\nPol. Ind. Pla d\u2019en Coll<br \/>\n08110 Montcada i Reixac<br \/>\nTel. +935 646 553 | Fax. +935 751 121<br \/>\n<a href=\"mailto:rocamar@rocamar.es\">rocamar@rocamar.es<\/a>\t\t\t\t\t\t\t\t<\/div>\n\t\t\t\t<\/div>\n\t\t\t\t<div class=\"elementor-element elementor-element-5f6c95a elementor-hidden-desktop elementor-hidden-tablet elementor-hidden-mobile elementor-widget elementor-widget-text-editor\" data-id=\"5f6c95a\" data-element_type=\"widget\" data-widget_type=\"text-editor.default\">\n\t\t\t\t<div class=\"elementor-widget-container\">\n\t\t\t\t\t\t\t\t\t<strong style=\"color: #12234B;\">E-mails de contacto:<\/strong><br \/>\nEmpresa: <a href=\"mailto:rocamar@rocamar.es\">rocamar@rocamar.es<\/a><br \/>\nAdministraci\u00f3n: <a href=\"mailto:administracion@rocamar.es\">administracion@rocamar.es<\/a><br \/>\nPedidos: <a href=\"mailto:almacen@rocamar.es\">almacen@rocamar.es<\/a><br \/>\nComercial: <a href=\"mailto:fgonzalez@rocamar.es\">fgonzalez@rocamar.es<\/a> y <a href=\"mailto:jpalacios@rocamar.es\">jpalacios@rocamar.es<\/a><br \/>\nPresupuestos: <a href=\"mailto:ogarcia@rocamar.es\">ogarcia@rocamar.es<\/a><br \/>\nDirecci\u00f3n: <a href=\"mailto:jmarin@rocmar.es\">jmarin@rocmar.es<\/a>\t\t\t\t\t\t\t\t<\/div>\n\t\t\t\t<\/div>\n\t\t\t\t<div class=\"elementor-element elementor-element-fed3a25 elementor-widget elementor-widget-text-editor\" data-id=\"fed3a25\" data-element_type=\"widget\" data-widget_type=\"text-editor.default\">\n\t\t\t\t<div class=\"elementor-widget-container\">\n\t\t\t\t\t\t\t\t\t<p><strong style=\"color: #12234b;\">Horaris vigents per a tot l&#8217;any 2026:<\/strong><br \/><strong><i>Atenci\u00f3 per a c\u00e0rrega de materials al magatzem:<\/i><\/strong><br \/>Dilluns a dijous de 08:00 h a 13:30 h i de 15:00 h a 17:30 h<br \/>Divendres de 08:00 h a 13:30 h i de 15:00 h a 17:00 h<br \/><strong><i>Atenci\u00f3 telef\u00f2nica a oficina i magatzem:<\/i><\/strong><br \/>Dilluns a dijous de 08:00 h a 13:30 h i de 15:00 h a 18:00 h<br \/>Divendres de 08:00 h a 13:30 h i de 15:00 h a 17:00 h<br \/><strong><i>Per\u00edode de vacances:<\/i><\/strong><br \/>Tancat per vacances del 10 d&#8217;agost al 30 d&#8217;agost del 2026<br \/><strong><i>Dies tancats fora de caps de setmana:<\/i><\/strong><br \/>Gener: 2 i 5<br \/>Abril: 2, 3 i 6<br \/>Maig: 1<br \/>Juny: 24<br \/>Setembre: 11<br \/>Octubre: 12<br \/>Desembre: 7, 8 i 25<\/p>\t\t\t\t\t\t\t\t<\/div>\n\t\t\t\t<\/div>\n\t\t\t\t\t<\/div>\n\t\t<\/div>\n\t\t\t\t\t<\/div>\n\t\t<\/section>\n\t\t\t\t<section class=\"elementor-section elementor-top-section elementor-element elementor-element-8c97f9d elementor-section-stretched elementor-section-full_width elementor-section-height-default elementor-section-height-default\" data-id=\"8c97f9d\" data-element_type=\"section\" data-settings=\"{&quot;stretch_section&quot;:&quot;section-stretched&quot;}\">\n\t\t\t\t\t\t<div class=\"elementor-container elementor-column-gap-default\">\n\t\t\t\t\t<div class=\"elementor-column elementor-col-100 elementor-top-column elementor-element elementor-element-02e0644\" data-id=\"02e0644\" data-element_type=\"column\">\n\t\t\t<div class=\"elementor-widget-wrap elementor-element-populated\">\n\t\t\t\t\t\t<div class=\"elementor-element elementor-element-66e35d2 elementor-widget elementor-widget-google_maps\" data-id=\"66e35d2\" data-element_type=\"widget\" data-widget_type=\"google_maps.default\">\n\t\t\t\t<div class=\"elementor-widget-container\">\n\t\t\t\t\t\t\t<div class=\"elementor-custom-embed\">\n\t\t\t<iframe loading=\"lazy\"\n\t\t\t\t\tsrc=\"https:\/\/maps.google.com\/maps?q=Rocamar%3A%20Roques%20i%20Marbres%2C%20Moncada%20y%20Reixach&#038;t=m&#038;z=16&#038;output=embed&#038;iwloc=near\"\n\t\t\t\t\ttitle=\"Rocamar: Roques i Marbres, Moncada y Reixach\"\n\t\t\t\t\taria-label=\"Rocamar: Roques i Marbres, Moncada y Reixach\"\n\t\t\t><\/iframe>\n\t\t<\/div>\n\t\t\t\t\t\t<\/div>\n\t\t\t\t<\/div>\n\t\t\t\t\t<\/div>\n\t\t<\/div>\n\t\t\t\t\t<\/div>\n\t\t<\/section>\n\t\t\t\t<\/div>\n\t\t","protected":false},"excerpt":{"rendered":"<p>Rocamar Visita showroom Rocamar som distribu\u00efdor majorista de pedres naturals i artificials per a la decoraci\u00f3, per\u00f2 no elaborem. Oferim un Servei de Cita Pr\u00e8via per visitar el nostre Showroom, per\u00f2 sempre requerir\u00e0 de la intervenci\u00f3 d&#8217;un professional marbrista que ser\u00e0 qui podr\u00e0 executar el projecte desitjat per a casa seva. * Per q\u00fcestions de&hellip;<\/p>\n","protected":false},"author":9,"featured_media":0,"parent":0,"menu_order":0,"comment_status":"closed","ping_status":"closed","template":"","meta":{"_acf_changed":false,"footnotes":""},"class_list":{"2":"type-page","4":"hentry"},"acf":[],"yoast_head":"<!-- This site is optimized with the Yoast SEO plugin v26.7 - https:\/\/yoast.com\/wordpress\/plugins\/seo\/ -->\n<title>Visita Showroom - Rocamar<\/title>\n<meta name=\"robots\" content=\"index, follow, max-snippet:-1, max-image-preview:large, max-video-preview:-1\" \/>\n<link rel=\"canonical\" href=\"https:\/\/www.rocamar.es\/ca\/visita-showroom\/\" \/>\n<meta property=\"og:locale\" content=\"ca_ES\" \/>\n<meta property=\"og:type\" content=\"article\" \/>\n<meta property=\"og:title\" content=\"Visita Showroom - Rocamar\" \/>\n<meta property=\"og:description\" content=\"Rocamar Visita showroom Rocamar som distribu\u00efdor majorista de pedres naturals i artificials per a la decoraci\u00f3, per\u00f2 no elaborem. Oferim un Servei de Cita Pr\u00e8via per visitar el nostre Showroom, per\u00f2 sempre requerir\u00e0 de la intervenci\u00f3 d&#8217;un professional marbrista que ser\u00e0 qui podr\u00e0 executar el projecte desitjat per a casa seva. * Per q\u00fcestions de&hellip;\" \/>\n<meta property=\"og:url\" content=\"https:\/\/www.rocamar.es\/ca\/visita-showroom\/\" \/>\n<meta property=\"og:site_name\" content=\"Rocamar\" \/>\n<meta property=\"article:modified_time\" content=\"2026-01-20T11:22:43+00:00\" \/>\n<meta name=\"twitter:card\" content=\"summary_large_image\" \/>\n<meta name=\"twitter:label1\" content=\"Temps estimat de lectura\" \/>\n\t<meta name=\"twitter:data1\" content=\"2 minuts\" \/>\n<script type=\"application\/ld+json\" class=\"yoast-schema-graph\">{\"@context\":\"https:\/\/schema.org\",\"@graph\":[{\"@type\":\"WebPage\",\"@id\":\"https:\/\/www.rocamar.es\/ca\/visita-showroom\/\",\"url\":\"https:\/\/www.rocamar.es\/ca\/visita-showroom\/\",\"name\":\"Visita Showroom - Rocamar\",\"isPartOf\":{\"@id\":\"https:\/\/www.rocamar.es\/#website\"},\"primaryImageOfPage\":{\"@id\":\"https:\/\/www.rocamar.es\/ca\/visita-showroom\/#primaryimage\"},\"image\":{\"@id\":\"https:\/\/www.rocamar.es\/ca\/visita-showroom\/#primaryimage\"},\"thumbnailUrl\":\"https:\/\/www.rocamar.es\/wp-content\/uploads\/2022\/03\/logo_rocamar-3.svg\",\"datePublished\":\"2022-11-29T10:23:11+00:00\",\"dateModified\":\"2026-01-20T11:22:43+00:00\",\"breadcrumb\":{\"@id\":\"https:\/\/www.rocamar.es\/ca\/visita-showroom\/#breadcrumb\"},\"inLanguage\":\"ca\",\"potentialAction\":[{\"@type\":\"ReadAction\",\"target\":[\"https:\/\/www.rocamar.es\/ca\/visita-showroom\/\"]}]},{\"@type\":\"ImageObject\",\"inLanguage\":\"ca\",\"@id\":\"https:\/\/www.rocamar.es\/ca\/visita-showroom\/#primaryimage\",\"url\":\"https:\/\/www.rocamar.es\/wp-content\/uploads\/2022\/03\/logo_rocamar-3.svg\",\"contentUrl\":\"https:\/\/www.rocamar.es\/wp-content\/uploads\/2022\/03\/logo_rocamar-3.svg\"},{\"@type\":\"BreadcrumbList\",\"@id\":\"https:\/\/www.rocamar.es\/ca\/visita-showroom\/#breadcrumb\",\"itemListElement\":[{\"@type\":\"ListItem\",\"position\":1,\"name\":\"Home\",\"item\":\"https:\/\/www.rocamar.es\/ca\/\"},{\"@type\":\"ListItem\",\"position\":2,\"name\":\"Visita Showroom\"}]},{\"@type\":\"WebSite\",\"@id\":\"https:\/\/www.rocamar.es\/#website\",\"url\":\"https:\/\/www.rocamar.es\/\",\"name\":\"Rocamar\",\"description\":\"Rocas &amp; m\u00e1rmoles\",\"potentialAction\":[{\"@type\":\"SearchAction\",\"target\":{\"@type\":\"EntryPoint\",\"urlTemplate\":\"https:\/\/www.rocamar.es\/?s={search_term_string}\"},\"query-input\":{\"@type\":\"PropertyValueSpecification\",\"valueRequired\":true,\"valueName\":\"search_term_string\"}}],\"inLanguage\":\"ca\"}]}<\/script>\n<!-- \/ Yoast SEO plugin. -->","yoast_head_json":{"title":"Visita Showroom - Rocamar","robots":{"index":"index","follow":"follow","max-snippet":"max-snippet:-1","max-image-preview":"max-image-preview:large","max-video-preview":"max-video-preview:-1"},"canonical":"https:\/\/www.rocamar.es\/ca\/visita-showroom\/","og_locale":"ca_ES","og_type":"article","og_title":"Visita Showroom - Rocamar","og_description":"Rocamar Visita showroom Rocamar som distribu\u00efdor majorista de pedres naturals i artificials per a la decoraci\u00f3, per\u00f2 no elaborem. Oferim un Servei de Cita Pr\u00e8via per visitar el nostre Showroom, per\u00f2 sempre requerir\u00e0 de la intervenci\u00f3 d&#8217;un professional marbrista que ser\u00e0 qui podr\u00e0 executar el projecte desitjat per a casa seva. * Per q\u00fcestions de&hellip;","og_url":"https:\/\/www.rocamar.es\/ca\/visita-showroom\/","og_site_name":"Rocamar","article_modified_time":"2026-01-20T11:22:43+00:00","twitter_card":"summary_large_image","twitter_misc":{"Temps estimat de lectura":"2 minuts"},"schema":{"@context":"https:\/\/schema.org","@graph":[{"@type":"WebPage","@id":"https:\/\/www.rocamar.es\/ca\/visita-showroom\/","url":"https:\/\/www.rocamar.es\/ca\/visita-showroom\/","name":"Visita Showroom - Rocamar","isPartOf":{"@id":"https:\/\/www.rocamar.es\/#website"},"primaryImageOfPage":{"@id":"https:\/\/www.rocamar.es\/ca\/visita-showroom\/#primaryimage"},"image":{"@id":"https:\/\/www.rocamar.es\/ca\/visita-showroom\/#primaryimage"},"thumbnailUrl":"https:\/\/www.rocamar.es\/wp-content\/uploads\/2022\/03\/logo_rocamar-3.svg","datePublished":"2022-11-29T10:23:11+00:00","dateModified":"2026-01-20T11:22:43+00:00","breadcrumb":{"@id":"https:\/\/www.rocamar.es\/ca\/visita-showroom\/#breadcrumb"},"inLanguage":"ca","potentialAction":[{"@type":"ReadAction","target":["https:\/\/www.rocamar.es\/ca\/visita-showroom\/"]}]},{"@type":"ImageObject","inLanguage":"ca","@id":"https:\/\/www.rocamar.es\/ca\/visita-showroom\/#primaryimage","url":"https:\/\/www.rocamar.es\/wp-content\/uploads\/2022\/03\/logo_rocamar-3.svg","contentUrl":"https:\/\/www.rocamar.es\/wp-content\/uploads\/2022\/03\/logo_rocamar-3.svg"},{"@type":"BreadcrumbList","@id":"https:\/\/www.rocamar.es\/ca\/visita-showroom\/#breadcrumb","itemListElement":[{"@type":"ListItem","position":1,"name":"Home","item":"https:\/\/www.rocamar.es\/ca\/"},{"@type":"ListItem","position":2,"name":"Visita Showroom"}]},{"@type":"WebSite","@id":"https:\/\/www.rocamar.es\/#website","url":"https:\/\/www.rocamar.es\/","name":"Rocamar","description":"Rocas &amp; m\u00e1rmoles","potentialAction":[{"@type":"SearchAction","target":{"@type":"EntryPoint","urlTemplate":"https:\/\/www.rocamar.es\/?s={search_term_string}"},"query-input":{"@type":"PropertyValueSpecification","valueRequired":true,"valueName":"search_term_string"}}],"inLanguage":"ca"}]}},"_links":{"self":[{"href":"https:\/\/www.rocamar.es\/ca\/wp-json\/wp\/v2\/pages\/3190","targetHints":{"allow":["GET"]}}],"collection":[{"href":"https:\/\/www.rocamar.es\/ca\/wp-json\/wp\/v2\/pages"}],"about":[{"href":"https:\/\/www.rocamar.es\/ca\/wp-json\/wp\/v2\/types\/page"}],"author":[{"embeddable":true,"href":"https:\/\/www.rocamar.es\/ca\/wp-json\/wp\/v2\/users\/9"}],"replies":[{"embeddable":true,"href":"https:\/\/www.rocamar.es\/ca\/wp-json\/wp\/v2\/comments?post=3190"}],"version-history":[{"count":3,"href":"https:\/\/www.rocamar.es\/ca\/wp-json\/wp\/v2\/pages\/3190\/revisions"}],"predecessor-version":[{"id":5640,"href":"https:\/\/www.rocamar.es\/ca\/wp-json\/wp\/v2\/pages\/3190\/revisions\/5640"}],"wp:attachment":[{"href":"https:\/\/www.rocamar.es\/ca\/wp-json\/wp\/v2\/media?parent=3190"}],"curies":[{"name":"wp","href":"https:\/\/api.w.org\/{rel}","templated":true}]}}