{"id":3050,"date":"2022-04-25T10:15:39","date_gmt":"2022-04-25T09:15:39","guid":{"rendered":"https:\/\/www.rocamar.es\/showroom-rocamar\/"},"modified":"2022-11-29T14:28:02","modified_gmt":"2022-11-29T13:28:02","slug":"showroom-rocamar","status":"publish","type":"page","link":"https:\/\/www.rocamar.es\/ca\/showroom-rocamar\/","title":{"rendered":"Showroom Rocamar"},"content":{"rendered":"\t\t<div data-elementor-type=\"wp-page\" data-elementor-id=\"3050\" class=\"elementor elementor-3050 elementor-621\" data-elementor-post-type=\"page\">\n\t\t\t\t\t\t<section class=\"elementor-section elementor-top-section elementor-element elementor-element-fe9e607 elementor-section-stretched elementor-section-boxed elementor-section-height-default elementor-section-height-default\" data-id=\"fe9e607\" data-element_type=\"section\" data-settings=\"{&quot;stretch_section&quot;:&quot;section-stretched&quot;,&quot;background_background&quot;:&quot;classic&quot;}\">\n\t\t\t\t\t\t<div class=\"elementor-container elementor-column-gap-default\">\n\t\t\t\t\t<div class=\"elementor-column elementor-col-100 elementor-top-column elementor-element elementor-element-f665f44\" data-id=\"f665f44\" data-element_type=\"column\">\n\t\t\t<div class=\"elementor-widget-wrap elementor-element-populated\">\n\t\t\t\t\t\t<div class=\"elementor-element elementor-element-167abf7 elementor-widget elementor-widget-spacer\" data-id=\"167abf7\" data-element_type=\"widget\" data-widget_type=\"spacer.default\">\n\t\t\t\t<div class=\"elementor-widget-container\">\n\t\t\t\t\t\t\t<div class=\"elementor-spacer\">\n\t\t\t<div class=\"elementor-spacer-inner\"><\/div>\n\t\t<\/div>\n\t\t\t\t\t\t<\/div>\n\t\t\t\t<\/div>\n\t\t\t\t<div class=\"elementor-element elementor-element-769abc4 elementor-widget elementor-widget-text-editor\" data-id=\"769abc4\" data-element_type=\"widget\" data-widget_type=\"text-editor.default\">\n\t\t\t\t<div class=\"elementor-widget-container\">\n\t\t\t\t\t\t\t\t\t<p>Rocamar<\/p>\t\t\t\t\t\t\t\t<\/div>\n\t\t\t\t<\/div>\n\t\t\t\t<div class=\"elementor-element elementor-element-3688212 elementor-widget elementor-widget-heading\" data-id=\"3688212\" data-element_type=\"widget\" data-widget_type=\"heading.default\">\n\t\t\t\t<div class=\"elementor-widget-container\">\n\t\t\t\t\t<h1 class=\"elementor-heading-title elementor-size-default\">Showroom<\/h1>\t\t\t\t<\/div>\n\t\t\t\t<\/div>\n\t\t\t\t<div class=\"elementor-element elementor-element-812be86 elementor-widget elementor-widget-spacer\" data-id=\"812be86\" data-element_type=\"widget\" data-widget_type=\"spacer.default\">\n\t\t\t\t<div class=\"elementor-widget-container\">\n\t\t\t\t\t\t\t<div class=\"elementor-spacer\">\n\t\t\t<div class=\"elementor-spacer-inner\"><\/div>\n\t\t<\/div>\n\t\t\t\t\t\t<\/div>\n\t\t\t\t<\/div>\n\t\t\t\t\t<\/div>\n\t\t<\/div>\n\t\t\t\t\t<\/div>\n\t\t<\/section>\n\t\t\t\t<section class=\"elementor-section elementor-top-section elementor-element elementor-element-0c1e606 elementor-section-boxed elementor-section-height-default elementor-section-height-default\" data-id=\"0c1e606\" data-element_type=\"section\">\n\t\t\t\t\t\t<div class=\"elementor-container elementor-column-gap-default\">\n\t\t\t\t\t<div class=\"elementor-column elementor-col-100 elementor-top-column elementor-element elementor-element-fd39226\" data-id=\"fd39226\" data-element_type=\"column\">\n\t\t\t<div class=\"elementor-widget-wrap elementor-element-populated\">\n\t\t\t\t\t\t<div class=\"elementor-element elementor-element-bc65c87 elementor-widget elementor-widget-spacer\" data-id=\"bc65c87\" data-element_type=\"widget\" data-widget_type=\"spacer.default\">\n\t\t\t\t<div class=\"elementor-widget-container\">\n\t\t\t\t\t\t\t<div class=\"elementor-spacer\">\n\t\t\t<div class=\"elementor-spacer-inner\"><\/div>\n\t\t<\/div>\n\t\t\t\t\t\t<\/div>\n\t\t\t\t<\/div>\n\t\t\t\t<div class=\"elementor-element elementor-element-c2531ae elementor-widget elementor-widget-text-editor\" data-id=\"c2531ae\" data-element_type=\"widget\" data-widget_type=\"text-editor.default\">\n\t\t\t\t<div class=\"elementor-widget-container\">\n\t\t\t\t\t\t\t\t\tRocamar compta, a les seves pr\u00f2pies instal\u00b7lacions de Montcada i Reixac, amb un gran showroom on veure, tocar i sentir tots els productes del seu ampli cat\u00e0leg.\n\nUn espai di\u00e0fan i de gran lluminositat natural, on deixar volar la imaginaci\u00f3 i la creativitat, mentre es camina envoltat de bells i exclusius materials per crear una obra o decoraci\u00f3 \u00fanica a llars, oficines, empreses, comer\u00e7os&#8230;\n\nObert tant a professionals com a particulars, s&#8217;ha fet un \u00e8mfasi especial en oferir a tots els visitants el millor servei personalitzat i la major facilitat per a <strong><a href=\"\/ca\/visita-showroom\/\" target=\"_blank\" rel=\"noopener\">reservar, aqu\u00ed i ara, dia i hora<\/a><\/strong>\t\t\t\t\t\t\t\t<\/div>\n\t\t\t\t<\/div>\n\t\t\t\t<div class=\"elementor-element elementor-element-2de3f7f elementor-widget elementor-widget-spacer\" data-id=\"2de3f7f\" data-element_type=\"widget\" data-widget_type=\"spacer.default\">\n\t\t\t\t<div class=\"elementor-widget-container\">\n\t\t\t\t\t\t\t<div class=\"elementor-spacer\">\n\t\t\t<div class=\"elementor-spacer-inner\"><\/div>\n\t\t<\/div>\n\t\t\t\t\t\t<\/div>\n\t\t\t\t<\/div>\n\t\t\t\t<div class=\"elementor-element elementor-element-b791a69 elementor-arrows-position-inside elementor-widget elementor-widget-image-carousel\" data-id=\"b791a69\" data-element_type=\"widget\" data-settings=\"{&quot;slides_to_show&quot;:&quot;1&quot;,&quot;navigation&quot;:&quot;arrows&quot;,&quot;autoplay_speed&quot;:2500,&quot;autoplay&quot;:&quot;yes&quot;,&quot;pause_on_hover&quot;:&quot;yes&quot;,&quot;pause_on_interaction&quot;:&quot;yes&quot;,&quot;infinite&quot;:&quot;yes&quot;,&quot;effect&quot;:&quot;slide&quot;,&quot;speed&quot;:500}\" data-widget_type=\"image-carousel.default\">\n\t\t\t\t<div class=\"elementor-widget-container\">\n\t\t\t\t\t\t\t<div class=\"elementor-image-carousel-wrapper swiper\" role=\"region\" aria-roledescription=\"carousel\" aria-label=\"Carrusel d&#039;imatges\" dir=\"ltr\">\n\t\t\t<div class=\"elementor-image-carousel swiper-wrapper\" aria-live=\"off\">\n\t\t\t\t\t\t\t\t<div class=\"swiper-slide\" role=\"group\" aria-roledescription=\"slide\" aria-label=\"1 de 12\"><a data-elementor-open-lightbox=\"yes\" data-elementor-lightbox-slideshow=\"b791a69\" data-elementor-lightbox-title=\"Rocamar - Rocas y M\u00e1rmoles, S.A.\" data-e-action-hash=\"#elementor-action%3Aaction%3Dlightbox%26settings%3DeyJpZCI6MjM3MSwidXJsIjoiaHR0cHM6XC9cL3d3dy5yb2NhbWFyLmVzXC93cC1jb250ZW50XC91cGxvYWRzXC8yMDIyXC8wNlwvc2hvd3Jvb21fcm9jYW1hcl8wMS5qcGciLCJzbGlkZXNob3ciOiJiNzkxYTY5In0%3D\" href=\"https:\/\/www.rocamar.es\/wp-content\/uploads\/2022\/06\/showroom_rocamar_01.jpg\"><figure class=\"swiper-slide-inner\"><img decoding=\"async\" class=\"swiper-slide-image\" src=\"https:\/\/www.rocamar.es\/wp-content\/uploads\/2022\/06\/showroom_rocamar_01.jpg\" alt=\"Rocamar - Rocas y M\u00e1rmoles, S.A.\" \/><\/figure><\/a><\/div><div class=\"swiper-slide\" role=\"group\" aria-roledescription=\"slide\" aria-label=\"2 de 12\"><a data-elementor-open-lightbox=\"yes\" data-elementor-lightbox-slideshow=\"b791a69\" data-elementor-lightbox-title=\"Rocamar - Rocas y M\u00e1rmoles, S.A.\" data-e-action-hash=\"#elementor-action%3Aaction%3Dlightbox%26settings%3DeyJpZCI6MjM3MiwidXJsIjoiaHR0cHM6XC9cL3d3dy5yb2NhbWFyLmVzXC93cC1jb250ZW50XC91cGxvYWRzXC8yMDIyXC8wNlwvc2hvd3Jvb21fcm9jYW1hcl8wMi5qcGciLCJzbGlkZXNob3ciOiJiNzkxYTY5In0%3D\" href=\"https:\/\/www.rocamar.es\/wp-content\/uploads\/2022\/06\/showroom_rocamar_02.jpg\"><figure class=\"swiper-slide-inner\"><img decoding=\"async\" class=\"swiper-slide-image\" src=\"https:\/\/www.rocamar.es\/wp-content\/uploads\/2022\/06\/showroom_rocamar_02.jpg\" alt=\"Rocamar - Rocas y M\u00e1rmoles, S.A.\" \/><\/figure><\/a><\/div><div class=\"swiper-slide\" role=\"group\" aria-roledescription=\"slide\" aria-label=\"3 de 12\"><a data-elementor-open-lightbox=\"yes\" data-elementor-lightbox-slideshow=\"b791a69\" data-elementor-lightbox-title=\"Rocamar - Rocas y M\u00e1rmoles, S.A.\" data-e-action-hash=\"#elementor-action%3Aaction%3Dlightbox%26settings%3DeyJpZCI6MjM3MywidXJsIjoiaHR0cHM6XC9cL3d3dy5yb2NhbWFyLmVzXC93cC1jb250ZW50XC91cGxvYWRzXC8yMDIyXC8wNlwvc2hvd3Jvb21fcm9jYW1hcl8wMy5qcGciLCJzbGlkZXNob3ciOiJiNzkxYTY5In0%3D\" href=\"https:\/\/www.rocamar.es\/wp-content\/uploads\/2022\/06\/showroom_rocamar_03.jpg\"><figure class=\"swiper-slide-inner\"><img decoding=\"async\" class=\"swiper-slide-image\" src=\"https:\/\/www.rocamar.es\/wp-content\/uploads\/2022\/06\/showroom_rocamar_03.jpg\" alt=\"Rocamar - Rocas y M\u00e1rmoles, S.A.\" \/><\/figure><\/a><\/div><div class=\"swiper-slide\" role=\"group\" aria-roledescription=\"slide\" aria-label=\"4 de 12\"><a data-elementor-open-lightbox=\"yes\" data-elementor-lightbox-slideshow=\"b791a69\" data-elementor-lightbox-title=\"Rocamar - Rocas y M\u00e1rmoles, S.A.\" data-e-action-hash=\"#elementor-action%3Aaction%3Dlightbox%26settings%3DeyJpZCI6MjM3NCwidXJsIjoiaHR0cHM6XC9cL3d3dy5yb2NhbWFyLmVzXC93cC1jb250ZW50XC91cGxvYWRzXC8yMDIyXC8wNlwvc2hvd3Jvb21fcm9jYW1hcl8wNC5qcGciLCJzbGlkZXNob3ciOiJiNzkxYTY5In0%3D\" href=\"https:\/\/www.rocamar.es\/wp-content\/uploads\/2022\/06\/showroom_rocamar_04.jpg\"><figure class=\"swiper-slide-inner\"><img decoding=\"async\" class=\"swiper-slide-image\" src=\"https:\/\/www.rocamar.es\/wp-content\/uploads\/2022\/06\/showroom_rocamar_04.jpg\" alt=\"Rocamar - Rocas y M\u00e1rmoles, S.A.\" \/><\/figure><\/a><\/div><div class=\"swiper-slide\" role=\"group\" aria-roledescription=\"slide\" aria-label=\"5 de 12\"><a data-elementor-open-lightbox=\"yes\" data-elementor-lightbox-slideshow=\"b791a69\" data-elementor-lightbox-title=\"Rocamar - Rocas y M\u00e1rmoles, S.A.\" data-e-action-hash=\"#elementor-action%3Aaction%3Dlightbox%26settings%3DeyJpZCI6MjM3NSwidXJsIjoiaHR0cHM6XC9cL3d3dy5yb2NhbWFyLmVzXC93cC1jb250ZW50XC91cGxvYWRzXC8yMDIyXC8wNlwvc2hvd3Jvb21fcm9jYW1hcl8wNS5qcGciLCJzbGlkZXNob3ciOiJiNzkxYTY5In0%3D\" href=\"https:\/\/www.rocamar.es\/wp-content\/uploads\/2022\/06\/showroom_rocamar_05.jpg\"><figure class=\"swiper-slide-inner\"><img decoding=\"async\" class=\"swiper-slide-image\" src=\"https:\/\/www.rocamar.es\/wp-content\/uploads\/2022\/06\/showroom_rocamar_05.jpg\" alt=\"Rocamar - Rocas y M\u00e1rmoles, S.A.\" \/><\/figure><\/a><\/div><div class=\"swiper-slide\" role=\"group\" aria-roledescription=\"slide\" aria-label=\"6 de 12\"><a data-elementor-open-lightbox=\"yes\" data-elementor-lightbox-slideshow=\"b791a69\" data-elementor-lightbox-title=\"Rocamar - Rocas y M\u00e1rmoles, S.A.\" data-e-action-hash=\"#elementor-action%3Aaction%3Dlightbox%26settings%3DeyJpZCI6MjM3NiwidXJsIjoiaHR0cHM6XC9cL3d3dy5yb2NhbWFyLmVzXC93cC1jb250ZW50XC91cGxvYWRzXC8yMDIyXC8wNlwvc2hvd3Jvb21fcm9jYW1hcl8wNi5qcGciLCJzbGlkZXNob3ciOiJiNzkxYTY5In0%3D\" href=\"https:\/\/www.rocamar.es\/wp-content\/uploads\/2022\/06\/showroom_rocamar_06.jpg\"><figure class=\"swiper-slide-inner\"><img decoding=\"async\" class=\"swiper-slide-image\" src=\"https:\/\/www.rocamar.es\/wp-content\/uploads\/2022\/06\/showroom_rocamar_06.jpg\" alt=\"Rocamar - Rocas y M\u00e1rmoles, S.A.\" \/><\/figure><\/a><\/div><div class=\"swiper-slide\" role=\"group\" aria-roledescription=\"slide\" aria-label=\"7 de 12\"><a data-elementor-open-lightbox=\"yes\" data-elementor-lightbox-slideshow=\"b791a69\" data-elementor-lightbox-title=\"Rocamar - Rocas y M\u00e1rmoles, S.A.\" data-e-action-hash=\"#elementor-action%3Aaction%3Dlightbox%26settings%3DeyJpZCI6MjM3NywidXJsIjoiaHR0cHM6XC9cL3d3dy5yb2NhbWFyLmVzXC93cC1jb250ZW50XC91cGxvYWRzXC8yMDIyXC8wNlwvc2hvd3Jvb21fcm9jYW1hcl8wNy5qcGciLCJzbGlkZXNob3ciOiJiNzkxYTY5In0%3D\" href=\"https:\/\/www.rocamar.es\/wp-content\/uploads\/2022\/06\/showroom_rocamar_07.jpg\"><figure class=\"swiper-slide-inner\"><img decoding=\"async\" class=\"swiper-slide-image\" src=\"https:\/\/www.rocamar.es\/wp-content\/uploads\/2022\/06\/showroom_rocamar_07.jpg\" alt=\"Rocamar - Rocas y M\u00e1rmoles, S.A.\" \/><\/figure><\/a><\/div><div class=\"swiper-slide\" role=\"group\" aria-roledescription=\"slide\" aria-label=\"8 de 12\"><a data-elementor-open-lightbox=\"yes\" data-elementor-lightbox-slideshow=\"b791a69\" data-elementor-lightbox-title=\"Rocamar - Rocas y M\u00e1rmoles, S.A.\" data-e-action-hash=\"#elementor-action%3Aaction%3Dlightbox%26settings%3DeyJpZCI6MjM3OCwidXJsIjoiaHR0cHM6XC9cL3d3dy5yb2NhbWFyLmVzXC93cC1jb250ZW50XC91cGxvYWRzXC8yMDIyXC8wNlwvc2hvd3Jvb21fcm9jYW1hcl8wOC5qcGciLCJzbGlkZXNob3ciOiJiNzkxYTY5In0%3D\" href=\"https:\/\/www.rocamar.es\/wp-content\/uploads\/2022\/06\/showroom_rocamar_08.jpg\"><figure class=\"swiper-slide-inner\"><img decoding=\"async\" class=\"swiper-slide-image\" src=\"https:\/\/www.rocamar.es\/wp-content\/uploads\/2022\/06\/showroom_rocamar_08.jpg\" alt=\"Rocamar - Rocas y M\u00e1rmoles, S.A.\" \/><\/figure><\/a><\/div><div class=\"swiper-slide\" role=\"group\" aria-roledescription=\"slide\" aria-label=\"9 de 12\"><a data-elementor-open-lightbox=\"yes\" data-elementor-lightbox-slideshow=\"b791a69\" data-elementor-lightbox-title=\"Rocamar - Rocas y M\u00e1rmoles, S.A.\" data-e-action-hash=\"#elementor-action%3Aaction%3Dlightbox%26settings%3DeyJpZCI6MjM3OSwidXJsIjoiaHR0cHM6XC9cL3d3dy5yb2NhbWFyLmVzXC93cC1jb250ZW50XC91cGxvYWRzXC8yMDIyXC8wNlwvc2hvd3Jvb21fcm9jYW1hcl8wOS5qcGciLCJzbGlkZXNob3ciOiJiNzkxYTY5In0%3D\" href=\"https:\/\/www.rocamar.es\/wp-content\/uploads\/2022\/06\/showroom_rocamar_09.jpg\"><figure class=\"swiper-slide-inner\"><img decoding=\"async\" class=\"swiper-slide-image\" src=\"https:\/\/www.rocamar.es\/wp-content\/uploads\/2022\/06\/showroom_rocamar_09.jpg\" alt=\"Rocamar - Rocas y M\u00e1rmoles, S.A.\" \/><\/figure><\/a><\/div><div class=\"swiper-slide\" role=\"group\" aria-roledescription=\"slide\" aria-label=\"10 de 12\"><a data-elementor-open-lightbox=\"yes\" data-elementor-lightbox-slideshow=\"b791a69\" data-elementor-lightbox-title=\"Rocamar - Rocas y M\u00e1rmoles, S.A.\" data-e-action-hash=\"#elementor-action%3Aaction%3Dlightbox%26settings%3DeyJpZCI6MjM4MCwidXJsIjoiaHR0cHM6XC9cL3d3dy5yb2NhbWFyLmVzXC93cC1jb250ZW50XC91cGxvYWRzXC8yMDIyXC8wNlwvc2hvd3Jvb21fcm9jYW1hcl8xMC5qcGciLCJzbGlkZXNob3ciOiJiNzkxYTY5In0%3D\" href=\"https:\/\/www.rocamar.es\/wp-content\/uploads\/2022\/06\/showroom_rocamar_10.jpg\"><figure class=\"swiper-slide-inner\"><img decoding=\"async\" class=\"swiper-slide-image\" src=\"https:\/\/www.rocamar.es\/wp-content\/uploads\/2022\/06\/showroom_rocamar_10.jpg\" alt=\"Rocamar - Rocas y M\u00e1rmoles, S.A.\" \/><\/figure><\/a><\/div><div class=\"swiper-slide\" role=\"group\" aria-roledescription=\"slide\" aria-label=\"11 de 12\"><a data-elementor-open-lightbox=\"yes\" data-elementor-lightbox-slideshow=\"b791a69\" data-elementor-lightbox-title=\"Rocamar - Rocas y M\u00e1rmoles, S.A.\" data-e-action-hash=\"#elementor-action%3Aaction%3Dlightbox%26settings%3DeyJpZCI6MjM4MSwidXJsIjoiaHR0cHM6XC9cL3d3dy5yb2NhbWFyLmVzXC93cC1jb250ZW50XC91cGxvYWRzXC8yMDIyXC8wNlwvc2hvd3Jvb21fcm9jYW1hcl8xMS5qcGciLCJzbGlkZXNob3ciOiJiNzkxYTY5In0%3D\" href=\"https:\/\/www.rocamar.es\/wp-content\/uploads\/2022\/06\/showroom_rocamar_11.jpg\"><figure class=\"swiper-slide-inner\"><img decoding=\"async\" class=\"swiper-slide-image\" src=\"https:\/\/www.rocamar.es\/wp-content\/uploads\/2022\/06\/showroom_rocamar_11.jpg\" alt=\"Rocamar - Rocas y M\u00e1rmoles, S.A.\" \/><\/figure><\/a><\/div><div class=\"swiper-slide\" role=\"group\" aria-roledescription=\"slide\" aria-label=\"12 de 12\"><a data-elementor-open-lightbox=\"yes\" data-elementor-lightbox-slideshow=\"b791a69\" data-elementor-lightbox-title=\"Rocamar - Rocas y M\u00e1rmoles, S.A.\" data-e-action-hash=\"#elementor-action%3Aaction%3Dlightbox%26settings%3DeyJpZCI6MjM4MiwidXJsIjoiaHR0cHM6XC9cL3d3dy5yb2NhbWFyLmVzXC93cC1jb250ZW50XC91cGxvYWRzXC8yMDIyXC8wNlwvc2hvd3Jvb21fcm9jYW1hcl8xMi5qcGciLCJzbGlkZXNob3ciOiJiNzkxYTY5In0%3D\" href=\"https:\/\/www.rocamar.es\/wp-content\/uploads\/2022\/06\/showroom_rocamar_12.jpg\"><figure class=\"swiper-slide-inner\"><img decoding=\"async\" class=\"swiper-slide-image\" src=\"https:\/\/www.rocamar.es\/wp-content\/uploads\/2022\/06\/showroom_rocamar_12.jpg\" alt=\"Rocamar - Rocas y M\u00e1rmoles, S.A.\" \/><\/figure><\/a><\/div>\t\t\t<\/div>\n\t\t\t\t\t\t\t\t\t\t\t\t<div class=\"elementor-swiper-button elementor-swiper-button-prev\" role=\"button\" tabindex=\"0\">\n\t\t\t\t\t\t<i aria-hidden=\"true\" class=\"eicon-chevron-left\"><\/i>\t\t\t\t\t<\/div>\n\t\t\t\t\t<div class=\"elementor-swiper-button elementor-swiper-button-next\" role=\"button\" tabindex=\"0\">\n\t\t\t\t\t\t<i aria-hidden=\"true\" class=\"eicon-chevron-right\"><\/i>\t\t\t\t\t<\/div>\n\t\t\t\t\n\t\t\t\t\t\t\t\t\t<\/div>\n\t\t\t\t\t\t<\/div>\n\t\t\t\t<\/div>\n\t\t\t\t\t<\/div>\n\t\t<\/div>\n\t\t\t\t\t<\/div>\n\t\t<\/section>\n\t\t\t\t<\/div>\n\t\t","protected":false},"excerpt":{"rendered":"<p>Rocamar Showroom Rocamar compta, a les seves pr\u00f2pies instal\u00b7lacions de Montcada i Reixac, amb un gran showroom on veure, tocar i sentir tots els productes del seu ampli cat\u00e0leg. Un espai di\u00e0fan i de gran lluminositat natural, on deixar volar la imaginaci\u00f3 i la creativitat, mentre es camina envoltat de bells i exclusius materials per&hellip;<\/p>\n","protected":false},"author":9,"featured_media":0,"parent":0,"menu_order":0,"comment_status":"closed","ping_status":"closed","template":"","meta":{"_acf_changed":false,"footnotes":""},"class_list":{"2":"type-page","4":"hentry"},"acf":[],"yoast_head":"<!-- This site is optimized with the Yoast SEO plugin v26.7 - https:\/\/yoast.com\/wordpress\/plugins\/seo\/ -->\n<title>Showroom Rocamar - Rocamar<\/title>\n<meta name=\"robots\" content=\"index, follow, max-snippet:-1, max-image-preview:large, max-video-preview:-1\" \/>\n<link rel=\"canonical\" href=\"https:\/\/www.rocamar.es\/ca\/showroom-rocamar\/\" \/>\n<meta property=\"og:locale\" content=\"ca_ES\" \/>\n<meta property=\"og:type\" content=\"article\" \/>\n<meta property=\"og:title\" content=\"Showroom Rocamar - Rocamar\" \/>\n<meta property=\"og:description\" content=\"Rocamar Showroom Rocamar compta, a les seves pr\u00f2pies instal\u00b7lacions de Montcada i Reixac, amb un gran showroom on veure, tocar i sentir tots els productes del seu ampli cat\u00e0leg. Un espai di\u00e0fan i de gran lluminositat natural, on deixar volar la imaginaci\u00f3 i la creativitat, mentre es camina envoltat de bells i exclusius materials per&hellip;\" \/>\n<meta property=\"og:url\" content=\"https:\/\/www.rocamar.es\/ca\/showroom-rocamar\/\" \/>\n<meta property=\"og:site_name\" content=\"Rocamar\" \/>\n<meta property=\"article:modified_time\" content=\"2022-11-29T13:28:02+00:00\" \/>\n<meta property=\"og:image\" content=\"https:\/\/www.rocamar.es\/wp-content\/uploads\/2022\/06\/showroom_rocamar_01.jpg\" \/>\n<meta name=\"twitter:card\" content=\"summary_large_image\" \/>\n<meta name=\"twitter:label1\" content=\"Temps estimat de lectura\" \/>\n\t<meta name=\"twitter:data1\" content=\"4 minuts\" \/>\n<script type=\"application\/ld+json\" class=\"yoast-schema-graph\">{\"@context\":\"https:\/\/schema.org\",\"@graph\":[{\"@type\":\"WebPage\",\"@id\":\"https:\/\/www.rocamar.es\/ca\/showroom-rocamar\/\",\"url\":\"https:\/\/www.rocamar.es\/ca\/showroom-rocamar\/\",\"name\":\"Showroom Rocamar - Rocamar\",\"isPartOf\":{\"@id\":\"https:\/\/www.rocamar.es\/#website\"},\"primaryImageOfPage\":{\"@id\":\"https:\/\/www.rocamar.es\/ca\/showroom-rocamar\/#primaryimage\"},\"image\":{\"@id\":\"https:\/\/www.rocamar.es\/ca\/showroom-rocamar\/#primaryimage\"},\"thumbnailUrl\":\"https:\/\/www.rocamar.es\/wp-content\/uploads\/2022\/06\/showroom_rocamar_01.jpg\",\"datePublished\":\"2022-04-25T09:15:39+00:00\",\"dateModified\":\"2022-11-29T13:28:02+00:00\",\"breadcrumb\":{\"@id\":\"https:\/\/www.rocamar.es\/ca\/showroom-rocamar\/#breadcrumb\"},\"inLanguage\":\"ca\",\"potentialAction\":[{\"@type\":\"ReadAction\",\"target\":[\"https:\/\/www.rocamar.es\/ca\/showroom-rocamar\/\"]}]},{\"@type\":\"ImageObject\",\"inLanguage\":\"ca\",\"@id\":\"https:\/\/www.rocamar.es\/ca\/showroom-rocamar\/#primaryimage\",\"url\":\"https:\/\/www.rocamar.es\/wp-content\/uploads\/2022\/06\/showroom_rocamar_01.jpg\",\"contentUrl\":\"https:\/\/www.rocamar.es\/wp-content\/uploads\/2022\/06\/showroom_rocamar_01.jpg\"},{\"@type\":\"BreadcrumbList\",\"@id\":\"https:\/\/www.rocamar.es\/ca\/showroom-rocamar\/#breadcrumb\",\"itemListElement\":[{\"@type\":\"ListItem\",\"position\":1,\"name\":\"Home\",\"item\":\"https:\/\/www.rocamar.es\/ca\/\"},{\"@type\":\"ListItem\",\"position\":2,\"name\":\"Showroom Rocamar\"}]},{\"@type\":\"WebSite\",\"@id\":\"https:\/\/www.rocamar.es\/#website\",\"url\":\"https:\/\/www.rocamar.es\/\",\"name\":\"Rocamar\",\"description\":\"Rocas &amp; m\u00e1rmoles\",\"potentialAction\":[{\"@type\":\"SearchAction\",\"target\":{\"@type\":\"EntryPoint\",\"urlTemplate\":\"https:\/\/www.rocamar.es\/?s={search_term_string}\"},\"query-input\":{\"@type\":\"PropertyValueSpecification\",\"valueRequired\":true,\"valueName\":\"search_term_string\"}}],\"inLanguage\":\"ca\"}]}<\/script>\n<!-- \/ Yoast SEO plugin. -->","yoast_head_json":{"title":"Showroom Rocamar - Rocamar","robots":{"index":"index","follow":"follow","max-snippet":"max-snippet:-1","max-image-preview":"max-image-preview:large","max-video-preview":"max-video-preview:-1"},"canonical":"https:\/\/www.rocamar.es\/ca\/showroom-rocamar\/","og_locale":"ca_ES","og_type":"article","og_title":"Showroom Rocamar - Rocamar","og_description":"Rocamar Showroom Rocamar compta, a les seves pr\u00f2pies instal\u00b7lacions de Montcada i Reixac, amb un gran showroom on veure, tocar i sentir tots els productes del seu ampli cat\u00e0leg. Un espai di\u00e0fan i de gran lluminositat natural, on deixar volar la imaginaci\u00f3 i la creativitat, mentre es camina envoltat de bells i exclusius materials per&hellip;","og_url":"https:\/\/www.rocamar.es\/ca\/showroom-rocamar\/","og_site_name":"Rocamar","article_modified_time":"2022-11-29T13:28:02+00:00","og_image":[{"url":"https:\/\/www.rocamar.es\/wp-content\/uploads\/2022\/06\/showroom_rocamar_01.jpg","type":"","width":"","height":""}],"twitter_card":"summary_large_image","twitter_misc":{"Temps estimat de lectura":"4 minuts"},"schema":{"@context":"https:\/\/schema.org","@graph":[{"@type":"WebPage","@id":"https:\/\/www.rocamar.es\/ca\/showroom-rocamar\/","url":"https:\/\/www.rocamar.es\/ca\/showroom-rocamar\/","name":"Showroom Rocamar - Rocamar","isPartOf":{"@id":"https:\/\/www.rocamar.es\/#website"},"primaryImageOfPage":{"@id":"https:\/\/www.rocamar.es\/ca\/showroom-rocamar\/#primaryimage"},"image":{"@id":"https:\/\/www.rocamar.es\/ca\/showroom-rocamar\/#primaryimage"},"thumbnailUrl":"https:\/\/www.rocamar.es\/wp-content\/uploads\/2022\/06\/showroom_rocamar_01.jpg","datePublished":"2022-04-25T09:15:39+00:00","dateModified":"2022-11-29T13:28:02+00:00","breadcrumb":{"@id":"https:\/\/www.rocamar.es\/ca\/showroom-rocamar\/#breadcrumb"},"inLanguage":"ca","potentialAction":[{"@type":"ReadAction","target":["https:\/\/www.rocamar.es\/ca\/showroom-rocamar\/"]}]},{"@type":"ImageObject","inLanguage":"ca","@id":"https:\/\/www.rocamar.es\/ca\/showroom-rocamar\/#primaryimage","url":"https:\/\/www.rocamar.es\/wp-content\/uploads\/2022\/06\/showroom_rocamar_01.jpg","contentUrl":"https:\/\/www.rocamar.es\/wp-content\/uploads\/2022\/06\/showroom_rocamar_01.jpg"},{"@type":"BreadcrumbList","@id":"https:\/\/www.rocamar.es\/ca\/showroom-rocamar\/#breadcrumb","itemListElement":[{"@type":"ListItem","position":1,"name":"Home","item":"https:\/\/www.rocamar.es\/ca\/"},{"@type":"ListItem","position":2,"name":"Showroom Rocamar"}]},{"@type":"WebSite","@id":"https:\/\/www.rocamar.es\/#website","url":"https:\/\/www.rocamar.es\/","name":"Rocamar","description":"Rocas &amp; m\u00e1rmoles","potentialAction":[{"@type":"SearchAction","target":{"@type":"EntryPoint","urlTemplate":"https:\/\/www.rocamar.es\/?s={search_term_string}"},"query-input":{"@type":"PropertyValueSpecification","valueRequired":true,"valueName":"search_term_string"}}],"inLanguage":"ca"}]}},"_links":{"self":[{"href":"https:\/\/www.rocamar.es\/ca\/wp-json\/wp\/v2\/pages\/3050","targetHints":{"allow":["GET"]}}],"collection":[{"href":"https:\/\/www.rocamar.es\/ca\/wp-json\/wp\/v2\/pages"}],"about":[{"href":"https:\/\/www.rocamar.es\/ca\/wp-json\/wp\/v2\/types\/page"}],"author":[{"embeddable":true,"href":"https:\/\/www.rocamar.es\/ca\/wp-json\/wp\/v2\/users\/9"}],"replies":[{"embeddable":true,"href":"https:\/\/www.rocamar.es\/ca\/wp-json\/wp\/v2\/comments?post=3050"}],"version-history":[{"count":0,"href":"https:\/\/www.rocamar.es\/ca\/wp-json\/wp\/v2\/pages\/3050\/revisions"}],"wp:attachment":[{"href":"https:\/\/www.rocamar.es\/ca\/wp-json\/wp\/v2\/media?parent=3050"}],"curies":[{"name":"wp","href":"https:\/\/api.w.org\/{rel}","templated":true}]}}