{"id":2979,"date":"2022-04-25T07:27:28","date_gmt":"2022-04-25T06:27:28","guid":{"rendered":"https:\/\/www.rocamar.es\/espacio-rocamar-profesionales\/"},"modified":"2023-01-26T12:47:23","modified_gmt":"2023-01-26T11:47:23","slug":"espai-rocamar-professionals","status":"publish","type":"page","link":"https:\/\/www.rocamar.es\/ca\/espai-rocamar-professionals\/","title":{"rendered":"Espai Rocamar Professionals"},"content":{"rendered":"\t\t<div data-elementor-type=\"wp-page\" data-elementor-id=\"2979\" class=\"elementor elementor-2979 elementor-613\" data-elementor-post-type=\"page\">\n\t\t\t\t\t\t<section class=\"elementor-section elementor-top-section elementor-element elementor-element-fe9e607 elementor-section-stretched elementor-section-boxed elementor-section-height-default elementor-section-height-default\" data-id=\"fe9e607\" data-element_type=\"section\" data-settings=\"{&quot;stretch_section&quot;:&quot;section-stretched&quot;,&quot;background_background&quot;:&quot;classic&quot;}\">\n\t\t\t\t\t\t<div class=\"elementor-container elementor-column-gap-default\">\n\t\t\t\t\t<div class=\"elementor-column elementor-col-100 elementor-top-column elementor-element elementor-element-f665f44\" data-id=\"f665f44\" data-element_type=\"column\">\n\t\t\t<div class=\"elementor-widget-wrap elementor-element-populated\">\n\t\t\t\t\t\t<div class=\"elementor-element elementor-element-167abf7 elementor-widget elementor-widget-spacer\" data-id=\"167abf7\" data-element_type=\"widget\" data-widget_type=\"spacer.default\">\n\t\t\t\t<div class=\"elementor-widget-container\">\n\t\t\t\t\t\t\t<div class=\"elementor-spacer\">\n\t\t\t<div class=\"elementor-spacer-inner\"><\/div>\n\t\t<\/div>\n\t\t\t\t\t\t<\/div>\n\t\t\t\t<\/div>\n\t\t\t\t<div class=\"elementor-element elementor-element-769abc4 elementor-widget elementor-widget-text-editor\" data-id=\"769abc4\" data-element_type=\"widget\" data-widget_type=\"text-editor.default\">\n\t\t\t\t<div class=\"elementor-widget-container\">\n\t\t\t\t\t\t\t\t\tEspai Rocamar\t\t\t\t\t\t\t\t<\/div>\n\t\t\t\t<\/div>\n\t\t\t\t<div class=\"elementor-element elementor-element-3688212 elementor-widget elementor-widget-heading\" data-id=\"3688212\" data-element_type=\"widget\" data-widget_type=\"heading.default\">\n\t\t\t\t<div class=\"elementor-widget-container\">\n\t\t\t\t\t<h1 class=\"elementor-heading-title elementor-size-default\">Professionals<\/h1>\t\t\t\t<\/div>\n\t\t\t\t<\/div>\n\t\t\t\t<div class=\"elementor-element elementor-element-812be86 elementor-widget elementor-widget-spacer\" data-id=\"812be86\" data-element_type=\"widget\" data-widget_type=\"spacer.default\">\n\t\t\t\t<div class=\"elementor-widget-container\">\n\t\t\t\t\t\t\t<div class=\"elementor-spacer\">\n\t\t\t<div class=\"elementor-spacer-inner\"><\/div>\n\t\t<\/div>\n\t\t\t\t\t\t<\/div>\n\t\t\t\t<\/div>\n\t\t\t\t\t<\/div>\n\t\t<\/div>\n\t\t\t\t\t<\/div>\n\t\t<\/section>\n\t\t\t\t<section class=\"elementor-section elementor-top-section elementor-element elementor-element-0c1e606 elementor-reverse-mobile elementor-section-boxed elementor-section-height-default elementor-section-height-default\" data-id=\"0c1e606\" data-element_type=\"section\" data-settings=\"{&quot;background_background&quot;:&quot;classic&quot;}\">\n\t\t\t\t\t\t<div class=\"elementor-container elementor-column-gap-default\">\n\t\t\t\t\t<div class=\"elementor-column elementor-col-50 elementor-top-column elementor-element elementor-element-95a0d20\" data-id=\"95a0d20\" data-element_type=\"column\" data-settings=\"{&quot;background_background&quot;:&quot;classic&quot;}\">\n\t\t\t<div class=\"elementor-widget-wrap elementor-element-populated\">\n\t\t\t\t\t\t<div class=\"elementor-element elementor-element-0761125 elementor-widget elementor-widget-spacer\" data-id=\"0761125\" data-element_type=\"widget\" data-widget_type=\"spacer.default\">\n\t\t\t\t<div class=\"elementor-widget-container\">\n\t\t\t\t\t\t\t<div class=\"elementor-spacer\">\n\t\t\t<div class=\"elementor-spacer-inner\"><\/div>\n\t\t<\/div>\n\t\t\t\t\t\t<\/div>\n\t\t\t\t<\/div>\n\t\t\t\t\t<\/div>\n\t\t<\/div>\n\t\t\t\t<div class=\"elementor-column elementor-col-50 elementor-top-column elementor-element elementor-element-25d44de\" data-id=\"25d44de\" data-element_type=\"column\">\n\t\t\t<div class=\"elementor-widget-wrap elementor-element-populated\">\n\t\t\t\t\t\t<div class=\"elementor-element elementor-element-2645e91 elementor-widget elementor-widget-text-editor\" data-id=\"2645e91\" data-element_type=\"widget\" data-widget_type=\"text-editor.default\">\n\t\t\t\t<div class=\"elementor-widget-container\">\n\t\t\t\t\t\t\t\t\tRocamar \u00e9s una empresa orientada a professionals amb una clara vocaci\u00f3 d&#8217;atenci\u00f3 als clients dels nostres clients per donar suport a l&#8217;acci\u00f3 comercial dels marbristes. Per aix\u00f2 hem habilitat un espai a Rocamar perqu\u00e8 els nostres clients puguin atendre els seus clients a les nostres instal\u00b7lacions posant a la seva disposici\u00f3:\n<ul>\n \t<li><strong>Espai Showroom<\/strong> per mostrar productes i aplicacions.<\/li>\n \t<li><strong>Sala de reunions<\/strong> per atenci\u00f3 als clients finals per part dels professionals.<\/li>\n \t<li><strong>Espai d&#8217;emmagatzematge a l&#8217;\u00e0rea log\u00edstica<\/strong> de tots els materials a mida real amb personal especialitzat de Rocamar a disposici\u00f3 de les vostres necessitats.<\/li>\n \t<li><strong>Cat\u00e0leg digital de materials<\/strong> de la col\u00b7lecci\u00f3 Lithosfera, ampliable a altres materials.<\/li>\n \t<li>A demanda del marbrista <strong>possible presentaci\u00f3 del projecte Lithosfera<\/strong> als seus clients professionals.<\/li>\n \t<li><strong>Canal telem\u00e0tic d&#8217;atenci\u00f3 al client<\/strong> amb una potent l\u00ednia oberta de consultes sobre pedra natural i artificial a professionals clients dels nostres clients, <a href=\"\/ca\/contacte\/\">a trav\u00e9s d&#8217;un correu electr\u00f2nic<\/a>.<\/li>\n<\/ul>\t\t\t\t\t\t\t\t<\/div>\n\t\t\t\t<\/div>\n\t\t\t\t<div class=\"elementor-element elementor-element-0827f8b elementor-mobile-align-center elementor-widget elementor-widget-button\" data-id=\"0827f8b\" data-element_type=\"widget\" data-widget_type=\"button.default\">\n\t\t\t\t<div class=\"elementor-widget-container\">\n\t\t\t\t\t\t\t\t\t<div class=\"elementor-button-wrapper\">\n\t\t\t\t\t<a class=\"elementor-button elementor-button-link elementor-size-sm\" href=\"http:\/\/clientes.rocamar.es\/LOGIN\/default.cfm\">\n\t\t\t\t\t\t<span class=\"elementor-button-content-wrapper\">\n\t\t\t\t\t\t\t\t\t<span class=\"elementor-button-text\">\u00c0REA PROFESSIONAL<\/span>\n\t\t\t\t\t<\/span>\n\t\t\t\t\t<\/a>\n\t\t\t\t<\/div>\n\t\t\t\t\t\t\t\t<\/div>\n\t\t\t\t<\/div>\n\t\t\t\t\t<\/div>\n\t\t<\/div>\n\t\t\t\t\t<\/div>\n\t\t<\/section>\n\t\t\t\t<\/div>\n\t\t","protected":false},"excerpt":{"rendered":"<p>Espai Rocamar Professionals Rocamar \u00e9s una empresa orientada a professionals amb una clara vocaci\u00f3 d&#8217;atenci\u00f3 als clients dels nostres clients per donar suport a l&#8217;acci\u00f3 comercial dels marbristes. Per aix\u00f2 hem habilitat un espai a Rocamar perqu\u00e8 els nostres clients puguin atendre els seus clients a les nostres instal\u00b7lacions posant a la seva disposici\u00f3: Espai&hellip;<\/p>\n","protected":false},"author":9,"featured_media":0,"parent":0,"menu_order":0,"comment_status":"closed","ping_status":"closed","template":"","meta":{"_acf_changed":false,"footnotes":""},"class_list":{"2":"type-page","4":"hentry"},"acf":[],"yoast_head":"<!-- This site is optimized with the Yoast SEO plugin v26.7 - https:\/\/yoast.com\/wordpress\/plugins\/seo\/ -->\n<title>Espai Rocamar Professionals - Rocamar<\/title>\n<meta name=\"robots\" content=\"index, follow, max-snippet:-1, max-image-preview:large, max-video-preview:-1\" \/>\n<link rel=\"canonical\" href=\"https:\/\/www.rocamar.es\/ca\/espai-rocamar-professionals\/\" \/>\n<meta property=\"og:locale\" content=\"ca_ES\" \/>\n<meta property=\"og:type\" content=\"article\" \/>\n<meta property=\"og:title\" content=\"Espai Rocamar Professionals - Rocamar\" \/>\n<meta property=\"og:description\" content=\"Espai Rocamar Professionals Rocamar \u00e9s una empresa orientada a professionals amb una clara vocaci\u00f3 d&#8217;atenci\u00f3 als clients dels nostres clients per donar suport a l&#8217;acci\u00f3 comercial dels marbristes. Per aix\u00f2 hem habilitat un espai a Rocamar perqu\u00e8 els nostres clients puguin atendre els seus clients a les nostres instal\u00b7lacions posant a la seva disposici\u00f3: Espai&hellip;\" \/>\n<meta property=\"og:url\" content=\"https:\/\/www.rocamar.es\/ca\/espai-rocamar-professionals\/\" \/>\n<meta property=\"og:site_name\" content=\"Rocamar\" \/>\n<meta property=\"article:modified_time\" content=\"2023-01-26T11:47:23+00:00\" \/>\n<meta name=\"twitter:card\" content=\"summary_large_image\" \/>\n<meta name=\"twitter:label1\" content=\"Temps estimat de lectura\" \/>\n\t<meta name=\"twitter:data1\" content=\"1 minut\" \/>\n<script type=\"application\/ld+json\" class=\"yoast-schema-graph\">{\"@context\":\"https:\/\/schema.org\",\"@graph\":[{\"@type\":\"WebPage\",\"@id\":\"https:\/\/www.rocamar.es\/ca\/espai-rocamar-professionals\/\",\"url\":\"https:\/\/www.rocamar.es\/ca\/espai-rocamar-professionals\/\",\"name\":\"Espai Rocamar Professionals - Rocamar\",\"isPartOf\":{\"@id\":\"https:\/\/www.rocamar.es\/#website\"},\"datePublished\":\"2022-04-25T06:27:28+00:00\",\"dateModified\":\"2023-01-26T11:47:23+00:00\",\"breadcrumb\":{\"@id\":\"https:\/\/www.rocamar.es\/ca\/espai-rocamar-professionals\/#breadcrumb\"},\"inLanguage\":\"ca\",\"potentialAction\":[{\"@type\":\"ReadAction\",\"target\":[\"https:\/\/www.rocamar.es\/ca\/espai-rocamar-professionals\/\"]}]},{\"@type\":\"BreadcrumbList\",\"@id\":\"https:\/\/www.rocamar.es\/ca\/espai-rocamar-professionals\/#breadcrumb\",\"itemListElement\":[{\"@type\":\"ListItem\",\"position\":1,\"name\":\"Home\",\"item\":\"https:\/\/www.rocamar.es\/ca\/\"},{\"@type\":\"ListItem\",\"position\":2,\"name\":\"Espai Rocamar Professionals\"}]},{\"@type\":\"WebSite\",\"@id\":\"https:\/\/www.rocamar.es\/#website\",\"url\":\"https:\/\/www.rocamar.es\/\",\"name\":\"Rocamar\",\"description\":\"Rocas &amp; m\u00e1rmoles\",\"potentialAction\":[{\"@type\":\"SearchAction\",\"target\":{\"@type\":\"EntryPoint\",\"urlTemplate\":\"https:\/\/www.rocamar.es\/?s={search_term_string}\"},\"query-input\":{\"@type\":\"PropertyValueSpecification\",\"valueRequired\":true,\"valueName\":\"search_term_string\"}}],\"inLanguage\":\"ca\"}]}<\/script>\n<!-- \/ Yoast SEO plugin. -->","yoast_head_json":{"title":"Espai Rocamar Professionals - Rocamar","robots":{"index":"index","follow":"follow","max-snippet":"max-snippet:-1","max-image-preview":"max-image-preview:large","max-video-preview":"max-video-preview:-1"},"canonical":"https:\/\/www.rocamar.es\/ca\/espai-rocamar-professionals\/","og_locale":"ca_ES","og_type":"article","og_title":"Espai Rocamar Professionals - Rocamar","og_description":"Espai Rocamar Professionals Rocamar \u00e9s una empresa orientada a professionals amb una clara vocaci\u00f3 d&#8217;atenci\u00f3 als clients dels nostres clients per donar suport a l&#8217;acci\u00f3 comercial dels marbristes. Per aix\u00f2 hem habilitat un espai a Rocamar perqu\u00e8 els nostres clients puguin atendre els seus clients a les nostres instal\u00b7lacions posant a la seva disposici\u00f3: Espai&hellip;","og_url":"https:\/\/www.rocamar.es\/ca\/espai-rocamar-professionals\/","og_site_name":"Rocamar","article_modified_time":"2023-01-26T11:47:23+00:00","twitter_card":"summary_large_image","twitter_misc":{"Temps estimat de lectura":"1 minut"},"schema":{"@context":"https:\/\/schema.org","@graph":[{"@type":"WebPage","@id":"https:\/\/www.rocamar.es\/ca\/espai-rocamar-professionals\/","url":"https:\/\/www.rocamar.es\/ca\/espai-rocamar-professionals\/","name":"Espai Rocamar Professionals - Rocamar","isPartOf":{"@id":"https:\/\/www.rocamar.es\/#website"},"datePublished":"2022-04-25T06:27:28+00:00","dateModified":"2023-01-26T11:47:23+00:00","breadcrumb":{"@id":"https:\/\/www.rocamar.es\/ca\/espai-rocamar-professionals\/#breadcrumb"},"inLanguage":"ca","potentialAction":[{"@type":"ReadAction","target":["https:\/\/www.rocamar.es\/ca\/espai-rocamar-professionals\/"]}]},{"@type":"BreadcrumbList","@id":"https:\/\/www.rocamar.es\/ca\/espai-rocamar-professionals\/#breadcrumb","itemListElement":[{"@type":"ListItem","position":1,"name":"Home","item":"https:\/\/www.rocamar.es\/ca\/"},{"@type":"ListItem","position":2,"name":"Espai Rocamar Professionals"}]},{"@type":"WebSite","@id":"https:\/\/www.rocamar.es\/#website","url":"https:\/\/www.rocamar.es\/","name":"Rocamar","description":"Rocas &amp; m\u00e1rmoles","potentialAction":[{"@type":"SearchAction","target":{"@type":"EntryPoint","urlTemplate":"https:\/\/www.rocamar.es\/?s={search_term_string}"},"query-input":{"@type":"PropertyValueSpecification","valueRequired":true,"valueName":"search_term_string"}}],"inLanguage":"ca"}]}},"_links":{"self":[{"href":"https:\/\/www.rocamar.es\/ca\/wp-json\/wp\/v2\/pages\/2979","targetHints":{"allow":["GET"]}}],"collection":[{"href":"https:\/\/www.rocamar.es\/ca\/wp-json\/wp\/v2\/pages"}],"about":[{"href":"https:\/\/www.rocamar.es\/ca\/wp-json\/wp\/v2\/types\/page"}],"author":[{"embeddable":true,"href":"https:\/\/www.rocamar.es\/ca\/wp-json\/wp\/v2\/users\/9"}],"replies":[{"embeddable":true,"href":"https:\/\/www.rocamar.es\/ca\/wp-json\/wp\/v2\/comments?post=2979"}],"version-history":[{"count":0,"href":"https:\/\/www.rocamar.es\/ca\/wp-json\/wp\/v2\/pages\/2979\/revisions"}],"wp:attachment":[{"href":"https:\/\/www.rocamar.es\/ca\/wp-json\/wp\/v2\/media?parent=2979"}],"curies":[{"name":"wp","href":"https:\/\/api.w.org\/{rel}","templated":true}]}}