{"id":2978,"date":"2022-04-25T07:22:44","date_gmt":"2022-04-25T06:22:44","guid":{"rendered":"https:\/\/www.rocamar.es\/servicios\/"},"modified":"2023-02-02T14:24:02","modified_gmt":"2023-02-02T13:24:02","slug":"serveis","status":"publish","type":"page","link":"https:\/\/www.rocamar.es\/ca\/serveis\/","title":{"rendered":"Serveis"},"content":{"rendered":"\t\t<div data-elementor-type=\"wp-page\" data-elementor-id=\"2978\" class=\"elementor elementor-2978 elementor-607\" data-elementor-post-type=\"page\">\n\t\t\t\t\t\t<section class=\"elementor-section elementor-top-section elementor-element elementor-element-fe9e607 elementor-section-stretched elementor-section-boxed elementor-section-height-default elementor-section-height-default\" data-id=\"fe9e607\" data-element_type=\"section\" data-settings=\"{&quot;stretch_section&quot;:&quot;section-stretched&quot;,&quot;background_background&quot;:&quot;classic&quot;}\">\n\t\t\t\t\t\t<div class=\"elementor-container elementor-column-gap-default\">\n\t\t\t\t\t<div class=\"elementor-column elementor-col-100 elementor-top-column elementor-element elementor-element-f665f44\" data-id=\"f665f44\" data-element_type=\"column\">\n\t\t\t<div class=\"elementor-widget-wrap elementor-element-populated\">\n\t\t\t\t\t\t<div class=\"elementor-element elementor-element-167abf7 elementor-widget elementor-widget-spacer\" data-id=\"167abf7\" data-element_type=\"widget\" data-widget_type=\"spacer.default\">\n\t\t\t\t<div class=\"elementor-widget-container\">\n\t\t\t\t\t\t\t<div class=\"elementor-spacer\">\n\t\t\t<div class=\"elementor-spacer-inner\"><\/div>\n\t\t<\/div>\n\t\t\t\t\t\t<\/div>\n\t\t\t\t<\/div>\n\t\t\t\t<div class=\"elementor-element elementor-element-769abc4 elementor-widget elementor-widget-text-editor\" data-id=\"769abc4\" data-element_type=\"widget\" data-widget_type=\"text-editor.default\">\n\t\t\t\t<div class=\"elementor-widget-container\">\n\t\t\t\t\t\t\t\t\t<p>Rocamar<\/p>\t\t\t\t\t\t\t\t<\/div>\n\t\t\t\t<\/div>\n\t\t\t\t<div class=\"elementor-element elementor-element-3688212 elementor-widget elementor-widget-heading\" data-id=\"3688212\" data-element_type=\"widget\" data-widget_type=\"heading.default\">\n\t\t\t\t<div class=\"elementor-widget-container\">\n\t\t\t\t\t<h1 class=\"elementor-heading-title elementor-size-default\">Serveis<\/h1>\t\t\t\t<\/div>\n\t\t\t\t<\/div>\n\t\t\t\t<div class=\"elementor-element elementor-element-812be86 elementor-widget elementor-widget-spacer\" data-id=\"812be86\" data-element_type=\"widget\" data-widget_type=\"spacer.default\">\n\t\t\t\t<div class=\"elementor-widget-container\">\n\t\t\t\t\t\t\t<div class=\"elementor-spacer\">\n\t\t\t<div class=\"elementor-spacer-inner\"><\/div>\n\t\t<\/div>\n\t\t\t\t\t\t<\/div>\n\t\t\t\t<\/div>\n\t\t\t\t\t<\/div>\n\t\t<\/div>\n\t\t\t\t\t<\/div>\n\t\t<\/section>\n\t\t\t\t<section class=\"elementor-section elementor-top-section elementor-element elementor-element-0c1e606 elementor-section-boxed elementor-section-height-default elementor-section-height-default\" data-id=\"0c1e606\" data-element_type=\"section\">\n\t\t\t\t\t\t<div class=\"elementor-container elementor-column-gap-default\">\n\t\t\t\t\t<div class=\"elementor-column elementor-col-100 elementor-top-column elementor-element elementor-element-fd39226\" data-id=\"fd39226\" data-element_type=\"column\">\n\t\t\t<div class=\"elementor-widget-wrap elementor-element-populated\">\n\t\t\t\t\t\t<div class=\"elementor-element elementor-element-bc65c87 elementor-widget elementor-widget-spacer\" data-id=\"bc65c87\" data-element_type=\"widget\" data-widget_type=\"spacer.default\">\n\t\t\t\t<div class=\"elementor-widget-container\">\n\t\t\t\t\t\t\t<div class=\"elementor-spacer\">\n\t\t\t<div class=\"elementor-spacer-inner\"><\/div>\n\t\t<\/div>\n\t\t\t\t\t\t<\/div>\n\t\t\t\t<\/div>\n\t\t\t\t\t<\/div>\n\t\t<\/div>\n\t\t\t\t\t<\/div>\n\t\t<\/section>\n\t\t\t\t<section class=\"elementor-section elementor-top-section elementor-element elementor-element-ce6b386 elementor-reverse-mobile elementor-section-boxed elementor-section-height-default elementor-section-height-default\" data-id=\"ce6b386\" data-element_type=\"section\">\n\t\t\t\t\t\t<div class=\"elementor-container elementor-column-gap-default\">\n\t\t\t\t\t<div class=\"elementor-column elementor-col-50 elementor-top-column elementor-element elementor-element-28a4532\" data-id=\"28a4532\" data-element_type=\"column\">\n\t\t\t<div class=\"elementor-widget-wrap elementor-element-populated\">\n\t\t\t\t\t\t<div class=\"elementor-element elementor-element-fb484f5 elementor-widget elementor-widget-image\" data-id=\"fb484f5\" data-element_type=\"widget\" data-widget_type=\"image.default\">\n\t\t\t\t<div class=\"elementor-widget-container\">\n\t\t\t\t\t\t\t\t\t\t\t\t\t\t\t<img fetchpriority=\"high\" decoding=\"async\" width=\"2274\" height=\"2274\" src=\"https:\/\/www.rocamar.es\/wp-content\/uploads\/2022\/06\/servicios_rocamar_03.jpg\" class=\"attachment-full size-full wp-image-2384\" alt=\"\" srcset=\"https:\/\/www.rocamar.es\/wp-content\/uploads\/2022\/06\/servicios_rocamar_03.jpg 2274w, https:\/\/www.rocamar.es\/wp-content\/uploads\/2022\/06\/servicios_rocamar_03-600x600.jpg 600w, https:\/\/www.rocamar.es\/wp-content\/uploads\/2022\/06\/servicios_rocamar_03-100x100.jpg 100w, https:\/\/www.rocamar.es\/wp-content\/uploads\/2022\/06\/servicios_rocamar_03-300x300.jpg 300w, https:\/\/www.rocamar.es\/wp-content\/uploads\/2022\/06\/servicios_rocamar_03-1024x1024.jpg 1024w, https:\/\/www.rocamar.es\/wp-content\/uploads\/2022\/06\/servicios_rocamar_03-150x150.jpg 150w, https:\/\/www.rocamar.es\/wp-content\/uploads\/2022\/06\/servicios_rocamar_03-768x768.jpg 768w, https:\/\/www.rocamar.es\/wp-content\/uploads\/2022\/06\/servicios_rocamar_03-1536x1536.jpg 1536w, https:\/\/www.rocamar.es\/wp-content\/uploads\/2022\/06\/servicios_rocamar_03-2048x2048.jpg 2048w\" sizes=\"(max-width: 2274px) 100vw, 2274px\" \/>\t\t\t\t\t\t\t\t\t\t\t\t\t\t\t<\/div>\n\t\t\t\t<\/div>\n\t\t\t\t\t<\/div>\n\t\t<\/div>\n\t\t\t\t<div class=\"elementor-column elementor-col-50 elementor-top-column elementor-element elementor-element-0223c5e\" data-id=\"0223c5e\" data-element_type=\"column\">\n\t\t\t<div class=\"elementor-widget-wrap elementor-element-populated\">\n\t\t\t\t\t\t<div class=\"elementor-element elementor-element-8748668 elementor-widget elementor-widget-text-editor\" data-id=\"8748668\" data-element_type=\"widget\" data-widget_type=\"text-editor.default\">\n\t\t\t\t<div class=\"elementor-widget-container\">\n\t\t\t\t\t\t\t\t\t<p>Rocamar t&#8217;ofereix tot el seu suport i servei personalitzat i altament professionalitzat en aquelles q\u00fcestions relacionades amb les teves necessitats espec\u00edfiques en materials naturals i artificials per a la construcci\u00f3 i decoraci\u00f3 de casa seva, oficina, comunitat de ve\u00efns, etc., tant en el vessant m\u00e9s t\u00e8cnic com en els aspectes m\u00e9s est\u00e8tics:<\/p><ul><li><strong>Gran Showroom<\/strong> amb totes les seves refer\u00e8ncies representades de f\u00e0cil i c\u00f2mode acc\u00e9s. A 4 km. de Barcelona, m\u00e9s de 4.000 m2 d&#8217;exposici\u00f3 de materials en format taula o estandarditzat.<\/li><li><strong>Elaboraci\u00f3 de pressupostos<\/strong> dels materials del teu inter\u00e8s mitjan\u00e7ant la col\u00b7laboraci\u00f3 de professionals recomanats per Rocamar que podran fer realitat el teu projecte per a la teva llar.<\/li><\/ul><p>\u00a0<\/p><p>Aix\u00ed mateix Rocamar ofereix tamb\u00e9 aquests serveis als professionals de la decoraci\u00f3 (arquitectes, decoradors, reformistes, etc..) ia m\u00e9s habilita un <a href=\"\/ca\/contacte\/\">correu electr\u00f2nic de consulta sobre tota mena de q\u00fcestions relacionades amb la pedra natural i artificial de la nostra \u00e0mplia i variada oferta.<\/a><\/p><p>I finalment ofereix al professional marbrista altres serveis com consultes sobre materials no habitualment en exist\u00e8ncies, documentaci\u00f3 t\u00e8cnica (certificats, tests d&#8217;assajos, caracter\u00edstiques t\u00e8cniques\u2026), aix\u00ed com formaci\u00f3 sobre diversos aspectes relatius a la pedra en general (productes per al tractament qu\u00edmic de la pedra, materials de subjecci\u00f3, disseny de taulells, prevenci\u00f3 de riscos laborals, etc\u2026)\u201d.<\/p>\t\t\t\t\t\t\t\t<\/div>\n\t\t\t\t<\/div>\n\t\t\t\t<section class=\"elementor-section elementor-inner-section elementor-element elementor-element-4d72553 elementor-section-boxed elementor-section-height-default elementor-section-height-default\" data-id=\"4d72553\" data-element_type=\"section\">\n\t\t\t\t\t\t<div class=\"elementor-container elementor-column-gap-default\">\n\t\t\t\t\t<div class=\"elementor-column elementor-col-33 elementor-inner-column elementor-element elementor-element-179c8c8\" data-id=\"179c8c8\" data-element_type=\"column\">\n\t\t\t<div class=\"elementor-widget-wrap elementor-element-populated\">\n\t\t\t\t\t\t<div class=\"elementor-element elementor-element-3252ddc elementor-mobile-align-center elementor-widget elementor-widget-button\" data-id=\"3252ddc\" data-element_type=\"widget\" data-widget_type=\"button.default\">\n\t\t\t\t<div class=\"elementor-widget-container\">\n\t\t\t\t\t\t\t\t\t<div class=\"elementor-button-wrapper\">\n\t\t\t\t\t<a class=\"elementor-button elementor-button-link elementor-size-sm\" href=\"\/ca\/espai-rocamar-professionals\/\">\n\t\t\t\t\t\t<span class=\"elementor-button-content-wrapper\">\n\t\t\t\t\t\t\t\t\t<span class=\"elementor-button-text\">ROCAMAR PROFESSIONALS<\/span>\n\t\t\t\t\t<\/span>\n\t\t\t\t\t<\/a>\n\t\t\t\t<\/div>\n\t\t\t\t\t\t\t\t<\/div>\n\t\t\t\t<\/div>\n\t\t\t\t\t<\/div>\n\t\t<\/div>\n\t\t\t\t<div class=\"elementor-column elementor-col-33 elementor-inner-column elementor-element elementor-element-42ab532\" data-id=\"42ab532\" data-element_type=\"column\">\n\t\t\t<div class=\"elementor-widget-wrap elementor-element-populated\">\n\t\t\t\t\t\t<div class=\"elementor-element elementor-element-57af353 elementor-mobile-align-center elementor-widget elementor-widget-button\" data-id=\"57af353\" data-element_type=\"widget\" data-widget_type=\"button.default\">\n\t\t\t\t<div class=\"elementor-widget-container\">\n\t\t\t\t\t\t\t\t\t<div class=\"elementor-button-wrapper\">\n\t\t\t\t\t<a class=\"elementor-button elementor-button-link elementor-size-sm\" href=\"\/ca\/formulari-pressupost\/\">\n\t\t\t\t\t\t<span class=\"elementor-button-content-wrapper\">\n\t\t\t\t\t\t\t\t\t<span class=\"elementor-button-text\">SOL\u00b7LICITA PRESSUPOST<\/span>\n\t\t\t\t\t<\/span>\n\t\t\t\t\t<\/a>\n\t\t\t\t<\/div>\n\t\t\t\t\t\t\t\t<\/div>\n\t\t\t\t<\/div>\n\t\t\t\t\t<\/div>\n\t\t<\/div>\n\t\t\t\t<div class=\"elementor-column elementor-col-33 elementor-inner-column elementor-element elementor-element-dc4401a\" data-id=\"dc4401a\" data-element_type=\"column\">\n\t\t\t<div class=\"elementor-widget-wrap elementor-element-populated\">\n\t\t\t\t\t\t<div class=\"elementor-element elementor-element-27d6732 elementor-mobile-align-center elementor-widget elementor-widget-button\" data-id=\"27d6732\" data-element_type=\"widget\" data-widget_type=\"button.default\">\n\t\t\t\t<div class=\"elementor-widget-container\">\n\t\t\t\t\t\t\t\t\t<div class=\"elementor-button-wrapper\">\n\t\t\t\t\t<a class=\"elementor-button elementor-button-link elementor-size-sm\" href=\"\/ca\/showroom-rocamar\/\">\n\t\t\t\t\t\t<span class=\"elementor-button-content-wrapper\">\n\t\t\t\t\t\t\t\t\t<span class=\"elementor-button-text\">SHOWROOM ROCAMAR<\/span>\n\t\t\t\t\t<\/span>\n\t\t\t\t\t<\/a>\n\t\t\t\t<\/div>\n\t\t\t\t\t\t\t\t<\/div>\n\t\t\t\t<\/div>\n\t\t\t\t\t<\/div>\n\t\t<\/div>\n\t\t\t\t\t<\/div>\n\t\t<\/section>\n\t\t\t\t\t<\/div>\n\t\t<\/div>\n\t\t\t\t\t<\/div>\n\t\t<\/section>\n\t\t\t\t<section class=\"elementor-section elementor-top-section elementor-element elementor-element-729ec6f elementor-section-boxed elementor-section-height-default elementor-section-height-default\" data-id=\"729ec6f\" data-element_type=\"section\">\n\t\t\t\t\t\t<div class=\"elementor-container elementor-column-gap-default\">\n\t\t\t\t\t<div class=\"elementor-column elementor-col-100 elementor-top-column elementor-element elementor-element-362140b\" data-id=\"362140b\" data-element_type=\"column\">\n\t\t\t<div class=\"elementor-widget-wrap elementor-element-populated\">\n\t\t\t\t\t\t<div class=\"elementor-element elementor-element-5c29c92 elementor-widget elementor-widget-spacer\" data-id=\"5c29c92\" data-element_type=\"widget\" data-widget_type=\"spacer.default\">\n\t\t\t\t<div class=\"elementor-widget-container\">\n\t\t\t\t\t\t\t<div class=\"elementor-spacer\">\n\t\t\t<div class=\"elementor-spacer-inner\"><\/div>\n\t\t<\/div>\n\t\t\t\t\t\t<\/div>\n\t\t\t\t<\/div>\n\t\t\t\t\t<\/div>\n\t\t<\/div>\n\t\t\t\t\t<\/div>\n\t\t<\/section>\n\t\t\t\t<\/div>\n\t\t","protected":false},"excerpt":{"rendered":"<p>Rocamar Serveis Rocamar t&#8217;ofereix tot el seu suport i servei personalitzat i altament professionalitzat en aquelles q\u00fcestions relacionades amb les teves necessitats espec\u00edfiques en materials naturals i artificials per a la construcci\u00f3 i decoraci\u00f3 de casa seva, oficina, comunitat de ve\u00efns, etc., tant en el vessant m\u00e9s t\u00e8cnic com en els aspectes m\u00e9s est\u00e8tics: Gran&hellip;<\/p>\n","protected":false},"author":9,"featured_media":0,"parent":0,"menu_order":0,"comment_status":"closed","ping_status":"closed","template":"","meta":{"_acf_changed":false,"footnotes":""},"class_list":{"2":"type-page","4":"hentry"},"acf":[],"yoast_head":"<!-- This site is optimized with the Yoast SEO plugin v26.7 - https:\/\/yoast.com\/wordpress\/plugins\/seo\/ -->\n<title>Serveis - Rocamar<\/title>\n<meta name=\"robots\" content=\"index, follow, max-snippet:-1, max-image-preview:large, max-video-preview:-1\" \/>\n<link rel=\"canonical\" href=\"https:\/\/www.rocamar.es\/ca\/serveis\/\" \/>\n<meta property=\"og:locale\" content=\"ca_ES\" \/>\n<meta property=\"og:type\" content=\"article\" \/>\n<meta property=\"og:title\" content=\"Serveis - Rocamar\" \/>\n<meta property=\"og:description\" content=\"Rocamar Serveis Rocamar t&#8217;ofereix tot el seu suport i servei personalitzat i altament professionalitzat en aquelles q\u00fcestions relacionades amb les teves necessitats espec\u00edfiques en materials naturals i artificials per a la construcci\u00f3 i decoraci\u00f3 de casa seva, oficina, comunitat de ve\u00efns, etc., tant en el vessant m\u00e9s t\u00e8cnic com en els aspectes m\u00e9s est\u00e8tics: Gran&hellip;\" \/>\n<meta property=\"og:url\" content=\"https:\/\/www.rocamar.es\/ca\/serveis\/\" \/>\n<meta property=\"og:site_name\" content=\"Rocamar\" \/>\n<meta property=\"article:modified_time\" content=\"2023-02-02T13:24:02+00:00\" \/>\n<meta property=\"og:image\" content=\"https:\/\/www.rocamar.es\/wp-content\/uploads\/2022\/06\/servicios_rocamar_03.jpg\" \/>\n<meta name=\"twitter:card\" content=\"summary_large_image\" \/>\n<meta name=\"twitter:label1\" content=\"Temps estimat de lectura\" \/>\n\t<meta name=\"twitter:data1\" content=\"2 minuts\" \/>\n<script type=\"application\/ld+json\" class=\"yoast-schema-graph\">{\"@context\":\"https:\/\/schema.org\",\"@graph\":[{\"@type\":\"WebPage\",\"@id\":\"https:\/\/www.rocamar.es\/ca\/serveis\/\",\"url\":\"https:\/\/www.rocamar.es\/ca\/serveis\/\",\"name\":\"Serveis - Rocamar\",\"isPartOf\":{\"@id\":\"https:\/\/www.rocamar.es\/#website\"},\"primaryImageOfPage\":{\"@id\":\"https:\/\/www.rocamar.es\/ca\/serveis\/#primaryimage\"},\"image\":{\"@id\":\"https:\/\/www.rocamar.es\/ca\/serveis\/#primaryimage\"},\"thumbnailUrl\":\"https:\/\/www.rocamar.es\/wp-content\/uploads\/2022\/06\/servicios_rocamar_03.jpg\",\"datePublished\":\"2022-04-25T06:22:44+00:00\",\"dateModified\":\"2023-02-02T13:24:02+00:00\",\"breadcrumb\":{\"@id\":\"https:\/\/www.rocamar.es\/ca\/serveis\/#breadcrumb\"},\"inLanguage\":\"ca\",\"potentialAction\":[{\"@type\":\"ReadAction\",\"target\":[\"https:\/\/www.rocamar.es\/ca\/serveis\/\"]}]},{\"@type\":\"ImageObject\",\"inLanguage\":\"ca\",\"@id\":\"https:\/\/www.rocamar.es\/ca\/serveis\/#primaryimage\",\"url\":\"https:\/\/www.rocamar.es\/wp-content\/uploads\/2022\/06\/servicios_rocamar_03.jpg\",\"contentUrl\":\"https:\/\/www.rocamar.es\/wp-content\/uploads\/2022\/06\/servicios_rocamar_03.jpg\"},{\"@type\":\"BreadcrumbList\",\"@id\":\"https:\/\/www.rocamar.es\/ca\/serveis\/#breadcrumb\",\"itemListElement\":[{\"@type\":\"ListItem\",\"position\":1,\"name\":\"Home\",\"item\":\"https:\/\/www.rocamar.es\/ca\/\"},{\"@type\":\"ListItem\",\"position\":2,\"name\":\"Serveis\"}]},{\"@type\":\"WebSite\",\"@id\":\"https:\/\/www.rocamar.es\/#website\",\"url\":\"https:\/\/www.rocamar.es\/\",\"name\":\"Rocamar\",\"description\":\"Rocas &amp; m\u00e1rmoles\",\"potentialAction\":[{\"@type\":\"SearchAction\",\"target\":{\"@type\":\"EntryPoint\",\"urlTemplate\":\"https:\/\/www.rocamar.es\/?s={search_term_string}\"},\"query-input\":{\"@type\":\"PropertyValueSpecification\",\"valueRequired\":true,\"valueName\":\"search_term_string\"}}],\"inLanguage\":\"ca\"}]}<\/script>\n<!-- \/ Yoast SEO plugin. -->","yoast_head_json":{"title":"Serveis - Rocamar","robots":{"index":"index","follow":"follow","max-snippet":"max-snippet:-1","max-image-preview":"max-image-preview:large","max-video-preview":"max-video-preview:-1"},"canonical":"https:\/\/www.rocamar.es\/ca\/serveis\/","og_locale":"ca_ES","og_type":"article","og_title":"Serveis - Rocamar","og_description":"Rocamar Serveis Rocamar t&#8217;ofereix tot el seu suport i servei personalitzat i altament professionalitzat en aquelles q\u00fcestions relacionades amb les teves necessitats espec\u00edfiques en materials naturals i artificials per a la construcci\u00f3 i decoraci\u00f3 de casa seva, oficina, comunitat de ve\u00efns, etc., tant en el vessant m\u00e9s t\u00e8cnic com en els aspectes m\u00e9s est\u00e8tics: Gran&hellip;","og_url":"https:\/\/www.rocamar.es\/ca\/serveis\/","og_site_name":"Rocamar","article_modified_time":"2023-02-02T13:24:02+00:00","og_image":[{"url":"https:\/\/www.rocamar.es\/wp-content\/uploads\/2022\/06\/servicios_rocamar_03.jpg","type":"","width":"","height":""}],"twitter_card":"summary_large_image","twitter_misc":{"Temps estimat de lectura":"2 minuts"},"schema":{"@context":"https:\/\/schema.org","@graph":[{"@type":"WebPage","@id":"https:\/\/www.rocamar.es\/ca\/serveis\/","url":"https:\/\/www.rocamar.es\/ca\/serveis\/","name":"Serveis - Rocamar","isPartOf":{"@id":"https:\/\/www.rocamar.es\/#website"},"primaryImageOfPage":{"@id":"https:\/\/www.rocamar.es\/ca\/serveis\/#primaryimage"},"image":{"@id":"https:\/\/www.rocamar.es\/ca\/serveis\/#primaryimage"},"thumbnailUrl":"https:\/\/www.rocamar.es\/wp-content\/uploads\/2022\/06\/servicios_rocamar_03.jpg","datePublished":"2022-04-25T06:22:44+00:00","dateModified":"2023-02-02T13:24:02+00:00","breadcrumb":{"@id":"https:\/\/www.rocamar.es\/ca\/serveis\/#breadcrumb"},"inLanguage":"ca","potentialAction":[{"@type":"ReadAction","target":["https:\/\/www.rocamar.es\/ca\/serveis\/"]}]},{"@type":"ImageObject","inLanguage":"ca","@id":"https:\/\/www.rocamar.es\/ca\/serveis\/#primaryimage","url":"https:\/\/www.rocamar.es\/wp-content\/uploads\/2022\/06\/servicios_rocamar_03.jpg","contentUrl":"https:\/\/www.rocamar.es\/wp-content\/uploads\/2022\/06\/servicios_rocamar_03.jpg"},{"@type":"BreadcrumbList","@id":"https:\/\/www.rocamar.es\/ca\/serveis\/#breadcrumb","itemListElement":[{"@type":"ListItem","position":1,"name":"Home","item":"https:\/\/www.rocamar.es\/ca\/"},{"@type":"ListItem","position":2,"name":"Serveis"}]},{"@type":"WebSite","@id":"https:\/\/www.rocamar.es\/#website","url":"https:\/\/www.rocamar.es\/","name":"Rocamar","description":"Rocas &amp; m\u00e1rmoles","potentialAction":[{"@type":"SearchAction","target":{"@type":"EntryPoint","urlTemplate":"https:\/\/www.rocamar.es\/?s={search_term_string}"},"query-input":{"@type":"PropertyValueSpecification","valueRequired":true,"valueName":"search_term_string"}}],"inLanguage":"ca"}]}},"_links":{"self":[{"href":"https:\/\/www.rocamar.es\/ca\/wp-json\/wp\/v2\/pages\/2978","targetHints":{"allow":["GET"]}}],"collection":[{"href":"https:\/\/www.rocamar.es\/ca\/wp-json\/wp\/v2\/pages"}],"about":[{"href":"https:\/\/www.rocamar.es\/ca\/wp-json\/wp\/v2\/types\/page"}],"author":[{"embeddable":true,"href":"https:\/\/www.rocamar.es\/ca\/wp-json\/wp\/v2\/users\/9"}],"replies":[{"embeddable":true,"href":"https:\/\/www.rocamar.es\/ca\/wp-json\/wp\/v2\/comments?post=2978"}],"version-history":[{"count":0,"href":"https:\/\/www.rocamar.es\/ca\/wp-json\/wp\/v2\/pages\/2978\/revisions"}],"wp:attachment":[{"href":"https:\/\/www.rocamar.es\/ca\/wp-json\/wp\/v2\/media?parent=2978"}],"curies":[{"name":"wp","href":"https:\/\/api.w.org\/{rel}","templated":true}]}}