{"id":2944,"date":"2022-09-16T12:20:12","date_gmt":"2022-09-16T10:20:12","guid":{"rendered":"https:\/\/www.rocamar.es\/lithosfera\/"},"modified":"2024-01-26T15:39:02","modified_gmt":"2024-01-26T13:39:02","slug":"lithosfera","status":"publish","type":"page","link":"https:\/\/www.rocamar.es\/ca\/lithosfera\/","title":{"rendered":"Lithosfera"},"content":{"rendered":"\t\t<div data-elementor-type=\"wp-page\" data-elementor-id=\"2944\" class=\"elementor elementor-2944 elementor-2174\" data-elementor-post-type=\"page\">\n\t\t\t\t\t\t<section class=\"elementor-section elementor-top-section elementor-element elementor-element-1205a4e elementor-section-stretched elementor-section-boxed elementor-section-height-default elementor-section-height-default\" data-id=\"1205a4e\" data-element_type=\"section\" data-settings=\"{&quot;stretch_section&quot;:&quot;section-stretched&quot;,&quot;background_background&quot;:&quot;classic&quot;}\">\n\t\t\t\t\t\t<div class=\"elementor-container elementor-column-gap-default\">\n\t\t\t\t\t<div class=\"elementor-column elementor-col-100 elementor-top-column elementor-element elementor-element-bb35388\" data-id=\"bb35388\" data-element_type=\"column\">\n\t\t\t<div class=\"elementor-widget-wrap\">\n\t\t\t\t\t\t\t<\/div>\n\t\t<\/div>\n\t\t\t\t\t<\/div>\n\t\t<\/section>\n\t\t\t\t<section class=\"elementor-section elementor-top-section elementor-element elementor-element-b7c5f06 elementor-section-boxed elementor-section-height-default elementor-section-height-default\" data-id=\"b7c5f06\" data-element_type=\"section\">\n\t\t\t\t\t\t<div class=\"elementor-container elementor-column-gap-default\">\n\t\t\t\t\t<div class=\"elementor-column elementor-col-50 elementor-top-column elementor-element elementor-element-8a1f6b9\" data-id=\"8a1f6b9\" data-element_type=\"column\">\n\t\t\t<div class=\"elementor-widget-wrap elementor-element-populated\">\n\t\t\t\t\t\t<div class=\"elementor-element elementor-element-afddc80 elementor-widget elementor-widget-image\" data-id=\"afddc80\" data-element_type=\"widget\" data-widget_type=\"image.default\">\n\t\t\t\t<div class=\"elementor-widget-container\">\n\t\t\t\t\t\t\t\t\t\t\t\t\t\t\t<img decoding=\"async\" width=\"299\" height=\"44\" src=\"https:\/\/www.rocamar.es\/wp-content\/uploads\/2022\/06\/logo_lithosfera_01.svg\" class=\"attachment-full size-full wp-image-2882\" alt=\"\" \/>\t\t\t\t\t\t\t\t\t\t\t\t\t\t\t<\/div>\n\t\t\t\t<\/div>\n\t\t\t\t<div class=\"elementor-element elementor-element-dec859e elementor-widget elementor-widget-heading\" data-id=\"dec859e\" data-element_type=\"widget\" data-widget_type=\"heading.default\">\n\t\t\t\t<div class=\"elementor-widget-container\">\n\t\t\t\t\t<h1 class=\"elementor-heading-title elementor-size-default\">Material de gran duresa, resist\u00e8ncia i impermeabilitat<\/h1>\t\t\t\t<\/div>\n\t\t\t\t<\/div>\n\t\t\t\t<div class=\"elementor-element elementor-element-e5ff6e2 elementor-align-right elementor-mobile-align-center elementor-widget elementor-widget-button\" data-id=\"e5ff6e2\" data-element_type=\"widget\" data-widget_type=\"button.default\">\n\t\t\t\t<div class=\"elementor-widget-container\">\n\t\t\t\t\t\t\t\t\t<div class=\"elementor-button-wrapper\">\n\t\t\t\t\t<a class=\"elementor-button elementor-button-link elementor-size-sm\" href=\"\/ca\/shop\/?_marcas=lithosfera-ca\">\n\t\t\t\t\t\t<span class=\"elementor-button-content-wrapper\">\n\t\t\t\t\t\t\t\t\t<span class=\"elementor-button-text\">Veure productes Lithosfera<\/span>\n\t\t\t\t\t<\/span>\n\t\t\t\t\t<\/a>\n\t\t\t\t<\/div>\n\t\t\t\t\t\t\t\t<\/div>\n\t\t\t\t<\/div>\n\t\t\t\t\t<\/div>\n\t\t<\/div>\n\t\t\t\t<div class=\"elementor-column elementor-col-50 elementor-top-column elementor-element elementor-element-e35175b\" data-id=\"e35175b\" data-element_type=\"column\">\n\t\t\t<div class=\"elementor-widget-wrap elementor-element-populated\">\n\t\t\t\t\t\t<div class=\"elementor-element elementor-element-08cad5c elementor-widget elementor-widget-text-editor\" data-id=\"08cad5c\" data-element_type=\"widget\" data-widget_type=\"text-editor.default\">\n\t\t\t\t<div class=\"elementor-widget-container\">\n\t\t\t\t\t\t\t\t\t<p><strong>Lithosfera<\/strong> \u00e9s una exclusiva <strong>col\u00b7lecci\u00f3 de ROCAMAR que <\/strong>consta de <strong>7<\/strong> <strong>granits i 3 quarsites, 100% naturals<\/strong>, seleccionats per les seves caracter\u00edstiques especials de disseny i color.<\/p><p>Materials escollits per la seva bellesa i per les seves caracter\u00edstiques intr\u00ednseques per ser utilitzats en m\u00faltiples superf\u00edcies: <strong>taulells de cuina i banys, terres, taules, aplacats<\/strong>\u2026 Productes d&#8217;alta qualitat preparats per a un \u00fas intensiu, tractats pel seu marbrista amb un tractament de protecci\u00f3 espec\u00edfic, creat pels especialistes de <strong>Masterqu\u00edmia,<\/strong> que far\u00e0 lluir l&#8217;esplendor de la pedra durant m\u00e9s temps.<\/p><p>El <strong>granit<\/strong> \u00e9s una roca \u00edgnia plut\u00f2nica formada pel refredament lent del magma a grans profunditats de l&#8217;escor\u00e7a terrestre, compost per tres minerals essencials (quars, feldspat i mica). Materials excepcionals per a la construcci\u00f3 tant des d&#8217;un punt de vista est\u00e8tic, com per les caracter\u00edstiques mec\u00e0niques i la durabilitat.<\/p><p>La <strong>quarsita<\/strong> \u00e9s una roca metam\u00f2rfica dura amb alt contingut de quars i altes prestacions mec\u00e0niques.<\/p>\t\t\t\t\t\t\t\t<\/div>\n\t\t\t\t<\/div>\n\t\t\t\t\t<\/div>\n\t\t<\/div>\n\t\t\t\t\t<\/div>\n\t\t<\/section>\n\t\t\t\t<section class=\"elementor-section elementor-top-section elementor-element elementor-element-a393295 elementor-section-stretched elementor-section-boxed elementor-section-height-default elementor-section-height-default\" data-id=\"a393295\" data-element_type=\"section\" data-settings=\"{&quot;stretch_section&quot;:&quot;section-stretched&quot;,&quot;background_background&quot;:&quot;classic&quot;}\">\n\t\t\t\t\t\t<div class=\"elementor-container elementor-column-gap-default\">\n\t\t\t\t\t<div class=\"elementor-column elementor-col-100 elementor-top-column elementor-element elementor-element-2029265\" data-id=\"2029265\" data-element_type=\"column\">\n\t\t\t<div class=\"elementor-widget-wrap elementor-element-populated\">\n\t\t\t\t\t\t<div class=\"elementor-element elementor-element-342f17d elementor-widget elementor-widget-heading\" data-id=\"342f17d\" data-element_type=\"widget\" data-widget_type=\"heading.default\">\n\t\t\t\t<div class=\"elementor-widget-container\">\n\t\t\t\t\t<h2 class=\"elementor-heading-title elementor-size-default\">Aplicacions dels nostres materials Lithosfera<\/h2>\t\t\t\t<\/div>\n\t\t\t\t<\/div>\n\t\t\t\t<div class=\"elementor-element elementor-element-0612c00 elementor-arrows-position-outside elementor-widget elementor-widget-image-carousel\" data-id=\"0612c00\" data-element_type=\"widget\" data-settings=\"{&quot;slides_to_show&quot;:&quot;4&quot;,&quot;slides_to_show_tablet&quot;:&quot;2&quot;,&quot;slides_to_show_mobile&quot;:&quot;1&quot;,&quot;slides_to_scroll&quot;:&quot;4&quot;,&quot;slides_to_scroll_tablet&quot;:&quot;2&quot;,&quot;navigation&quot;:&quot;arrows&quot;,&quot;speed&quot;:2000,&quot;autoplay&quot;:&quot;yes&quot;,&quot;pause_on_hover&quot;:&quot;yes&quot;,&quot;pause_on_interaction&quot;:&quot;yes&quot;,&quot;autoplay_speed&quot;:5000,&quot;infinite&quot;:&quot;yes&quot;,&quot;image_spacing_custom&quot;:{&quot;unit&quot;:&quot;px&quot;,&quot;size&quot;:20,&quot;sizes&quot;:[]},&quot;image_spacing_custom_tablet&quot;:{&quot;unit&quot;:&quot;px&quot;,&quot;size&quot;:&quot;&quot;,&quot;sizes&quot;:[]}}\" data-widget_type=\"image-carousel.default\">\n\t\t\t\t<div class=\"elementor-widget-container\">\n\t\t\t\t\t\t\t<div class=\"elementor-image-carousel-wrapper swiper\" role=\"region\" aria-roledescription=\"carousel\" aria-label=\"Carrusel d&#039;imatges\" dir=\"ltr\">\n\t\t\t<div class=\"elementor-image-carousel swiper-wrapper\" aria-live=\"off\">\n\t\t\t\t\t\t\t\t<div class=\"swiper-slide\" role=\"group\" aria-roledescription=\"slide\" aria-label=\"1 de 9\"><a data-elementor-open-lightbox=\"yes\" data-elementor-lightbox-slideshow=\"0612c00\" data-elementor-lightbox-title=\"lithosfera_granito_rojo_petra_cocina-1.jpg\" data-e-action-hash=\"#elementor-action%3Aaction%3Dlightbox%26settings%3DeyJpZCI6Mjg3OCwidXJsIjoiaHR0cHM6XC9cL3d3dy5yb2NhbWFyLmVzXC93cC1jb250ZW50XC91cGxvYWRzXC8yMDIyXC8wNlwvbGl0aG9zZmVyYV9ncmFuaXRvX3Jvam9fcGV0cmFfY29jaW5hLTEuanBnIiwic2xpZGVzaG93IjoiMDYxMmMwMCJ9\" href=\"\/ca\/shop\/?_marcas=lithosfera-ca\"><figure class=\"swiper-slide-inner\"><img decoding=\"async\" class=\"swiper-slide-image\" src=\"https:\/\/www.rocamar.es\/wp-content\/uploads\/2022\/06\/lithosfera_granito_rojo_petra_cocina-1-300x221.jpg\" alt=\"lithosfera_granito_rojo_petra_cocina-1.jpg\" \/><\/figure><\/a><\/div><div class=\"swiper-slide\" role=\"group\" aria-roledescription=\"slide\" aria-label=\"2 de 9\"><a data-elementor-open-lightbox=\"yes\" data-elementor-lightbox-slideshow=\"0612c00\" data-elementor-lightbox-title=\"lithosfera_granito_blanco_efeso_salon-1.jpg\" data-e-action-hash=\"#elementor-action%3Aaction%3Dlightbox%26settings%3DeyJpZCI6Mjg2MywidXJsIjoiaHR0cHM6XC9cL3d3dy5yb2NhbWFyLmVzXC93cC1jb250ZW50XC91cGxvYWRzXC8yMDIyXC8wNlwvbGl0aG9zZmVyYV9ncmFuaXRvX2JsYW5jb19lZmVzb19zYWxvbi0xLmpwZyIsInNsaWRlc2hvdyI6IjA2MTJjMDAifQ%3D%3D\" href=\"\/ca\/shop\/?_marcas=lithosfera-ca\"><figure class=\"swiper-slide-inner\"><img decoding=\"async\" class=\"swiper-slide-image\" src=\"https:\/\/www.rocamar.es\/wp-content\/uploads\/2022\/06\/lithosfera_granito_blanco_efeso_salon-1-300x221.jpg\" alt=\"lithosfera_granito_blanco_efeso_salon-1.jpg\" \/><\/figure><\/a><\/div><div class=\"swiper-slide\" role=\"group\" aria-roledescription=\"slide\" aria-label=\"3 de 9\"><a data-elementor-open-lightbox=\"yes\" data-elementor-lightbox-slideshow=\"0612c00\" data-elementor-lightbox-title=\"lithosfera_granito_blanco_xanadu_bano-1.jpg\" data-e-action-hash=\"#elementor-action%3Aaction%3Dlightbox%26settings%3DeyJpZCI6Mjg3MiwidXJsIjoiaHR0cHM6XC9cL3d3dy5yb2NhbWFyLmVzXC93cC1jb250ZW50XC91cGxvYWRzXC8yMDIyXC8wNlwvbGl0aG9zZmVyYV9ncmFuaXRvX2JsYW5jb194YW5hZHVfYmFuby0xLmpwZyIsInNsaWRlc2hvdyI6IjA2MTJjMDAifQ%3D%3D\" href=\"\/ca\/shop\/?_marcas=lithosfera-ca\"><figure class=\"swiper-slide-inner\"><img decoding=\"async\" class=\"swiper-slide-image\" src=\"https:\/\/www.rocamar.es\/wp-content\/uploads\/2022\/06\/lithosfera_granito_blanco_xanadu_bano-1-300x221.jpg\" alt=\"lithosfera_granito_blanco_xanadu_bano-1.jpg\" \/><\/figure><\/a><\/div><div class=\"swiper-slide\" role=\"group\" aria-roledescription=\"slide\" aria-label=\"4 de 9\"><a data-elementor-open-lightbox=\"yes\" data-elementor-lightbox-slideshow=\"0612c00\" data-elementor-lightbox-title=\"lithosfera_granito_crema_corinto_cocina-1.jpg\" data-e-action-hash=\"#elementor-action%3Aaction%3Dlightbox%26settings%3DeyJpZCI6Mjg3NSwidXJsIjoiaHR0cHM6XC9cL3d3dy5yb2NhbWFyLmVzXC93cC1jb250ZW50XC91cGxvYWRzXC8yMDIyXC8wNlwvbGl0aG9zZmVyYV9ncmFuaXRvX2NyZW1hX2NvcmludG9fY29jaW5hLTEuanBnIiwic2xpZGVzaG93IjoiMDYxMmMwMCJ9\" href=\"\/ca\/shop\/?_marcas=lithosfera-ca\"><figure class=\"swiper-slide-inner\"><img decoding=\"async\" class=\"swiper-slide-image\" src=\"https:\/\/www.rocamar.es\/wp-content\/uploads\/2022\/06\/lithosfera_granito_crema_corinto_cocina-1-300x221.jpg\" alt=\"lithosfera_granito_crema_corinto_cocina-1.jpg\" \/><\/figure><\/a><\/div><div class=\"swiper-slide\" role=\"group\" aria-roledescription=\"slide\" aria-label=\"5 de 9\"><a data-elementor-open-lightbox=\"yes\" data-elementor-lightbox-slideshow=\"0612c00\" data-elementor-lightbox-title=\"lithosfera_granito_negro_pompeya_cocina-1.jpg\" data-e-action-hash=\"#elementor-action%3Aaction%3Dlightbox%26settings%3DeyJpZCI6Mjg2OSwidXJsIjoiaHR0cHM6XC9cL3d3dy5yb2NhbWFyLmVzXC93cC1jb250ZW50XC91cGxvYWRzXC8yMDIyXC8wNlwvbGl0aG9zZmVyYV9ncmFuaXRvX25lZ3JvX3BvbXBleWFfY29jaW5hLTEuanBnIiwic2xpZGVzaG93IjoiMDYxMmMwMCJ9\" href=\"\/ca\/shop\/?_marcas=lithosfera-ca\"><figure class=\"swiper-slide-inner\"><img decoding=\"async\" class=\"swiper-slide-image\" src=\"https:\/\/www.rocamar.es\/wp-content\/uploads\/2022\/06\/lithosfera_granito_negro_pompeya_cocina-1-300x221.jpg\" alt=\"lithosfera_granito_negro_pompeya_cocina-1.jpg\" \/><\/figure><\/a><\/div><div class=\"swiper-slide\" role=\"group\" aria-roledescription=\"slide\" aria-label=\"6 de 9\"><a data-elementor-open-lightbox=\"yes\" data-elementor-lightbox-slideshow=\"0612c00\" data-elementor-lightbox-title=\"lithosfera_granito_negro_tanah-lot_cocina-1.jpg\" data-e-action-hash=\"#elementor-action%3Aaction%3Dlightbox%26settings%3DeyJpZCI6Mjg2NiwidXJsIjoiaHR0cHM6XC9cL3d3dy5yb2NhbWFyLmVzXC93cC1jb250ZW50XC91cGxvYWRzXC8yMDIyXC8wNlwvbGl0aG9zZmVyYV9ncmFuaXRvX25lZ3JvX3RhbmFoLWxvdF9jb2NpbmEtMS5qcGciLCJzbGlkZXNob3ciOiIwNjEyYzAwIn0%3D\" href=\"\/ca\/shop\/?_marcas=lithosfera-ca\"><figure class=\"swiper-slide-inner\"><img decoding=\"async\" class=\"swiper-slide-image\" src=\"https:\/\/www.rocamar.es\/wp-content\/uploads\/2022\/06\/lithosfera_granito_negro_tanah-lot_cocina-1-300x221.jpg\" alt=\"lithosfera_granito_negro_tanah-lot_cocina-1.jpg\" \/><\/figure><\/a><\/div><div class=\"swiper-slide\" role=\"group\" aria-roledescription=\"slide\" aria-label=\"7 de 9\"><a data-elementor-open-lightbox=\"yes\" data-elementor-lightbox-slideshow=\"0612c00\" data-elementor-lightbox-title=\"lithosfera_granito_blanco_efeso_cocina-1.jpg\" data-e-action-hash=\"#elementor-action%3Aaction%3Dlightbox%26settings%3DeyJpZCI6Mjg2MCwidXJsIjoiaHR0cHM6XC9cL3d3dy5yb2NhbWFyLmVzXC93cC1jb250ZW50XC91cGxvYWRzXC8yMDIyXC8wNlwvbGl0aG9zZmVyYV9ncmFuaXRvX2JsYW5jb19lZmVzb19jb2NpbmEtMS5qcGciLCJzbGlkZXNob3ciOiIwNjEyYzAwIn0%3D\" href=\"\/ca\/shop\/?_marcas=lithosfera-ca\"><figure class=\"swiper-slide-inner\"><img decoding=\"async\" class=\"swiper-slide-image\" src=\"https:\/\/www.rocamar.es\/wp-content\/uploads\/2022\/06\/lithosfera_granito_blanco_efeso_cocina-1-300x221.jpg\" alt=\"lithosfera_granito_blanco_efeso_cocina-1.jpg\" \/><\/figure><\/a><\/div><div class=\"swiper-slide\" role=\"group\" aria-roledescription=\"slide\" aria-label=\"8 de 9\"><a data-elementor-open-lightbox=\"yes\" data-elementor-lightbox-slideshow=\"0612c00\" data-elementor-lightbox-title=\"lithosfera_granito_negro_kolkata_cocina-1.jpg\" data-e-action-hash=\"#elementor-action%3Aaction%3Dlightbox%26settings%3DeyJpZCI6Mjg1NywidXJsIjoiaHR0cHM6XC9cL3d3dy5yb2NhbWFyLmVzXC93cC1jb250ZW50XC91cGxvYWRzXC8yMDIyXC8wNlwvbGl0aG9zZmVyYV9ncmFuaXRvX25lZ3JvX2tvbGthdGFfY29jaW5hLTEuanBnIiwic2xpZGVzaG93IjoiMDYxMmMwMCJ9\" href=\"\/ca\/shop\/?_marcas=lithosfera-ca\"><figure class=\"swiper-slide-inner\"><img decoding=\"async\" class=\"swiper-slide-image\" src=\"https:\/\/www.rocamar.es\/wp-content\/uploads\/2022\/06\/lithosfera_granito_negro_kolkata_cocina-1-300x221.jpg\" alt=\"lithosfera_granito_negro_kolkata_cocina-1.jpg\" \/><\/figure><\/a><\/div><div class=\"swiper-slide\" role=\"group\" aria-roledescription=\"slide\" aria-label=\"9 de 9\"><a data-elementor-open-lightbox=\"yes\" data-elementor-lightbox-slideshow=\"0612c00\" data-elementor-lightbox-title=\"lithosfera_granito_gris_tikal_cocina-1.jpg\" data-e-action-hash=\"#elementor-action%3Aaction%3Dlightbox%26settings%3DeyJpZCI6Mjg1NCwidXJsIjoiaHR0cHM6XC9cL3d3dy5yb2NhbWFyLmVzXC93cC1jb250ZW50XC91cGxvYWRzXC8yMDIyXC8wNlwvbGl0aG9zZmVyYV9ncmFuaXRvX2dyaXNfdGlrYWxfY29jaW5hLTEuanBnIiwic2xpZGVzaG93IjoiMDYxMmMwMCJ9\" href=\"\/ca\/shop\/?_marcas=lithosfera-ca\"><figure class=\"swiper-slide-inner\"><img decoding=\"async\" class=\"swiper-slide-image\" src=\"https:\/\/www.rocamar.es\/wp-content\/uploads\/2022\/06\/lithosfera_granito_gris_tikal_cocina-1-300x221.jpg\" alt=\"lithosfera_granito_gris_tikal_cocina-1.jpg\" \/><\/figure><\/a><\/div>\t\t\t<\/div>\n\t\t\t\t\t\t\t\t\t\t\t\t<div class=\"elementor-swiper-button elementor-swiper-button-prev\" role=\"button\" tabindex=\"0\">\n\t\t\t\t\t\t<i aria-hidden=\"true\" class=\"eicon-chevron-left\"><\/i>\t\t\t\t\t<\/div>\n\t\t\t\t\t<div class=\"elementor-swiper-button elementor-swiper-button-next\" role=\"button\" tabindex=\"0\">\n\t\t\t\t\t\t<i aria-hidden=\"true\" class=\"eicon-chevron-right\"><\/i>\t\t\t\t\t<\/div>\n\t\t\t\t\n\t\t\t\t\t\t\t\t\t<\/div>\n\t\t\t\t\t\t<\/div>\n\t\t\t\t<\/div>\n\t\t\t\t\t<\/div>\n\t\t<\/div>\n\t\t\t\t\t<\/div>\n\t\t<\/section>\n\t\t\t\t<\/div>\n\t\t","protected":false},"excerpt":{"rendered":"<p>Material de gran duresa, resist\u00e8ncia i impermeabilitat Veure productes Lithosfera Lithosfera \u00e9s una exclusiva col\u00b7lecci\u00f3 de ROCAMAR que consta de 7 granits i 3 quarsites, 100% naturals, seleccionats per les seves caracter\u00edstiques especials de disseny i color. Materials escollits per la seva bellesa i per les seves caracter\u00edstiques intr\u00ednseques per ser utilitzats en m\u00faltiples superf\u00edcies:&hellip;<\/p>\n","protected":false},"author":6,"featured_media":0,"parent":0,"menu_order":0,"comment_status":"closed","ping_status":"closed","template":"","meta":{"_acf_changed":false,"footnotes":""},"class_list":{"2":"type-page","4":"hentry"},"acf":[],"yoast_head":"<!-- This site is optimized with the Yoast SEO plugin v26.7 - https:\/\/yoast.com\/wordpress\/plugins\/seo\/ -->\n<title>Lithosfera - Rocamar<\/title>\n<meta name=\"robots\" content=\"index, follow, max-snippet:-1, max-image-preview:large, max-video-preview:-1\" \/>\n<link rel=\"canonical\" href=\"https:\/\/www.rocamar.es\/ca\/lithosfera\/\" \/>\n<meta property=\"og:locale\" content=\"ca_ES\" \/>\n<meta property=\"og:type\" content=\"article\" \/>\n<meta property=\"og:title\" content=\"Lithosfera - Rocamar\" \/>\n<meta property=\"og:description\" content=\"Material de gran duresa, resist\u00e8ncia i impermeabilitat Veure productes Lithosfera Lithosfera \u00e9s una exclusiva col\u00b7lecci\u00f3 de ROCAMAR que consta de 7 granits i 3 quarsites, 100% naturals, seleccionats per les seves caracter\u00edstiques especials de disseny i color. Materials escollits per la seva bellesa i per les seves caracter\u00edstiques intr\u00ednseques per ser utilitzats en m\u00faltiples superf\u00edcies:&hellip;\" \/>\n<meta property=\"og:url\" content=\"https:\/\/www.rocamar.es\/ca\/lithosfera\/\" \/>\n<meta property=\"og:site_name\" content=\"Rocamar\" \/>\n<meta property=\"article:modified_time\" content=\"2024-01-26T13:39:02+00:00\" \/>\n<meta property=\"og:image\" content=\"https:\/\/www.rocamar.es\/wp-content\/uploads\/2022\/06\/logo_lithosfera_01.svg\" \/>\n<meta name=\"twitter:card\" content=\"summary_large_image\" \/>\n<meta name=\"twitter:label1\" content=\"Temps estimat de lectura\" \/>\n\t<meta name=\"twitter:data1\" content=\"5 minuts\" \/>\n<script type=\"application\/ld+json\" class=\"yoast-schema-graph\">{\"@context\":\"https:\/\/schema.org\",\"@graph\":[{\"@type\":\"WebPage\",\"@id\":\"https:\/\/www.rocamar.es\/ca\/lithosfera\/\",\"url\":\"https:\/\/www.rocamar.es\/ca\/lithosfera\/\",\"name\":\"Lithosfera - Rocamar\",\"isPartOf\":{\"@id\":\"https:\/\/www.rocamar.es\/#website\"},\"primaryImageOfPage\":{\"@id\":\"https:\/\/www.rocamar.es\/ca\/lithosfera\/#primaryimage\"},\"image\":{\"@id\":\"https:\/\/www.rocamar.es\/ca\/lithosfera\/#primaryimage\"},\"thumbnailUrl\":\"https:\/\/www.rocamar.es\/wp-content\/uploads\/2022\/06\/logo_lithosfera_01.svg\",\"datePublished\":\"2022-09-16T10:20:12+00:00\",\"dateModified\":\"2024-01-26T13:39:02+00:00\",\"breadcrumb\":{\"@id\":\"https:\/\/www.rocamar.es\/ca\/lithosfera\/#breadcrumb\"},\"inLanguage\":\"ca\",\"potentialAction\":[{\"@type\":\"ReadAction\",\"target\":[\"https:\/\/www.rocamar.es\/ca\/lithosfera\/\"]}]},{\"@type\":\"ImageObject\",\"inLanguage\":\"ca\",\"@id\":\"https:\/\/www.rocamar.es\/ca\/lithosfera\/#primaryimage\",\"url\":\"https:\/\/www.rocamar.es\/wp-content\/uploads\/2022\/06\/logo_lithosfera_01.svg\",\"contentUrl\":\"https:\/\/www.rocamar.es\/wp-content\/uploads\/2022\/06\/logo_lithosfera_01.svg\"},{\"@type\":\"BreadcrumbList\",\"@id\":\"https:\/\/www.rocamar.es\/ca\/lithosfera\/#breadcrumb\",\"itemListElement\":[{\"@type\":\"ListItem\",\"position\":1,\"name\":\"Home\",\"item\":\"https:\/\/www.rocamar.es\/ca\/\"},{\"@type\":\"ListItem\",\"position\":2,\"name\":\"Lithosfera\"}]},{\"@type\":\"WebSite\",\"@id\":\"https:\/\/www.rocamar.es\/#website\",\"url\":\"https:\/\/www.rocamar.es\/\",\"name\":\"Rocamar\",\"description\":\"Rocas &amp; m\u00e1rmoles\",\"potentialAction\":[{\"@type\":\"SearchAction\",\"target\":{\"@type\":\"EntryPoint\",\"urlTemplate\":\"https:\/\/www.rocamar.es\/?s={search_term_string}\"},\"query-input\":{\"@type\":\"PropertyValueSpecification\",\"valueRequired\":true,\"valueName\":\"search_term_string\"}}],\"inLanguage\":\"ca\"}]}<\/script>\n<!-- \/ Yoast SEO plugin. -->","yoast_head_json":{"title":"Lithosfera - Rocamar","robots":{"index":"index","follow":"follow","max-snippet":"max-snippet:-1","max-image-preview":"max-image-preview:large","max-video-preview":"max-video-preview:-1"},"canonical":"https:\/\/www.rocamar.es\/ca\/lithosfera\/","og_locale":"ca_ES","og_type":"article","og_title":"Lithosfera - Rocamar","og_description":"Material de gran duresa, resist\u00e8ncia i impermeabilitat Veure productes Lithosfera Lithosfera \u00e9s una exclusiva col\u00b7lecci\u00f3 de ROCAMAR que consta de 7 granits i 3 quarsites, 100% naturals, seleccionats per les seves caracter\u00edstiques especials de disseny i color. Materials escollits per la seva bellesa i per les seves caracter\u00edstiques intr\u00ednseques per ser utilitzats en m\u00faltiples superf\u00edcies:&hellip;","og_url":"https:\/\/www.rocamar.es\/ca\/lithosfera\/","og_site_name":"Rocamar","article_modified_time":"2024-01-26T13:39:02+00:00","og_image":[{"url":"https:\/\/www.rocamar.es\/wp-content\/uploads\/2022\/06\/logo_lithosfera_01.svg","type":"","width":"","height":""}],"twitter_card":"summary_large_image","twitter_misc":{"Temps estimat de lectura":"5 minuts"},"schema":{"@context":"https:\/\/schema.org","@graph":[{"@type":"WebPage","@id":"https:\/\/www.rocamar.es\/ca\/lithosfera\/","url":"https:\/\/www.rocamar.es\/ca\/lithosfera\/","name":"Lithosfera - Rocamar","isPartOf":{"@id":"https:\/\/www.rocamar.es\/#website"},"primaryImageOfPage":{"@id":"https:\/\/www.rocamar.es\/ca\/lithosfera\/#primaryimage"},"image":{"@id":"https:\/\/www.rocamar.es\/ca\/lithosfera\/#primaryimage"},"thumbnailUrl":"https:\/\/www.rocamar.es\/wp-content\/uploads\/2022\/06\/logo_lithosfera_01.svg","datePublished":"2022-09-16T10:20:12+00:00","dateModified":"2024-01-26T13:39:02+00:00","breadcrumb":{"@id":"https:\/\/www.rocamar.es\/ca\/lithosfera\/#breadcrumb"},"inLanguage":"ca","potentialAction":[{"@type":"ReadAction","target":["https:\/\/www.rocamar.es\/ca\/lithosfera\/"]}]},{"@type":"ImageObject","inLanguage":"ca","@id":"https:\/\/www.rocamar.es\/ca\/lithosfera\/#primaryimage","url":"https:\/\/www.rocamar.es\/wp-content\/uploads\/2022\/06\/logo_lithosfera_01.svg","contentUrl":"https:\/\/www.rocamar.es\/wp-content\/uploads\/2022\/06\/logo_lithosfera_01.svg"},{"@type":"BreadcrumbList","@id":"https:\/\/www.rocamar.es\/ca\/lithosfera\/#breadcrumb","itemListElement":[{"@type":"ListItem","position":1,"name":"Home","item":"https:\/\/www.rocamar.es\/ca\/"},{"@type":"ListItem","position":2,"name":"Lithosfera"}]},{"@type":"WebSite","@id":"https:\/\/www.rocamar.es\/#website","url":"https:\/\/www.rocamar.es\/","name":"Rocamar","description":"Rocas &amp; m\u00e1rmoles","potentialAction":[{"@type":"SearchAction","target":{"@type":"EntryPoint","urlTemplate":"https:\/\/www.rocamar.es\/?s={search_term_string}"},"query-input":{"@type":"PropertyValueSpecification","valueRequired":true,"valueName":"search_term_string"}}],"inLanguage":"ca"}]}},"_links":{"self":[{"href":"https:\/\/www.rocamar.es\/ca\/wp-json\/wp\/v2\/pages\/2944","targetHints":{"allow":["GET"]}}],"collection":[{"href":"https:\/\/www.rocamar.es\/ca\/wp-json\/wp\/v2\/pages"}],"about":[{"href":"https:\/\/www.rocamar.es\/ca\/wp-json\/wp\/v2\/types\/page"}],"author":[{"embeddable":true,"href":"https:\/\/www.rocamar.es\/ca\/wp-json\/wp\/v2\/users\/6"}],"replies":[{"embeddable":true,"href":"https:\/\/www.rocamar.es\/ca\/wp-json\/wp\/v2\/comments?post=2944"}],"version-history":[{"count":0,"href":"https:\/\/www.rocamar.es\/ca\/wp-json\/wp\/v2\/pages\/2944\/revisions"}],"wp:attachment":[{"href":"https:\/\/www.rocamar.es\/ca\/wp-json\/wp\/v2\/media?parent=2944"}],"curies":[{"name":"wp","href":"https:\/\/api.w.org\/{rel}","templated":true}]}}