{"id":2942,"date":"2022-09-16T12:26:44","date_gmt":"2022-09-16T11:26:44","guid":{"rendered":"https:\/\/www.rocamar.es\/austral\/"},"modified":"2023-02-06T18:24:57","modified_gmt":"2023-02-06T17:24:57","slug":"austral","status":"publish","type":"page","link":"https:\/\/www.rocamar.es\/ca\/austral\/","title":{"rendered":"Austral"},"content":{"rendered":"\t\t<div data-elementor-type=\"wp-page\" data-elementor-id=\"2942\" class=\"elementor elementor-2942 elementor-2189\" data-elementor-post-type=\"page\">\n\t\t\t\t\t\t<section class=\"elementor-section elementor-top-section elementor-element elementor-element-1205a4e elementor-section-stretched elementor-section-boxed elementor-section-height-default elementor-section-height-default\" data-id=\"1205a4e\" data-element_type=\"section\" data-settings=\"{&quot;stretch_section&quot;:&quot;section-stretched&quot;,&quot;background_background&quot;:&quot;classic&quot;}\">\n\t\t\t\t\t\t<div class=\"elementor-container elementor-column-gap-default\">\n\t\t\t\t\t<div class=\"elementor-column elementor-col-100 elementor-top-column elementor-element elementor-element-bb35388\" data-id=\"bb35388\" data-element_type=\"column\">\n\t\t\t<div class=\"elementor-widget-wrap\">\n\t\t\t\t\t\t\t<\/div>\n\t\t<\/div>\n\t\t\t\t\t<\/div>\n\t\t<\/section>\n\t\t\t\t<section class=\"elementor-section elementor-top-section elementor-element elementor-element-b7c5f06 elementor-section-boxed elementor-section-height-default elementor-section-height-default\" data-id=\"b7c5f06\" data-element_type=\"section\">\n\t\t\t\t\t\t<div class=\"elementor-container elementor-column-gap-default\">\n\t\t\t\t\t<div class=\"elementor-column elementor-col-50 elementor-top-column elementor-element elementor-element-8a1f6b9\" data-id=\"8a1f6b9\" data-element_type=\"column\">\n\t\t\t<div class=\"elementor-widget-wrap elementor-element-populated\">\n\t\t\t\t\t\t<div class=\"elementor-element elementor-element-afddc80 elementor-widget elementor-widget-image\" data-id=\"afddc80\" data-element_type=\"widget\" data-widget_type=\"image.default\">\n\t\t\t\t<div class=\"elementor-widget-container\">\n\t\t\t\t\t\t\t\t\t\t\t\t\t\t\t<img decoding=\"async\" width=\"230\" height=\"44\" src=\"https:\/\/www.rocamar.es\/wp-content\/uploads\/2022\/06\/logo_austral_01.svg\" class=\"attachment-full size-full wp-image-2880\" alt=\"\" \/>\t\t\t\t\t\t\t\t\t\t\t\t\t\t\t<\/div>\n\t\t\t\t<\/div>\n\t\t\t\t<div class=\"elementor-element elementor-element-dec859e elementor-widget elementor-widget-heading\" data-id=\"dec859e\" data-element_type=\"widget\" data-widget_type=\"heading.default\">\n\t\t\t\t<div class=\"elementor-widget-container\">\n\t\t\t\t\t<h1 class=\"elementor-heading-title elementor-size-default\">Material de gran bellesa i versatilitat<\/h1>\t\t\t\t<\/div>\n\t\t\t\t<\/div>\n\t\t\t\t<div class=\"elementor-element elementor-element-e5ff6e2 elementor-align-right elementor-mobile-align-center elementor-widget elementor-widget-button\" data-id=\"e5ff6e2\" data-element_type=\"widget\" data-widget_type=\"button.default\">\n\t\t\t\t<div class=\"elementor-widget-container\">\n\t\t\t\t\t\t\t\t\t<div class=\"elementor-button-wrapper\">\n\t\t\t\t\t<a class=\"elementor-button elementor-button-link elementor-size-sm\" href=\"\/ca\/shop\/?_marcas=austral-ca\">\n\t\t\t\t\t\t<span class=\"elementor-button-content-wrapper\">\n\t\t\t\t\t\t\t\t\t<span class=\"elementor-button-text\">Veure productes Austral<\/span>\n\t\t\t\t\t<\/span>\n\t\t\t\t\t<\/a>\n\t\t\t\t<\/div>\n\t\t\t\t\t\t\t\t<\/div>\n\t\t\t\t<\/div>\n\t\t\t\t\t<\/div>\n\t\t<\/div>\n\t\t\t\t<div class=\"elementor-column elementor-col-50 elementor-top-column elementor-element elementor-element-e35175b\" data-id=\"e35175b\" data-element_type=\"column\">\n\t\t\t<div class=\"elementor-widget-wrap elementor-element-populated\">\n\t\t\t\t\t\t<div class=\"elementor-element elementor-element-59aeb87 elementor-widget elementor-widget-text-editor\" data-id=\"59aeb87\" data-element_type=\"widget\" data-widget_type=\"text-editor.default\">\n\t\t\t\t<div class=\"elementor-widget-container\">\n\t\t\t\t\t\t\t\t\t<p>El Blanc Austral \u00e9s un marbre de color blanc, de gra mitj\u00e0 i fons uniforme, presentant, amb m\u00e9s o menys intensitat, unes vetes paral\u00b7leles de color gris\/blau que li confereixen la seva singularitat.<\/p>\t\t\t\t\t\t\t\t<\/div>\n\t\t\t\t<\/div>\n\t\t\t\t<div class=\"elementor-element elementor-element-1e55e20 elementor-widget elementor-widget-text-editor\" data-id=\"1e55e20\" data-element_type=\"widget\" data-widget_type=\"text-editor.default\">\n\t\t\t\t<div class=\"elementor-widget-container\">\n\t\t\t\t\t\t\t\t\t<p>Els marbres i pedres ornamentals de l&#8217;illa de M\u00e1rmara, a Turquia, s\u00f3n materials que s&#8217;han utilitzat en arquitectura des de temps remots: Roma, Bizanci i l&#8217;imperi Otom\u00e0 ja van utilitzar aquestes varietats per a tot tipus de construccions.<\/p><p>Aquesta pedra ornamental es caracteritza per ser no cristal\u00b7lina, cosa que li confereix un fons suau de color blanc que mant\u00e9 la seva uniformitat en tota la superf\u00edcie a utilitzar, combinat, en major o menor mesura, amb vetes grises que li atorguen el car\u00e0cter \u00fanic.<\/p><p>Donada la seva naturalesa, els acabats m\u00e9s habituals utilitzats en tot tipus de projectes decoratius serien: polit brillant, apomazat, buixardat i sorrat.<\/p>\t\t\t\t\t\t\t\t<\/div>\n\t\t\t\t<\/div>\n\t\t\t\t\t<\/div>\n\t\t<\/div>\n\t\t\t\t\t<\/div>\n\t\t<\/section>\n\t\t\t\t<section class=\"elementor-section elementor-top-section elementor-element elementor-element-be58df6 elementor-hidden-desktop elementor-hidden-tablet elementor-hidden-mobile elementor-section-boxed elementor-section-height-default elementor-section-height-default\" data-id=\"be58df6\" data-element_type=\"section\">\n\t\t\t\t\t\t<div class=\"elementor-container elementor-column-gap-default\">\n\t\t\t\t\t<div class=\"elementor-column elementor-col-100 elementor-top-column elementor-element elementor-element-292d148\" data-id=\"292d148\" data-element_type=\"column\">\n\t\t\t<div class=\"elementor-widget-wrap elementor-element-populated\">\n\t\t\t\t\t\t<div class=\"elementor-element elementor-element-039711f elementor-widget elementor-widget-heading\" data-id=\"039711f\" data-element_type=\"widget\" data-widget_type=\"heading.default\">\n\t\t\t\t<div class=\"elementor-widget-container\">\n\t\t\t\t\t<h2 class=\"elementor-heading-title elementor-size-default\">Estudi de tacabilitat<\/h2>\t\t\t\t<\/div>\n\t\t\t\t<\/div>\n\t\t\t\t<div class=\"elementor-element elementor-element-c0986d2 elementor-widget elementor-widget-text-editor\" data-id=\"c0986d2\" data-element_type=\"widget\" data-widget_type=\"text-editor.default\">\n\t\t\t\t<div class=\"elementor-widget-container\">\n\t\t\t\t\t\t\t\t\t<p>Estem realitzant un estudi de tacabilitat sotmetent el Blanc Austral a diversos productes susceptibles de provocar taques a les pedres ornamentals. D&#8217;altra banda, s&#8217;est\u00e0 fent un estudi comparatiu amb una altra refer\u00e8ncia que ocupa quant a \u00fas pr\u00e0cticament el mateix espai en decoraci\u00f3. Esperem tenir-ho en un parell de setmanes com a molt.<\/p>\t\t\t\t\t\t\t\t<\/div>\n\t\t\t\t<\/div>\n\t\t\t\t\t<\/div>\n\t\t<\/div>\n\t\t\t\t\t<\/div>\n\t\t<\/section>\n\t\t\t\t<section class=\"elementor-section elementor-top-section elementor-element elementor-element-b4f4604 elementor-hidden-desktop elementor-hidden-tablet elementor-hidden-mobile elementor-section-boxed elementor-section-height-default elementor-section-height-default\" data-id=\"b4f4604\" data-element_type=\"section\">\n\t\t\t\t\t\t<div class=\"elementor-container elementor-column-gap-default\">\n\t\t\t\t\t<div class=\"elementor-column elementor-col-100 elementor-top-column elementor-element elementor-element-9096340\" data-id=\"9096340\" data-element_type=\"column\">\n\t\t\t<div class=\"elementor-widget-wrap elementor-element-populated\">\n\t\t\t\t\t\t<div class=\"elementor-element elementor-element-c26e77c elementor-widget elementor-widget-heading\" data-id=\"c26e77c\" data-element_type=\"widget\" data-widget_type=\"heading.default\">\n\t\t\t\t<div class=\"elementor-widget-container\">\n\t\t\t\t\t<h2 class=\"elementor-heading-title elementor-size-default\">Caracter\u00edstiques t\u00e8cniques<\/h2>\t\t\t\t<\/div>\n\t\t\t\t<\/div>\n\t\t\t\t\t<\/div>\n\t\t<\/div>\n\t\t\t\t\t<\/div>\n\t\t<\/section>\n\t\t\t\t<section class=\"elementor-section elementor-top-section elementor-element elementor-element-a393295 elementor-section-stretched elementor-section-boxed elementor-section-height-default elementor-section-height-default\" data-id=\"a393295\" data-element_type=\"section\" data-settings=\"{&quot;stretch_section&quot;:&quot;section-stretched&quot;,&quot;background_background&quot;:&quot;classic&quot;}\">\n\t\t\t\t\t\t<div class=\"elementor-container elementor-column-gap-default\">\n\t\t\t\t\t<div class=\"elementor-column elementor-col-100 elementor-top-column elementor-element elementor-element-2029265\" data-id=\"2029265\" data-element_type=\"column\">\n\t\t\t<div class=\"elementor-widget-wrap elementor-element-populated\">\n\t\t\t\t\t\t<div class=\"elementor-element elementor-element-342f17d elementor-widget elementor-widget-heading\" data-id=\"342f17d\" data-element_type=\"widget\" data-widget_type=\"heading.default\">\n\t\t\t\t<div class=\"elementor-widget-container\">\n\t\t\t\t\t<h2 class=\"elementor-heading-title elementor-size-default\">Aplicacions dels nostres materials Austral<\/h2>\t\t\t\t<\/div>\n\t\t\t\t<\/div>\n\t\t\t\t<div class=\"elementor-element elementor-element-0612c00 elementor-arrows-position-outside elementor-widget elementor-widget-image-carousel\" data-id=\"0612c00\" data-element_type=\"widget\" data-settings=\"{&quot;slides_to_show&quot;:&quot;3&quot;,&quot;slides_to_show_tablet&quot;:&quot;2&quot;,&quot;slides_to_show_mobile&quot;:&quot;1&quot;,&quot;slides_to_scroll&quot;:&quot;3&quot;,&quot;slides_to_scroll_tablet&quot;:&quot;2&quot;,&quot;navigation&quot;:&quot;arrows&quot;,&quot;speed&quot;:2000,&quot;autoplay&quot;:&quot;yes&quot;,&quot;pause_on_hover&quot;:&quot;yes&quot;,&quot;pause_on_interaction&quot;:&quot;yes&quot;,&quot;autoplay_speed&quot;:5000,&quot;infinite&quot;:&quot;yes&quot;,&quot;image_spacing_custom&quot;:{&quot;unit&quot;:&quot;px&quot;,&quot;size&quot;:20,&quot;sizes&quot;:[]},&quot;image_spacing_custom_tablet&quot;:{&quot;unit&quot;:&quot;px&quot;,&quot;size&quot;:&quot;&quot;,&quot;sizes&quot;:[]}}\" data-widget_type=\"image-carousel.default\">\n\t\t\t\t<div class=\"elementor-widget-container\">\n\t\t\t\t\t\t\t<div class=\"elementor-image-carousel-wrapper swiper\" role=\"region\" aria-roledescription=\"carousel\" aria-label=\"Carrusel d&#039;imatges\" dir=\"ltr\">\n\t\t\t<div class=\"elementor-image-carousel swiper-wrapper\" aria-live=\"off\">\n\t\t\t\t\t\t\t\t<div class=\"swiper-slide\" role=\"group\" aria-roledescription=\"slide\" aria-label=\"1 de 3\"><a data-elementor-open-lightbox=\"yes\" data-elementor-lightbox-slideshow=\"0612c00\" data-elementor-lightbox-title=\"austral_blanco_austral_b_marmol_blanco_cocina-1.jpg\" data-e-action-hash=\"#elementor-action%3Aaction%3Dlightbox%26settings%3DeyJpZCI6MjgyNywidXJsIjoiaHR0cHM6XC9cL3d3dy5yb2NhbWFyLmVzXC93cC1jb250ZW50XC91cGxvYWRzXC8yMDIyXC8wNlwvYXVzdHJhbF9ibGFuY29fYXVzdHJhbF9iX21hcm1vbF9ibGFuY29fY29jaW5hLTEuanBnIiwic2xpZGVzaG93IjoiMDYxMmMwMCJ9\" href=\"\/ca\/shop\/?_marcas=austral-ca\"><figure class=\"swiper-slide-inner\"><img decoding=\"async\" class=\"swiper-slide-image\" src=\"https:\/\/www.rocamar.es\/wp-content\/uploads\/2022\/06\/austral_blanco_austral_b_marmol_blanco_cocina-1-300x221.jpg\" alt=\"austral_blanco_austral_b_marmol_blanco_cocina-1.jpg\" \/><\/figure><\/a><\/div><div class=\"swiper-slide\" role=\"group\" aria-roledescription=\"slide\" aria-label=\"2 de 3\"><a data-elementor-open-lightbox=\"yes\" data-elementor-lightbox-slideshow=\"0612c00\" data-elementor-lightbox-title=\"austral_blanco_austral_c_marmol_blanco_cocina-1.jpg\" data-e-action-hash=\"#elementor-action%3Aaction%3Dlightbox%26settings%3DeyJpZCI6MjgyNCwidXJsIjoiaHR0cHM6XC9cL3d3dy5yb2NhbWFyLmVzXC93cC1jb250ZW50XC91cGxvYWRzXC8yMDIyXC8wNlwvYXVzdHJhbF9ibGFuY29fYXVzdHJhbF9jX21hcm1vbF9ibGFuY29fY29jaW5hLTEuanBnIiwic2xpZGVzaG93IjoiMDYxMmMwMCJ9\" href=\"\/ca\/shop\/?_marcas=austral-ca\"><figure class=\"swiper-slide-inner\"><img decoding=\"async\" class=\"swiper-slide-image\" src=\"https:\/\/www.rocamar.es\/wp-content\/uploads\/2022\/06\/austral_blanco_austral_c_marmol_blanco_cocina-1-300x221.jpg\" alt=\"austral_blanco_austral_c_marmol_blanco_cocina-1.jpg\" \/><\/figure><\/a><\/div><div class=\"swiper-slide\" role=\"group\" aria-roledescription=\"slide\" aria-label=\"3 de 3\"><a data-elementor-open-lightbox=\"yes\" data-elementor-lightbox-slideshow=\"0612c00\" data-elementor-lightbox-title=\"austral_blanco_austral_extra_marmol_blanco_cocina-1.jpg\" data-e-action-hash=\"#elementor-action%3Aaction%3Dlightbox%26settings%3DeyJpZCI6MjgyMSwidXJsIjoiaHR0cHM6XC9cL3d3dy5yb2NhbWFyLmVzXC93cC1jb250ZW50XC91cGxvYWRzXC8yMDIyXC8wNlwvYXVzdHJhbF9ibGFuY29fYXVzdHJhbF9leHRyYV9tYXJtb2xfYmxhbmNvX2NvY2luYS0xLmpwZyIsInNsaWRlc2hvdyI6IjA2MTJjMDAifQ%3D%3D\" href=\"\/ca\/shop\/?_marcas=austral-ca\"><figure class=\"swiper-slide-inner\"><img decoding=\"async\" class=\"swiper-slide-image\" src=\"https:\/\/www.rocamar.es\/wp-content\/uploads\/2022\/06\/austral_blanco_austral_extra_marmol_blanco_cocina-1-300x221.jpg\" alt=\"austral_blanco_austral_extra_marmol_blanco_cocina-1.jpg\" \/><\/figure><\/a><\/div>\t\t\t<\/div>\n\t\t\t\t\t\t\t\t\t\t\t\t<div class=\"elementor-swiper-button elementor-swiper-button-prev\" role=\"button\" tabindex=\"0\">\n\t\t\t\t\t\t<i aria-hidden=\"true\" class=\"eicon-chevron-left\"><\/i>\t\t\t\t\t<\/div>\n\t\t\t\t\t<div class=\"elementor-swiper-button elementor-swiper-button-next\" role=\"button\" tabindex=\"0\">\n\t\t\t\t\t\t<i aria-hidden=\"true\" class=\"eicon-chevron-right\"><\/i>\t\t\t\t\t<\/div>\n\t\t\t\t\n\t\t\t\t\t\t\t\t\t<\/div>\n\t\t\t\t\t\t<\/div>\n\t\t\t\t<\/div>\n\t\t\t\t\t<\/div>\n\t\t<\/div>\n\t\t\t\t\t<\/div>\n\t\t<\/section>\n\t\t\t\t<\/div>\n\t\t","protected":false},"excerpt":{"rendered":"<p>Material de gran bellesa i versatilitat Veure productes Austral El Blanc Austral \u00e9s un marbre de color blanc, de gra mitj\u00e0 i fons uniforme, presentant, amb m\u00e9s o menys intensitat, unes vetes paral\u00b7leles de color gris\/blau que li confereixen la seva singularitat. Els marbres i pedres ornamentals de l&#8217;illa de M\u00e1rmara, a Turquia, s\u00f3n materials&hellip;<\/p>\n","protected":false},"author":6,"featured_media":0,"parent":0,"menu_order":0,"comment_status":"closed","ping_status":"closed","template":"","meta":{"_acf_changed":false,"footnotes":""},"class_list":{"2":"type-page","4":"hentry"},"acf":[],"yoast_head":"<!-- This site is optimized with the Yoast SEO plugin v26.7 - https:\/\/yoast.com\/wordpress\/plugins\/seo\/ -->\n<title>Austral - Rocamar<\/title>\n<meta name=\"robots\" content=\"index, follow, max-snippet:-1, max-image-preview:large, max-video-preview:-1\" \/>\n<link rel=\"canonical\" href=\"https:\/\/www.rocamar.es\/ca\/austral\/\" \/>\n<meta property=\"og:locale\" content=\"ca_ES\" \/>\n<meta property=\"og:type\" content=\"article\" \/>\n<meta property=\"og:title\" content=\"Austral - Rocamar\" \/>\n<meta property=\"og:description\" content=\"Material de gran bellesa i versatilitat Veure productes Austral El Blanc Austral \u00e9s un marbre de color blanc, de gra mitj\u00e0 i fons uniforme, presentant, amb m\u00e9s o menys intensitat, unes vetes paral\u00b7leles de color gris\/blau que li confereixen la seva singularitat. Els marbres i pedres ornamentals de l&#8217;illa de M\u00e1rmara, a Turquia, s\u00f3n materials&hellip;\" \/>\n<meta property=\"og:url\" content=\"https:\/\/www.rocamar.es\/ca\/austral\/\" \/>\n<meta property=\"og:site_name\" content=\"Rocamar\" \/>\n<meta property=\"article:modified_time\" content=\"2023-02-06T17:24:57+00:00\" \/>\n<meta property=\"og:image\" content=\"https:\/\/www.rocamar.es\/wp-content\/uploads\/2022\/06\/logo_austral_01.svg\" \/>\n<meta name=\"twitter:card\" content=\"summary_large_image\" \/>\n<meta name=\"twitter:label1\" content=\"Temps estimat de lectura\" \/>\n\t<meta name=\"twitter:data1\" content=\"4 minuts\" \/>\n<script type=\"application\/ld+json\" class=\"yoast-schema-graph\">{\"@context\":\"https:\/\/schema.org\",\"@graph\":[{\"@type\":\"WebPage\",\"@id\":\"https:\/\/www.rocamar.es\/ca\/austral\/\",\"url\":\"https:\/\/www.rocamar.es\/ca\/austral\/\",\"name\":\"Austral - Rocamar\",\"isPartOf\":{\"@id\":\"https:\/\/www.rocamar.es\/#website\"},\"primaryImageOfPage\":{\"@id\":\"https:\/\/www.rocamar.es\/ca\/austral\/#primaryimage\"},\"image\":{\"@id\":\"https:\/\/www.rocamar.es\/ca\/austral\/#primaryimage\"},\"thumbnailUrl\":\"https:\/\/www.rocamar.es\/wp-content\/uploads\/2022\/06\/logo_austral_01.svg\",\"datePublished\":\"2022-09-16T11:26:44+00:00\",\"dateModified\":\"2023-02-06T17:24:57+00:00\",\"breadcrumb\":{\"@id\":\"https:\/\/www.rocamar.es\/ca\/austral\/#breadcrumb\"},\"inLanguage\":\"ca\",\"potentialAction\":[{\"@type\":\"ReadAction\",\"target\":[\"https:\/\/www.rocamar.es\/ca\/austral\/\"]}]},{\"@type\":\"ImageObject\",\"inLanguage\":\"ca\",\"@id\":\"https:\/\/www.rocamar.es\/ca\/austral\/#primaryimage\",\"url\":\"https:\/\/www.rocamar.es\/wp-content\/uploads\/2022\/06\/logo_austral_01.svg\",\"contentUrl\":\"https:\/\/www.rocamar.es\/wp-content\/uploads\/2022\/06\/logo_austral_01.svg\"},{\"@type\":\"BreadcrumbList\",\"@id\":\"https:\/\/www.rocamar.es\/ca\/austral\/#breadcrumb\",\"itemListElement\":[{\"@type\":\"ListItem\",\"position\":1,\"name\":\"Home\",\"item\":\"https:\/\/www.rocamar.es\/ca\/\"},{\"@type\":\"ListItem\",\"position\":2,\"name\":\"Austral\"}]},{\"@type\":\"WebSite\",\"@id\":\"https:\/\/www.rocamar.es\/#website\",\"url\":\"https:\/\/www.rocamar.es\/\",\"name\":\"Rocamar\",\"description\":\"Rocas &amp; m\u00e1rmoles\",\"potentialAction\":[{\"@type\":\"SearchAction\",\"target\":{\"@type\":\"EntryPoint\",\"urlTemplate\":\"https:\/\/www.rocamar.es\/?s={search_term_string}\"},\"query-input\":{\"@type\":\"PropertyValueSpecification\",\"valueRequired\":true,\"valueName\":\"search_term_string\"}}],\"inLanguage\":\"ca\"}]}<\/script>\n<!-- \/ Yoast SEO plugin. -->","yoast_head_json":{"title":"Austral - Rocamar","robots":{"index":"index","follow":"follow","max-snippet":"max-snippet:-1","max-image-preview":"max-image-preview:large","max-video-preview":"max-video-preview:-1"},"canonical":"https:\/\/www.rocamar.es\/ca\/austral\/","og_locale":"ca_ES","og_type":"article","og_title":"Austral - Rocamar","og_description":"Material de gran bellesa i versatilitat Veure productes Austral El Blanc Austral \u00e9s un marbre de color blanc, de gra mitj\u00e0 i fons uniforme, presentant, amb m\u00e9s o menys intensitat, unes vetes paral\u00b7leles de color gris\/blau que li confereixen la seva singularitat. Els marbres i pedres ornamentals de l&#8217;illa de M\u00e1rmara, a Turquia, s\u00f3n materials&hellip;","og_url":"https:\/\/www.rocamar.es\/ca\/austral\/","og_site_name":"Rocamar","article_modified_time":"2023-02-06T17:24:57+00:00","og_image":[{"url":"https:\/\/www.rocamar.es\/wp-content\/uploads\/2022\/06\/logo_austral_01.svg","type":"","width":"","height":""}],"twitter_card":"summary_large_image","twitter_misc":{"Temps estimat de lectura":"4 minuts"},"schema":{"@context":"https:\/\/schema.org","@graph":[{"@type":"WebPage","@id":"https:\/\/www.rocamar.es\/ca\/austral\/","url":"https:\/\/www.rocamar.es\/ca\/austral\/","name":"Austral - Rocamar","isPartOf":{"@id":"https:\/\/www.rocamar.es\/#website"},"primaryImageOfPage":{"@id":"https:\/\/www.rocamar.es\/ca\/austral\/#primaryimage"},"image":{"@id":"https:\/\/www.rocamar.es\/ca\/austral\/#primaryimage"},"thumbnailUrl":"https:\/\/www.rocamar.es\/wp-content\/uploads\/2022\/06\/logo_austral_01.svg","datePublished":"2022-09-16T11:26:44+00:00","dateModified":"2023-02-06T17:24:57+00:00","breadcrumb":{"@id":"https:\/\/www.rocamar.es\/ca\/austral\/#breadcrumb"},"inLanguage":"ca","potentialAction":[{"@type":"ReadAction","target":["https:\/\/www.rocamar.es\/ca\/austral\/"]}]},{"@type":"ImageObject","inLanguage":"ca","@id":"https:\/\/www.rocamar.es\/ca\/austral\/#primaryimage","url":"https:\/\/www.rocamar.es\/wp-content\/uploads\/2022\/06\/logo_austral_01.svg","contentUrl":"https:\/\/www.rocamar.es\/wp-content\/uploads\/2022\/06\/logo_austral_01.svg"},{"@type":"BreadcrumbList","@id":"https:\/\/www.rocamar.es\/ca\/austral\/#breadcrumb","itemListElement":[{"@type":"ListItem","position":1,"name":"Home","item":"https:\/\/www.rocamar.es\/ca\/"},{"@type":"ListItem","position":2,"name":"Austral"}]},{"@type":"WebSite","@id":"https:\/\/www.rocamar.es\/#website","url":"https:\/\/www.rocamar.es\/","name":"Rocamar","description":"Rocas &amp; m\u00e1rmoles","potentialAction":[{"@type":"SearchAction","target":{"@type":"EntryPoint","urlTemplate":"https:\/\/www.rocamar.es\/?s={search_term_string}"},"query-input":{"@type":"PropertyValueSpecification","valueRequired":true,"valueName":"search_term_string"}}],"inLanguage":"ca"}]}},"_links":{"self":[{"href":"https:\/\/www.rocamar.es\/ca\/wp-json\/wp\/v2\/pages\/2942","targetHints":{"allow":["GET"]}}],"collection":[{"href":"https:\/\/www.rocamar.es\/ca\/wp-json\/wp\/v2\/pages"}],"about":[{"href":"https:\/\/www.rocamar.es\/ca\/wp-json\/wp\/v2\/types\/page"}],"author":[{"embeddable":true,"href":"https:\/\/www.rocamar.es\/ca\/wp-json\/wp\/v2\/users\/6"}],"replies":[{"embeddable":true,"href":"https:\/\/www.rocamar.es\/ca\/wp-json\/wp\/v2\/comments?post=2942"}],"version-history":[{"count":0,"href":"https:\/\/www.rocamar.es\/ca\/wp-json\/wp\/v2\/pages\/2942\/revisions"}],"wp:attachment":[{"href":"https:\/\/www.rocamar.es\/ca\/wp-json\/wp\/v2\/media?parent=2942"}],"curies":[{"name":"wp","href":"https:\/\/api.w.org\/{rel}","templated":true}]}}